{"id":4174,"date":"2019-04-26T20:32:32","date_gmt":"2019-04-26T17:32:32","guid":{"rendered":"https:\/\/mydrink.ee\/product\/wenneker-24-carrot-24-70cl\/"},"modified":"2019-04-26T20:32:32","modified_gmt":"2019-04-26T17:32:32","slug":"wenneker-24-carrot-24-70cl","status":"publish","type":"product","link":"https:\/\/mydrink.ee\/fi\/product\/wenneker-24-carrot-24-70cl\/","title":{"rendered":"WENNEKER 24 CARROT 24% 70CL"},"content":{"rendered":"<p style=\"margin-bottom: 1.47em; line-height: 1.8; margin-top: -15px; color: #000000; font-family: open-sans, sans-serif; font-size: 14px; font-style: normal; font-variant-ligatures: normal; font-variant-caps: normal; font-weight: 400; letter-spacing: normal; orphans: 2; text-align: justify; text-indent: 0px; text-transform: none; white-space: normal; widows: 2; word-spacing: 0px; -webkit-text-stroke-width: 0px; background-color: #ffffff; text-decoration-thickness: initial; text-decoration-style: initial; text-decoration-color: initial;\">Porgandilik\u00f6\u00f6r.<\/p>\n<p style=\"margin-bottom: 1.47em; line-height: 1.8; color: #000000; font-family: open-sans, sans-serif; font-size: 14px; font-style: normal; font-variant-ligatures: normal; font-variant-caps: normal; font-weight: 400; letter-spacing: normal; orphans: 2; text-align: justify; text-indent: 0px; text-transform: none; white-space: normal; widows: 2; word-spacing: 0px; -webkit-text-stroke-width: 0px; background-color: #ffffff; text-decoration-thickness: initial; text-decoration-style: initial; text-decoration-color: initial;\"><em>Wenneker 24 Carrot on t\u00e4iesti innovaatiline toode alkohoolsete jookide maastikul.<\/em><em><span>\u00a0<\/span>Kujutage vaid ette varajast suvehommikut ja v\u00e4rsket,\u00a0liivasest pinnasest v\u00e4lja nopitud porgandit \u2013\u00a0see on elamus, mille tunnete koheselt \u00e4ra, kui maitsete Wenneker 24 porgandilik\u00f6\u00f6ri.\u00a0K<\/em><em>arges maitses v\u00f5ib tajuda mulda,\u00a0rohtu ning\u00a0see viib teid\u00a0 otse looduse r\u00fcppe \u2013 t\u00e4pselt nende m\u00e4lestuste juurde,\u00a0millisena meenuvad teile\u00a0k\u00f6\u00f6giviljad vanaisa aiast, varajasest lapsep\u00f5lvest. Wenneker 24 Carrot porgandilik\u00f6\u00f6r k\u00f5ditab keelt ja selle j\u00e4relmaitses v\u00f5ib tunda v\u00fcrtsikat v\u00e4rskust.<br \/>Serveerige seda puhtalt j\u00e4\u00e4ga, j\u00e4\u00e4k\u00fclma proseccoga v\u00f5i erinevates kokteilides.<\/em><\/p>","protected":false},"excerpt":{"rendered":"<p>Tooteliik:\tLik\u00f6\u00f6r<br \/>\nP\u00e4ritolumaa:\tHolland<br \/>\nAlkoholisisaldus:\t24%<br \/>\nV\u00e4rvus:\tErk oran\u017e, l\u00e4bipaistmatu.<br \/>\nAroom:\tTugevalt tunda v\u00e4rskelt korjatud porgandit.<br \/>\nMaitse:\tV\u00fcrtsikalt v\u00e4rske, karge ja magus.<br \/>\nToidusoovitus:\tPuhtlat j\u00e4\u00e4ga ning kokteilidesse.<\/p>","protected":false},"featured_media":4173,"template":"","meta":{"_acf_changed":false,"_kadence_starter_templates_imported_post":false,"_kad_post_transparent":"","_kad_post_title":"","_kad_post_layout":"","_kad_post_sidebar_id":"","_kad_post_content_style":"","_kad_post_vertical_padding":"","_kad_post_feature":"","_kad_post_feature_position":"","_kad_post_header":false,"_kad_post_footer":false},"product_brand":[],"product_cat":[43],"product_tag":[],"class_list":{"0":"post-4174","1":"product","2":"type-product","3":"status-publish","4":"has-post-thumbnail","6":"product_cat-likoor","8":"first","9":"instock","10":"taxable","11":"shipping-taxable","12":"purchasable","13":"product-type-simple","14":"entry","15":"content-bg","16":"loop-entry"},"acf":[],"_links":{"self":[{"href":"https:\/\/mydrink.ee\/fi\/wp-json\/wp\/v2\/product\/4174","targetHints":{"allow":["GET"]}}],"collection":[{"href":"https:\/\/mydrink.ee\/fi\/wp-json\/wp\/v2\/product"}],"about":[{"href":"https:\/\/mydrink.ee\/fi\/wp-json\/wp\/v2\/types\/product"}],"wp:featuredmedia":[{"embeddable":true,"href":"https:\/\/mydrink.ee\/fi\/wp-json\/wp\/v2\/media\/4173"}],"wp:attachment":[{"href":"https:\/\/mydrink.ee\/fi\/wp-json\/wp\/v2\/media?parent=4174"}],"wp:term":[{"taxonomy":"product_brand","embeddable":true,"href":"https:\/\/mydrink.ee\/fi\/wp-json\/wp\/v2\/product_brand?post=4174"},{"taxonomy":"product_cat","embeddable":true,"href":"https:\/\/mydrink.ee\/fi\/wp-json\/wp\/v2\/product_cat?post=4174"},{"taxonomy":"product_tag","embeddable":true,"href":"https:\/\/mydrink.ee\/fi\/wp-json\/wp\/v2\/product_tag?post=4174"}],"curies":[{"name":"wp","href":"https:\/\/api.w.org\/{rel}","templated":true}]}}