{"id":4229,"date":"2020-02-11T23:31:17","date_gmt":"2020-02-11T21:31:17","guid":{"rendered":"https:\/\/mydrink.ee\/product\/hartwall-original-long-drink-orange-5-5-vol-33cl-x-24\/"},"modified":"2026-03-23T15:31:26","modified_gmt":"2026-03-23T13:31:26","slug":"hartwall-original-long-drink-orange-5-5-vol-33cl-x-24","status":"publish","type":"product","link":"https:\/\/mydrink.ee\/fi\/product\/hartwall-original-long-drink-orange-5-5-vol-33cl-x-24\/","title":{"rendered":"Hartwall Original Long Drink Orange 5,5% vol 33CL x 24"},"content":{"rendered":"<p style=\"margin-bottom: 1.47em; line-height: 1.8; color: #000000; font-family: open-sans, sans-serif; font-size: 14px; font-style: normal; font-variant-ligatures: normal; font-variant-caps: normal; font-weight: 400; letter-spacing: normal; orphans: 2; text-align: justify; text-indent: 0px; text-transform: none; white-space: normal; widows: 2; word-spacing: 0px; -webkit-text-stroke-width: 0px; background-color: #ffffff; text-decoration-style: initial; text-decoration-color: initial;\">See on v\u00e4rske, rohkelt m\u00f5nusa m\u00f5rudusega\u00a0apelsinimaitseline\u00a0<em>long drink<\/em>.<br \/>Nagu k\u00f5ik teisedki Hartwall Original Long Drink\u2019id on ka see toode j\u00e4tkuvalt valmistatud \u00f5igel meetodil, st kokku segatud ehtsast d\u017einnist.<\/p>\n\n<style>.wp-block-kadence-advancedheading.kt-adv-heading4229_31a793-17_0, .wp-block-kadence-advancedheading.kt-adv-heading4229_31a793-17_0[data-kb-block=\"kb-adv-heading4229_31a793-17_0\"]{font-style:normal;}.wp-block-kadence-advancedheading.kt-adv-heading4229_31a793-17_0 mark.kt-highlight, .wp-block-kadence-advancedheading.kt-adv-heading4229_31a793-17_0[data-kb-block=\"kb-adv-heading4229_31a793-17_0\"] mark.kt-highlight{font-style:normal;color:#f76a0c;-webkit-box-decoration-break:clone;box-decoration-break:clone;padding-top:0px;padding-right:0px;padding-bottom:0px;padding-left:0px;}<\/style>\n<h4 class=\"kt-adv-heading4229_31a793-17_0 wp-block-kadence-advancedheading has-theme-palette-9-color has-text-color\" data-kb-block=\"kb-adv-heading4229_31a793-17_0\">long drink<\/h4>","protected":false},"excerpt":{"rendered":"<p>Liik: Long Drink<br \/>\nKastis: 24<br \/>\nMaht: 7,92L<br \/>\nAlkoholisisaldus: 5,5% vol<br \/>\nP\u00e4ritolumaa: Soome<br \/>\nServeerimine: Jahutatult<\/p>\n<p><span style=\"color: #ff0000;\">HUOM! Yhteen pakettiin mahtuu 3 (kolme) sellaista tuotetta.<\/span><\/p>","protected":false},"featured_media":4228,"template":"","meta":{"_acf_changed":false,"_kadence_starter_templates_imported_post":false,"_kad_post_transparent":"","_kad_post_title":"","_kad_post_layout":"","_kad_post_sidebar_id":"","_kad_post_content_style":"","_kad_post_vertical_padding":"","_kad_post_feature":"","_kad_post_feature_position":"","_kad_post_header":false,"_kad_post_footer":false},"product_brand":[],"product_cat":[90,256,232,110,25,91],"product_tag":[272],"class_list":{"0":"post-4229","1":"product","2":"type-product","3":"status-publish","4":"has-post-thumbnail","6":"product_cat-long-drink","7":"product_cat-lahja-alkohol","8":"product_cat-pandipakend","9":"product_cat-pakkumised","10":"product_cat-olu-siider-long-drink","11":"product_cat-ohooo","12":"product_tag-htw33ale","14":"first","15":"instock","16":"sale","17":"taxable","18":"shipping-taxable","19":"purchasable","20":"product-type-simple","21":"entry","22":"content-bg","23":"loop-entry"},"acf":[],"_links":{"self":[{"href":"https:\/\/mydrink.ee\/fi\/wp-json\/wp\/v2\/product\/4229","targetHints":{"allow":["GET"]}}],"collection":[{"href":"https:\/\/mydrink.ee\/fi\/wp-json\/wp\/v2\/product"}],"about":[{"href":"https:\/\/mydrink.ee\/fi\/wp-json\/wp\/v2\/types\/product"}],"wp:featuredmedia":[{"embeddable":true,"href":"https:\/\/mydrink.ee\/fi\/wp-json\/wp\/v2\/media\/4228"}],"wp:attachment":[{"href":"https:\/\/mydrink.ee\/fi\/wp-json\/wp\/v2\/media?parent=4229"}],"wp:term":[{"taxonomy":"product_brand","embeddable":true,"href":"https:\/\/mydrink.ee\/fi\/wp-json\/wp\/v2\/product_brand?post=4229"},{"taxonomy":"product_cat","embeddable":true,"href":"https:\/\/mydrink.ee\/fi\/wp-json\/wp\/v2\/product_cat?post=4229"},{"taxonomy":"product_tag","embeddable":true,"href":"https:\/\/mydrink.ee\/fi\/wp-json\/wp\/v2\/product_tag?post=4229"}],"curies":[{"name":"wp","href":"https:\/\/api.w.org\/{rel}","templated":true}]}}