{"id":4286,"date":"2020-10-09T06:38:51","date_gmt":"2020-10-09T03:38:51","guid":{"rendered":"https:\/\/mydrink.ee\/product\/red-bull-25cl-x-24\/"},"modified":"2025-09-25T10:24:08","modified_gmt":"2025-09-25T07:24:08","slug":"red-bull-25cl-x-24","status":"publish","type":"product","link":"https:\/\/mydrink.ee\/fi\/product\/red-bull-25cl-x-24\/","title":{"rendered":"RED BULL 25CL x 24"},"content":{"rendered":"<p>Energiajook Red Bull on unikaalse koostisega funktsionaalne jook. See on loodud spetsiaalselt kasutamiseks k\u00f5rgendatud vaimse ja f\u00fc\u00fcsilise koormuse korral.<br \/>\n Energiajook Red Bull v\u00e4rskendab keha ja vaimu.<\/p>\n<p> Red Bulli toimet hindavad k\u00f5rgelt tippsportlased, iga ala elukutselised, tudengid ja pikamaajuhid \u00fcle kogu maailma.<\/p>","protected":false},"excerpt":{"rendered":"<p>Liik:\tMittealkohoolne jook, energiajook<br \/>\nKastis:\t24<br \/>\nMaht:\t6L<br \/>\nP\u00e4ritolumaa:\tAustria<\/p>","protected":false},"featured_media":4285,"template":"","meta":{"_acf_changed":false,"_kadence_starter_templates_imported_post":false,"_kad_post_transparent":"","_kad_post_title":"","_kad_post_layout":"","_kad_post_sidebar_id":"","_kad_post_content_style":"","_kad_post_vertical_padding":"","_kad_post_feature":"","_kad_post_feature_position":"","_kad_post_header":false,"_kad_post_footer":false},"product_brand":[],"product_cat":[232,167,25,109],"product_tag":[],"class_list":{"0":"post-4286","1":"product","2":"type-product","3":"status-publish","4":"has-post-thumbnail","6":"product_cat-pandipakend","7":"product_cat-energiajoogid","8":"product_cat-olu-siider-long-drink","9":"product_cat-alkoholivaba","11":"first","12":"instock","13":"taxable","14":"shipping-taxable","15":"purchasable","16":"product-type-simple","17":"entry","18":"content-bg","19":"loop-entry"},"acf":[],"_links":{"self":[{"href":"https:\/\/mydrink.ee\/fi\/wp-json\/wp\/v2\/product\/4286","targetHints":{"allow":["GET"]}}],"collection":[{"href":"https:\/\/mydrink.ee\/fi\/wp-json\/wp\/v2\/product"}],"about":[{"href":"https:\/\/mydrink.ee\/fi\/wp-json\/wp\/v2\/types\/product"}],"wp:featuredmedia":[{"embeddable":true,"href":"https:\/\/mydrink.ee\/fi\/wp-json\/wp\/v2\/media\/4285"}],"wp:attachment":[{"href":"https:\/\/mydrink.ee\/fi\/wp-json\/wp\/v2\/media?parent=4286"}],"wp:term":[{"taxonomy":"product_brand","embeddable":true,"href":"https:\/\/mydrink.ee\/fi\/wp-json\/wp\/v2\/product_brand?post=4286"},{"taxonomy":"product_cat","embeddable":true,"href":"https:\/\/mydrink.ee\/fi\/wp-json\/wp\/v2\/product_cat?post=4286"},{"taxonomy":"product_tag","embeddable":true,"href":"https:\/\/mydrink.ee\/fi\/wp-json\/wp\/v2\/product_tag?post=4286"}],"curies":[{"name":"wp","href":"https:\/\/api.w.org\/{rel}","templated":true}]}}