{"id":4296,"date":"2025-10-30T19:12:25","date_gmt":"2025-10-30T17:12:25","guid":{"rendered":"https:\/\/mydrink.ee\/?post_type=product&#038;p=4296"},"modified":"2025-11-21T14:20:57","modified_gmt":"2025-11-21T12:20:57","slug":"maxime-trijol-fins-bois-vintage-1975-40-vol-box-70cl-disabled","status":"publish","type":"product","link":"https:\/\/mydrink.ee\/fi\/product\/maxime-trijol-fins-bois-vintage-1975-40-vol-box-70cl-disabled\/","title":{"rendered":"Maxime Trijol Fins Bois Vintage 1975 40% vol BOX 70CL"},"content":{"rendered":"<p>TASTING COMMENTS<br \/>\nA brown amber color with golden highlights. Nose is round and complex. Floral notes are expressed with also spicy ones, vanilla and cedar wood. Notes of dried fruits, almonds and a final cigar box.<br \/>\nBeautiful structure. White fruit notes. Very well balanced !<br \/>\nLingering aroma. A beutiful cognac !<\/p>\n<p>TASTING SUGGESTIONS<br \/>\nAt the end of the meal neat at about 20\u00b0C (70\u00b0F)<\/p>","protected":false},"excerpt":{"rendered":"<p>Liik: Kange alkohol, Konjak<br \/>\nKastis: 12<br \/>\nMaht: 70CL<br \/>\nAlkoholisisaldus: 40% vol<br \/>\nP\u00e4ritolumaa: Prantsusmaa<br \/>\nV\u00e4rvus: Heledamat mahagoni tooni konjak.<br \/>\nAroom: tugevad vanilje noodid, p\u00f5imumas valgete lillede ja seedripuuga. Taamal tunda ka tubaka ja sigarikarpi aroomi.<br \/>\nMaitse: Seguneb rikkalik vanilje magusate v\u00fcrtside ja muskaatp\u00e4hkliga. Kaunis tammine j\u00e4relmaitse.<\/p>\n<p>Fins Bois piirkonna eau-de- vie annab iseloomu 1970- date aastak\u00e4igu konjakitele. Kauni viimistluse on nad saanud Prantsuse tammevaadis.<\/p>","protected":false},"featured_media":4295,"template":"","meta":{"_acf_changed":false,"_kadence_starter_templates_imported_post":false,"_kad_post_transparent":"","_kad_post_title":"","_kad_post_layout":"","_kad_post_sidebar_id":"","_kad_post_content_style":"","_kad_post_vertical_padding":"","_kad_post_feature":"","_kad_post_feature_position":"","_kad_post_header":false,"_kad_post_footer":false},"product_brand":[],"product_cat":[42,112,26,22],"product_tag":[],"class_list":{"0":"post-4296","1":"product","2":"type-product","3":"status-publish","4":"has-post-thumbnail","6":"product_cat-konjak","7":"product_cat-konjak-1","8":"product_cat-kange-alkohol","9":"product_cat-kingiideed","11":"first","12":"instock","13":"taxable","14":"shipping-taxable","15":"purchasable","16":"product-type-simple","17":"entry","18":"content-bg","19":"loop-entry"},"acf":[],"_links":{"self":[{"href":"https:\/\/mydrink.ee\/fi\/wp-json\/wp\/v2\/product\/4296","targetHints":{"allow":["GET"]}}],"collection":[{"href":"https:\/\/mydrink.ee\/fi\/wp-json\/wp\/v2\/product"}],"about":[{"href":"https:\/\/mydrink.ee\/fi\/wp-json\/wp\/v2\/types\/product"}],"wp:featuredmedia":[{"embeddable":true,"href":"https:\/\/mydrink.ee\/fi\/wp-json\/wp\/v2\/media\/4295"}],"wp:attachment":[{"href":"https:\/\/mydrink.ee\/fi\/wp-json\/wp\/v2\/media?parent=4296"}],"wp:term":[{"taxonomy":"product_brand","embeddable":true,"href":"https:\/\/mydrink.ee\/fi\/wp-json\/wp\/v2\/product_brand?post=4296"},{"taxonomy":"product_cat","embeddable":true,"href":"https:\/\/mydrink.ee\/fi\/wp-json\/wp\/v2\/product_cat?post=4296"},{"taxonomy":"product_tag","embeddable":true,"href":"https:\/\/mydrink.ee\/fi\/wp-json\/wp\/v2\/product_tag?post=4296"}],"curies":[{"name":"wp","href":"https:\/\/api.w.org\/{rel}","templated":true}]}}