{"id":4334,"date":"2021-03-08T10:19:49","date_gmt":"2021-03-08T08:19:49","guid":{"rendered":"https:\/\/mydrink.ee\/product\/arran-sherry-cask-single-malt-scotch-whisky-55-8-70cl-tuubis\/"},"modified":"2025-11-21T13:59:38","modified_gmt":"2025-11-21T11:59:38","slug":"arran-sherry-cask-single-malt-scotch-whisky-55-8-70cl-tuubis","status":"publish","type":"product","link":"https:\/\/mydrink.ee\/fi\/product\/arran-sherry-cask-single-malt-scotch-whisky-55-8-70cl-tuubis\/","title":{"rendered":"ARRAN SHERRY CASK SINGLE MALT SCOTCH WHISKY 55,8% 70CL TUUBIS"},"content":{"rendered":"<h2 style=\"font-weight: 300; margin-bottom: 1.1em; font-size: 30px; color: #0c4692; font-family: open-sans, sans-serif; font-style: normal; font-variant-ligatures: normal; font-variant-caps: normal; letter-spacing: normal; orphans: 2; text-align: justify; text-indent: 0px; text-transform: none; white-space: normal; widows: 2; word-spacing: 0px; -webkit-text-stroke-width: 0px; background-color: #ffffff; text-decoration-thickness: initial; text-decoration-style: initial; text-decoration-color: initial;\">Kirjeldus<\/h2>\n<p style=\"margin-bottom: 1.47em; line-height: 1.8; margin-top: -15px; color: #000000; font-family: open-sans, sans-serif; font-size: 14px; font-style: normal; font-variant-ligatures: normal; font-variant-caps: normal; font-weight: 400; letter-spacing: normal; orphans: 2; text-align: justify; text-indent: 0px; text-transform: none; white-space: normal; widows: 2; word-spacing: 0px; -webkit-text-stroke-width: 0px; background-color: #ffffff; text-decoration-thickness: initial; text-decoration-style: initial; text-decoration-color: initial;\">Sherry Cask<span>\u00a0<\/span><em>\u201cThe Bodega\u201d<\/em><span>\u00a0<\/span>on h\u00e4mmastav uus lisand Arrani viskivalikus. Suurep\u00e4rane valik neile, kes otsivad maitsek\u00fcllast \u00fchelinnaseviskit. Luksuslik,\u00a0 elegantne ja mitmekihiline. K\u00fcpsenud orienteerivalt 8 aastat uutes sherri \u201cHogshead\u201d vaatides.<\/p>\n<p style=\"margin-bottom: 1.47em; line-height: 1.8; color: #000000; font-family: open-sans, sans-serif; font-size: 14px; font-style: normal; font-variant-ligatures: normal; font-variant-caps: normal; font-weight: 400; letter-spacing: normal; orphans: 2; text-align: justify; text-indent: 0px; text-transform: none; white-space: normal; widows: 2; word-spacing: 0px; -webkit-text-stroke-width: 0px; background-color: #ffffff; text-decoration-thickness: initial; text-decoration-style: initial; text-decoration-color: initial;\"><em>Arran Single Malt \u0160oti viski s\u00fcndis kaunil Arrani saarel. Saar on Atlandi ookeani maru eest peidus \u201cKintyre\u201d-i poolsaare taga.<br \/><\/em><em>Arran Distillery asutaja Harold Currie otsustas 1993ndal aastal saare p\u00f5hjaosas t\u00f6\u00f6le panna esimese legaalse destilleerimisvabriku aastast 1836. P\u00f5hjuse selleks andis \u201cLoch Na Davie\u201d m\u00e4gedes avastatud veeallikas.<br \/><\/em><em>Uue tehase ehitus tuli peatada kui kaks Kuldset Kotkast otsustasid oma pesa teha destilleerimispaja otsa. Nad k\u00fclastavad seda asukohta siiani, vaadates k\u00f5rgustest alla oma vanale h\u00e4llile.<\/em><\/p>\n<p style=\"margin-bottom: 1.47em; line-height: 1.8; color: #000000; font-family: open-sans, sans-serif; font-size: 14px; font-style: normal; font-variant-ligatures: normal; font-variant-caps: normal; font-weight: 400; letter-spacing: normal; orphans: 2; text-align: justify; text-indent: 0px; text-transform: none; white-space: normal; widows: 2; word-spacing: 0px; -webkit-text-stroke-width: 0px; background-color: #ffffff; text-decoration-thickness: initial; text-decoration-style: initial; text-decoration-color: initial;\"><em>Arran viskimaja on iseseisev ja traditsioonilisi meetmeid modernses v\u00f5tmes kasutav ettev\u00f5te.<\/em><\/p>","protected":false},"excerpt":{"rendered":"<p>Tooteliik:\tViski<br \/>\nP\u00e4ritolumaa:\t\u0160otimaa<br \/>\nAlkoholisisaldus:\t55,8%<br \/>\nV\u00e4rvus:\t\u00d5lgkollane<br \/>\nAroom:\tToffee, magusad v\u00fcrtsid ja puuviljad<br \/>\nMaitse:\tK\u00fcpse viigimarja soojus koos magusa kirsiga annab luksusliku ja rafineeritud maitse, mis aitab leida tasakaalu v\u00f5imsa sherrivaadi ja peene Arrani vahel.<br \/>\nJ\u00e4relmaitse: Tunda tumedat \u0161okolaadi, mandariini ja k\u00fcpset viigimarja.<\/p>","protected":false},"featured_media":4333,"template":"","meta":{"_acf_changed":false,"_kadence_starter_templates_imported_post":false,"_kad_post_transparent":"","_kad_post_title":"","_kad_post_layout":"","_kad_post_sidebar_id":"","_kad_post_content_style":"","_kad_post_vertical_padding":"","_kad_post_feature":"","_kad_post_feature_position":"","_kad_post_header":false,"_kad_post_footer":false},"product_brand":[],"product_cat":[111,45,26,22],"product_tag":[],"class_list":{"0":"post-4334","1":"product","2":"type-product","3":"status-publish","4":"has-post-thumbnail","6":"product_cat-viski-1","7":"product_cat-viski","8":"product_cat-kange-alkohol","9":"product_cat-kingiideed","11":"first","12":"instock","13":"taxable","14":"shipping-taxable","15":"purchasable","16":"product-type-simple","17":"entry","18":"content-bg","19":"loop-entry"},"acf":[],"_links":{"self":[{"href":"https:\/\/mydrink.ee\/fi\/wp-json\/wp\/v2\/product\/4334","targetHints":{"allow":["GET"]}}],"collection":[{"href":"https:\/\/mydrink.ee\/fi\/wp-json\/wp\/v2\/product"}],"about":[{"href":"https:\/\/mydrink.ee\/fi\/wp-json\/wp\/v2\/types\/product"}],"wp:featuredmedia":[{"embeddable":true,"href":"https:\/\/mydrink.ee\/fi\/wp-json\/wp\/v2\/media\/4333"}],"wp:attachment":[{"href":"https:\/\/mydrink.ee\/fi\/wp-json\/wp\/v2\/media?parent=4334"}],"wp:term":[{"taxonomy":"product_brand","embeddable":true,"href":"https:\/\/mydrink.ee\/fi\/wp-json\/wp\/v2\/product_brand?post=4334"},{"taxonomy":"product_cat","embeddable":true,"href":"https:\/\/mydrink.ee\/fi\/wp-json\/wp\/v2\/product_cat?post=4334"},{"taxonomy":"product_tag","embeddable":true,"href":"https:\/\/mydrink.ee\/fi\/wp-json\/wp\/v2\/product_tag?post=4334"}],"curies":[{"name":"wp","href":"https:\/\/api.w.org\/{rel}","templated":true}]}}