{"id":4364,"date":"2025-11-27T12:34:55","date_gmt":"2025-11-27T10:34:55","guid":{"rendered":"https:\/\/mydrink.ee\/?post_type=product&#038;p=4364"},"modified":"2025-11-27T18:03:33","modified_gmt":"2025-11-27T16:03:33","slug":"piper-heidsieck-rare-2006-12-75cl-disabled-2","status":"publish","type":"product","link":"https:\/\/mydrink.ee\/fi\/product\/piper-heidsieck-rare-2006-12-75cl-disabled-2\/","title":{"rendered":"RARE CHAMPAGNE ROSE 2008 12% vol 75CL BOX"},"content":{"rendered":"<style>.wp-block-kadence-advancedheading.kt-adv-heading4364_bef010-26, .wp-block-kadence-advancedheading.kt-adv-heading4364_bef010-26[data-kb-block=\"kb-adv-heading4364_bef010-26\"]{font-style:normal;}.wp-block-kadence-advancedheading.kt-adv-heading4364_bef010-26 mark.kt-highlight, .wp-block-kadence-advancedheading.kt-adv-heading4364_bef010-26[data-kb-block=\"kb-adv-heading4364_bef010-26\"] mark.kt-highlight{font-style:normal;color:#f76a0c;-webkit-box-decoration-break:clone;box-decoration-break:clone;padding-top:0px;padding-right:0px;padding-bottom:0px;padding-left:0px;}<\/style>\n<p class=\"kt-adv-heading4364_bef010-26 wp-block-kadence-advancedheading\" data-kb-block=\"kb-adv-heading4364_bef010-26\"><\/p>","protected":false},"excerpt":{"rendered":"<p><strong>Aastak\u00e4ik<\/strong><strong>: <\/strong>2008<br \/>\n<strong>P\u00e4ritolumaa: <\/strong>Prantsusmaa<strong><br \/>\n<strong>Piirkond<\/strong>: <\/strong>Champagne<br \/>\n<strong>Viinamarjasort<\/strong>:70% Chardonnay; 30% Pinot Noir<br \/>\n<strong><strong>Valmistamine<\/strong>: <\/strong>Igat aastak\u00e4iku toodetakse limiteeritud kogustes\u200b.See \u00fchendab kolm olulist parameetrit:\u200bt\u00f5eliselt ebatavaline aasta\u200b; Regis Camus\u2019e (veinimeistri) asjatundlikkus; optimaalsetes tingimustes laagerdumine pudelis \u2013 v\u00e4hemalt 8 aastat \u200b<strong><br \/>\n<strong>Alkoholisisaldus<\/strong><\/strong>: 12% vol<br \/>\n<strong>V\u00e4rvus<\/strong>: Sillerdavalt kuldse v\u00e4rvusega, roheka alatooniga<br \/>\n<strong>Aroom<\/strong>: Troopiline ja eristuv. Esile t\u00f5usevad mesised ja idamaised noodid, mis on ahvatluseks k\u00f5igile toidu- ja veinigurmaanidele. \u00c4\u00e4rmiselt v\u00e4jendusrikkad mango, valge \u0161okolaadi, kakao, kohvi, troopiliste puuviljade ja kaneeli aroomid annavad tunnistust selle aastak\u00e4igu keerukusest ja j\u00f5ulisusest. Jasmiini tee aroom, mis on omane Rare Champagne stiilile, sillutab teed j\u00e4rk-j\u00e4rgult esile kerkivale mineraalsusele. \u200b<br \/>\n<strong>Maitse<\/strong>: L\u00f5putult rikkalik ja kutsuv. K\u00f5igile maitsemeeltele avaldab muljet erakordselt pikk j\u00e4relmaitse. Mocha ja kakaotolmuga kaetud cappuccino noodid annavad kinnitust peenele mineraalsusele. Kuivatatud aprikoos, magusad v\u00fcrtsid, vanilje, sidrun ning laim \u00fcmbritsevad suulae idamaise ja suitsuse soojusega. Pikk ja kauakestev j\u00e4relmaitse.\u200b<br \/>\n<strong>Toidusoovitus<\/strong>: Roheline spargel kartulivahuga\u200b Vasikaliha ja langustiinid\u200b<\/p>","protected":false},"featured_media":8590,"template":"","meta":{"_acf_changed":false,"_kadence_starter_templates_imported_post":false,"_kad_post_transparent":"","_kad_post_title":"","_kad_post_layout":"","_kad_post_sidebar_id":"","_kad_post_content_style":"","_kad_post_vertical_padding":"","_kad_post_feature":"","_kad_post_feature_position":"","_kad_post_header":false,"_kad_post_footer":false},"product_brand":[],"product_cat":[115,122,24,22],"product_tag":[],"class_list":{"0":"post-4364","1":"product","2":"type-product","3":"status-publish","4":"has-post-thumbnail","6":"product_cat-shampanja","7":"product_cat-shampanjad","8":"product_cat-vahuveinid","9":"product_cat-kingiideed","11":"first","12":"instock","13":"taxable","14":"shipping-taxable","15":"purchasable","16":"product-type-simple","17":"entry","18":"content-bg","19":"loop-entry"},"acf":[],"_links":{"self":[{"href":"https:\/\/mydrink.ee\/fi\/wp-json\/wp\/v2\/product\/4364","targetHints":{"allow":["GET"]}}],"collection":[{"href":"https:\/\/mydrink.ee\/fi\/wp-json\/wp\/v2\/product"}],"about":[{"href":"https:\/\/mydrink.ee\/fi\/wp-json\/wp\/v2\/types\/product"}],"wp:featuredmedia":[{"embeddable":true,"href":"https:\/\/mydrink.ee\/fi\/wp-json\/wp\/v2\/media\/8590"}],"wp:attachment":[{"href":"https:\/\/mydrink.ee\/fi\/wp-json\/wp\/v2\/media?parent=4364"}],"wp:term":[{"taxonomy":"product_brand","embeddable":true,"href":"https:\/\/mydrink.ee\/fi\/wp-json\/wp\/v2\/product_brand?post=4364"},{"taxonomy":"product_cat","embeddable":true,"href":"https:\/\/mydrink.ee\/fi\/wp-json\/wp\/v2\/product_cat?post=4364"},{"taxonomy":"product_tag","embeddable":true,"href":"https:\/\/mydrink.ee\/fi\/wp-json\/wp\/v2\/product_tag?post=4364"}],"curies":[{"name":"wp","href":"https:\/\/api.w.org\/{rel}","templated":true}]}}