{"id":4416,"date":"2021-10-21T14:35:43","date_gmt":"2021-10-21T11:35:43","guid":{"rendered":"https:\/\/mydrink.ee\/product\/j-p-chenet-grande-noblesse-french-brandy-36-vol-200cl-bib\/"},"modified":"2021-10-21T14:35:43","modified_gmt":"2021-10-21T11:35:43","slug":"j-p-chenet-grande-noblesse-french-brandy-36-vol-200cl-bib","status":"publish","type":"product","link":"https:\/\/mydrink.ee\/fi\/product\/j-p-chenet-grande-noblesse-french-brandy-36-vol-200cl-bib\/","title":{"rendered":"J.P.Chenet Grande Noblesse French Brandy 36% vol 200CL BIB"},"content":{"rendered":"<p style=\"box-sizing: border-box; margin: 0px 0px 9px; color: #656361; font-family: 'Open Sans', sans-serif; font-size: 13px; font-style: normal; font-variant-ligatures: normal; font-variant-caps: normal; font-weight: 400; letter-spacing: normal; orphans: 2; text-align: start; text-indent: 0px; text-transform: none; white-space: normal; widows: 2; word-spacing: 0px; -webkit-text-stroke-width: 0px; background-color: #ffffff; text-decoration-thickness: initial; text-decoration-style: initial; text-decoration-color: initial;\">J.P. Chenet veinibr\u00e4nd loodi aastal 1984 Prantsusmaal. Joseph Helfrich disainis omap\u00e4rase ja eristuva veinipudeli, millele ta pani nimeks Josephine. K\u00f5vera kaelaga veinipudel sai kohe tarbijate lemmikuks ning nii s\u00fcndiski uus veinibr\u00e4nd, mis sai nimeks J.P. Chenet. <br \/>Tootesarja laiendati aastal 1994, mil hakati lisaks 75cl veinidele tootma ka v\u00e4ikses m\u00f5\u00f5dus veine, kuna sellises m\u00f5\u00f5dus veinide tarbimise n\u00f5udlus j\u00e4rjest kasvas. J.P. Chenet tootesarja kuuluvad lisaks veinidele ka J.P. Chenet vahuveinid ja J.P. Chenet brandyd. <br \/>T\u00e4naseks on J.P. Chenet veinid saadaval juba 160 riigis \u00fcle maailma. J.P. Chenet veinid on saadaval k\u00f5ikides h\u00e4stivarustatud kauplustes!<\/p>\n<p style=\"box-sizing: border-box; margin: 0px 0px 9px; color: #656361; font-family: 'Open Sans', sans-serif; font-size: 13px; font-style: normal; font-variant-ligatures: normal; font-variant-caps: normal; font-weight: 400; letter-spacing: normal; orphans: 2; text-align: start; text-indent: 0px; text-transform: none; white-space: normal; widows: 2; word-spacing: 0px; -webkit-text-stroke-width: 0px; background-color: #ffffff; text-decoration-thickness: initial; text-decoration-style: initial; text-decoration-color: initial;\">Tootja koduleht:<span>\u00a0<\/span><a href=\"http:\/\/www.jpchenet.com\/\" style=\"box-sizing: border-box; background-color: transparent; color: #8e1934; text-decoration: none; outline: 0px;\" target=\"_blank\" rel=\"noopener\">http:\/\/www.jpchenet.com\/<\/a><\/p>","protected":false},"excerpt":{"rendered":"<p>Liik: Brandy<br \/>Maht: 200CL<br \/>Kastis: 4<br \/>Alkoholisisaldus: 36% vol<br \/>P&auml;ritolumaa: Prantsusmaa<br \/>V&auml;rvus: V&auml;rvuselt kuldne, merevaigu tooni. <br \/>Aroom: Tunda on kergelt kuivatatud ahju&otilde;una noote ja peitsitud tammepuitu. <br \/>Maitse: Mahe ja pehme ning kergelt v&uuml;rtsika l&otilde;punoodiga brandy.<br \/>Tarbimissoovitus: Nautida puhtalt, j&auml;&auml;ga v&otilde;i kasutada erinevate kokteilide valmistamisel.<\/p>","protected":false},"featured_media":4415,"template":"","meta":{"_acf_changed":false,"_kadence_starter_templates_imported_post":false,"_kad_post_transparent":"","_kad_post_title":"","_kad_post_layout":"","_kad_post_sidebar_id":"","_kad_post_content_style":"","_kad_post_vertical_padding":"","_kad_post_feature":"","_kad_post_feature_position":"","_kad_post_header":false,"_kad_post_footer":false},"product_brand":[],"product_cat":[48,182,26],"product_tag":[],"class_list":{"0":"post-4416","1":"product","2":"type-product","3":"status-publish","4":"has-post-thumbnail","6":"product_cat-brandy","7":"product_cat-pakiveinid-1-veinid","8":"product_cat-kange-alkohol","10":"first","11":"instock","12":"taxable","13":"shipping-taxable","14":"purchasable","15":"product-type-simple","16":"entry","17":"content-bg","18":"loop-entry"},"acf":[],"_links":{"self":[{"href":"https:\/\/mydrink.ee\/fi\/wp-json\/wp\/v2\/product\/4416","targetHints":{"allow":["GET"]}}],"collection":[{"href":"https:\/\/mydrink.ee\/fi\/wp-json\/wp\/v2\/product"}],"about":[{"href":"https:\/\/mydrink.ee\/fi\/wp-json\/wp\/v2\/types\/product"}],"wp:featuredmedia":[{"embeddable":true,"href":"https:\/\/mydrink.ee\/fi\/wp-json\/wp\/v2\/media\/4415"}],"wp:attachment":[{"href":"https:\/\/mydrink.ee\/fi\/wp-json\/wp\/v2\/media?parent=4416"}],"wp:term":[{"taxonomy":"product_brand","embeddable":true,"href":"https:\/\/mydrink.ee\/fi\/wp-json\/wp\/v2\/product_brand?post=4416"},{"taxonomy":"product_cat","embeddable":true,"href":"https:\/\/mydrink.ee\/fi\/wp-json\/wp\/v2\/product_cat?post=4416"},{"taxonomy":"product_tag","embeddable":true,"href":"https:\/\/mydrink.ee\/fi\/wp-json\/wp\/v2\/product_tag?post=4416"}],"curies":[{"name":"wp","href":"https:\/\/api.w.org\/{rel}","templated":true}]}}