{"id":4466,"date":"2022-01-13T08:51:03","date_gmt":"2022-01-13T06:51:03","guid":{"rendered":"https:\/\/mydrink.ee\/product\/detunda-rose-12-300cl-bib\/"},"modified":"2026-03-31T12:21:24","modified_gmt":"2026-03-31T09:21:24","slug":"detunda-rose-12-300cl-bib","status":"publish","type":"product","link":"https:\/\/mydrink.ee\/fi\/product\/detunda-rose-12-300cl-bib\/","title":{"rendered":"DETUNDA ROS\u00c8 12% 300CL BIB"},"content":{"rendered":"<style>.wp-block-kadence-advancedheading.kt-adv-heading4466_7ba0d0-11, .wp-block-kadence-advancedheading.kt-adv-heading4466_7ba0d0-11[data-kb-block=\"kb-adv-heading4466_7ba0d0-11\"]{font-style:normal;}.wp-block-kadence-advancedheading.kt-adv-heading4466_7ba0d0-11 mark.kt-highlight, .wp-block-kadence-advancedheading.kt-adv-heading4466_7ba0d0-11[data-kb-block=\"kb-adv-heading4466_7ba0d0-11\"] mark.kt-highlight{font-style:normal;color:#f76a0c;-webkit-box-decoration-break:clone;box-decoration-break:clone;padding-top:0px;padding-right:0px;padding-bottom:0px;padding-left:0px;}<\/style>\n<p class=\"kt-adv-heading4466_7ba0d0-11 wp-block-kadence-advancedheading\" data-kb-block=\"kb-adv-heading4466_7ba0d0-11\"><\/p>\n\n\n<style>.wp-block-kadence-advancedheading.kt-adv-heading4466_ec9d20-62, .wp-block-kadence-advancedheading.kt-adv-heading4466_ec9d20-62[data-kb-block=\"kb-adv-heading4466_ec9d20-62\"]{font-style:normal;}.wp-block-kadence-advancedheading.kt-adv-heading4466_ec9d20-62 mark.kt-highlight, .wp-block-kadence-advancedheading.kt-adv-heading4466_ec9d20-62[data-kb-block=\"kb-adv-heading4466_ec9d20-62\"] mark.kt-highlight{font-style:normal;color:#f76a0c;-webkit-box-decoration-break:clone;box-decoration-break:clone;padding-top:0px;padding-right:0px;padding-bottom:0px;padding-left:0px;}<\/style>\n<p class=\"kt-adv-heading4466_ec9d20-62 wp-block-kadence-advancedheading\" data-kb-block=\"kb-adv-heading4466_ec9d20-62\"><\/p>","protected":false},"excerpt":{"rendered":"<p>Liik: Geograafilise t\u00e4hisega lauavein<br \/>\nMagususe aste: Kuiv<br \/>\nP\u00e4ritolumaa:\tHispaania<br \/>\nPiirkond:\tVino de la Tierra de Castilla<br \/>\nViinamarjasort: 100% Tempranillo<br \/>\nAlkoholisisaldus: 12%<br \/>\nV\u00e4rvus:\tHeleroosa, kirgas.<br \/>\nAroom:\tAroom on v\u00e4rske ja marjane. Tunda k\u00fcpseid punaseid marju &#8211; maasikad, vaarikad, arbuus, k\u00fcpseid kirsse ja tsitruselisi &#8211; greipfruut.<br \/>\nMaitse:\tMaitse on v\u00e4rske ja marjane, kergema kehandiga ja kompleksne. Tunda k\u00fcpseid punaseid marju, pehmeid marjatanniine, j\u00e4relmaitse v\u00e4rskelt marjane ja hea tsitruselise happesusega<br \/>\nToidusoovitus:\tAperitiiv, k\u00fclmad suupisted ja eelroad, grillitud mereannid, grillitud ja r\u00f6stitud l\u00f5he, tapas\u00b4ed, juustuvalik, seltskonnavein.<br \/>\nServeerimistemperatuur:\tjahutatult 8-10\u00b0C klassikalisest Bordeaux valgeveini pokaalist.<\/p>","protected":false},"featured_media":4465,"template":"","meta":{"_acf_changed":false,"_kadence_starter_templates_imported_post":false,"_kad_post_transparent":"","_kad_post_title":"","_kad_post_layout":"","_kad_post_sidebar_id":"","_kad_post_content_style":"","_kad_post_vertical_padding":"","_kad_post_feature":"","_kad_post_feature_position":"","_kad_post_header":false,"_kad_post_footer":false},"product_brand":[],"product_cat":[23,255,110,180,66,182,181,121,75],"product_tag":[],"class_list":{"0":"post-4466","1":"product","2":"type-product","3":"status-publish","4":"has-post-thumbnail","6":"product_cat-roosad-veinid","7":"product_cat-pakiveinid-pakkumised","8":"product_cat-pakkumised","9":"product_cat-veinid","10":"product_cat-hispaania-1-roosad-veinid","11":"product_cat-pakiveinid-1-veinid","12":"product_cat-pakkumised-1","13":"product_cat-pakivein","14":"product_cat-soodus-1-roosad-veinid","16":"first","17":"instock","18":"taxable","19":"shipping-taxable","20":"purchasable","21":"product-type-simple","22":"entry","23":"content-bg","24":"loop-entry"},"acf":[],"_links":{"self":[{"href":"https:\/\/mydrink.ee\/fi\/wp-json\/wp\/v2\/product\/4466","targetHints":{"allow":["GET"]}}],"collection":[{"href":"https:\/\/mydrink.ee\/fi\/wp-json\/wp\/v2\/product"}],"about":[{"href":"https:\/\/mydrink.ee\/fi\/wp-json\/wp\/v2\/types\/product"}],"wp:featuredmedia":[{"embeddable":true,"href":"https:\/\/mydrink.ee\/fi\/wp-json\/wp\/v2\/media\/4465"}],"wp:attachment":[{"href":"https:\/\/mydrink.ee\/fi\/wp-json\/wp\/v2\/media?parent=4466"}],"wp:term":[{"taxonomy":"product_brand","embeddable":true,"href":"https:\/\/mydrink.ee\/fi\/wp-json\/wp\/v2\/product_brand?post=4466"},{"taxonomy":"product_cat","embeddable":true,"href":"https:\/\/mydrink.ee\/fi\/wp-json\/wp\/v2\/product_cat?post=4466"},{"taxonomy":"product_tag","embeddable":true,"href":"https:\/\/mydrink.ee\/fi\/wp-json\/wp\/v2\/product_tag?post=4466"}],"curies":[{"name":"wp","href":"https:\/\/api.w.org\/{rel}","templated":true}]}}