{"id":4526,"date":"2022-08-25T15:37:54","date_gmt":"2022-08-25T12:37:54","guid":{"rendered":"https:\/\/mydrink.ee\/product\/hoggys-raspberry-dream-4-5-vol-35-5cl-12-pack\/"},"modified":"2025-11-21T13:33:07","modified_gmt":"2025-11-21T11:33:07","slug":"hoggys-raspberry-dream-4-5-vol-35-5cl-12-pack","status":"publish","type":"product","link":"https:\/\/mydrink.ee\/fi\/product\/hoggys-raspberry-dream-4-5-vol-35-5cl-12-pack\/","title":{"rendered":"Hoggys Raspberry Dream 4,5% vol 35,5CL 12-pack"},"content":{"rendered":"<p><strong data-start=\"80\" data-end=\"107\">Hoggy\u2019s Raspberry Dream<\/strong> on kergelt gaseeritud siider, millel on mahlane ja t\u00e4idlane vaarikamaitse.<br data-start=\"182\" data-end=\"185\" \/> Selles siidris ei ole lisatud suhkrut \u2013 magusus tuleb naturaalsest mahlast, mida see jook sisaldab.<\/p>\n<p data-start=\"111\" data-end=\"341\"><strong data-start=\"111\" data-end=\"127\">Koostisosad:<\/strong><br data-start=\"127\" data-end=\"130\" \/> \u00f5una-, pirni- ja vaarikamahl kontsentreeritud mahladest (53%); \u00f5unavein; vesi; s\u00fcsihappegaas; mahlakontsentraat; happesuse regulaator \u2013 sidrunhape; maitseaine; s\u00e4ilitusained \u2013 kaaliumsorbaat, kaalummetabisulfit.<\/p>\n<p data-start=\"343\" data-end=\"551\"><strong data-start=\"343\" data-end=\"377\">100 ml toote kohta keskmiselt:<\/strong><br data-start=\"377\" data-end=\"380\" \/> Energia: 212 kJ \/ 50 kcal<br data-start=\"405\" data-end=\"408\" \/> Rasvad: 0 g<br data-start=\"419\" data-end=\"422\" \/> \u2003\u2003millest k\u00fcllastunud rasvhapped: 0 g<br data-start=\"459\" data-end=\"462\" \/> S\u00fcsivesikud: 6,0 g<br data-start=\"480\" data-end=\"483\" \/> \u2003\u2003millest suhkruid: 5,1 g<br data-start=\"508\" data-end=\"511\" \/> Valgud: 0 g<br data-start=\"522\" data-end=\"525\" \/> Kiudained: 0 g<br data-start=\"539\" data-end=\"542\" \/> Sool: 0 g<\/p>","protected":false},"excerpt":{"rendered":"<p>Liik: Siider<br \/>Kastis: 12<br \/>Maht: 4,26L<br \/>Alkoholisisaldus: 4,5% vol<br \/>P&auml;ritolumaa: Eesti<br \/>Tootja: A.Le Coq AS<br \/>V&auml;rv: Roosa<br \/>Maitse: tunda mahlast ja magusat vaarikat, v&auml;ikese mulliga.<br \/>Serveerimine: 6-8C<\/p>\n<p><span style=\"color: #ff0000;\">&Uuml;hte pakiautomaadi kappi mahub viis sellist toodet!<\/span><br \/><span style=\"color: #ff0000;\">Loe lisa <a href=\"https:\/\/mydrink.ee\/fi\/shipping\/?___store=est\" target=\"_blank\"><strong>siit<\/strong><\/a><\/span><\/p>","protected":false},"featured_media":4525,"template":"","meta":{"_acf_changed":false,"_kadence_starter_templates_imported_post":false,"_kad_post_transparent":"","_kad_post_title":"","_kad_post_layout":"","_kad_post_sidebar_id":"","_kad_post_content_style":"","_kad_post_vertical_padding":"","_kad_post_feature":"","_kad_post_feature_position":"","_kad_post_header":false,"_kad_post_footer":false},"product_brand":[],"product_cat":[89,232,25],"product_tag":[],"class_list":{"0":"post-4526","1":"product","2":"type-product","3":"status-publish","4":"has-post-thumbnail","6":"product_cat-siider","7":"product_cat-pandipakend","8":"product_cat-olu-siider-long-drink","10":"first","11":"instock","12":"taxable","13":"shipping-taxable","14":"purchasable","15":"product-type-simple","16":"entry","17":"content-bg","18":"loop-entry"},"acf":[],"_links":{"self":[{"href":"https:\/\/mydrink.ee\/fi\/wp-json\/wp\/v2\/product\/4526","targetHints":{"allow":["GET"]}}],"collection":[{"href":"https:\/\/mydrink.ee\/fi\/wp-json\/wp\/v2\/product"}],"about":[{"href":"https:\/\/mydrink.ee\/fi\/wp-json\/wp\/v2\/types\/product"}],"wp:featuredmedia":[{"embeddable":true,"href":"https:\/\/mydrink.ee\/fi\/wp-json\/wp\/v2\/media\/4525"}],"wp:attachment":[{"href":"https:\/\/mydrink.ee\/fi\/wp-json\/wp\/v2\/media?parent=4526"}],"wp:term":[{"taxonomy":"product_brand","embeddable":true,"href":"https:\/\/mydrink.ee\/fi\/wp-json\/wp\/v2\/product_brand?post=4526"},{"taxonomy":"product_cat","embeddable":true,"href":"https:\/\/mydrink.ee\/fi\/wp-json\/wp\/v2\/product_cat?post=4526"},{"taxonomy":"product_tag","embeddable":true,"href":"https:\/\/mydrink.ee\/fi\/wp-json\/wp\/v2\/product_tag?post=4526"}],"curies":[{"name":"wp","href":"https:\/\/api.w.org\/{rel}","templated":true}]}}