{"id":4558,"date":"2022-11-30T15:23:52","date_gmt":"2022-11-30T13:23:52","guid":{"rendered":"https:\/\/mydrink.ee\/product\/veuve-clicquot-brut-champagne-12-75cl\/"},"modified":"2025-11-24T17:52:07","modified_gmt":"2025-11-24T15:52:07","slug":"veuve-clicquot-brut-champagne-12-75cl","status":"publish","type":"product","link":"https:\/\/mydrink.ee\/fi\/product\/veuve-clicquot-brut-champagne-12-75cl\/","title":{"rendered":"Veuve Clicquot Brut Champagne 12% 75CL"},"content":{"rendered":"<p style=\"border-width: 0px; border-style: solid; border-color: rgba(229,231,235,var(--tw-border-opacity)); border-image: initial; box-sizing: border-box; --tw-border-opacity: 1; --tw-shadow: 0 0 #0000; --tw-ring-inset: var(--tw-empty, ); --tw-ring-offset-width: 0px; --tw-ring-offset-color: #fff; --tw-ring-color: rgba(59,130,246,0.5); --tw-ring-offset-shadow: 0 0 #0000; --tw-ring-shadow: 0 0 #0000; overflow-wrap: break-word; margin: 0px; color: rgba(23,22,23,var(--tw-text-opacity)); font-family: Poppins, sans-serif; font-size: medium; --tw-text-opacity: 1; line-height: 25.6px; font-weight: 400; text-align: left; font-style: normal; font-variant-ligatures: normal; font-variant-caps: normal; letter-spacing: normal; orphans: 2; text-indent: 0px; text-transform: none; white-space: normal; widows: 2; word-spacing: 0px; -webkit-text-stroke-width: 0px; background-color: #ffffff; text-decoration-thickness: initial; text-decoration-style: initial; text-decoration-color: initial;\"><strong><span style=\"font-size: small;\">Veuve Clicquot<br \/><\/span><\/strong><span style=\"font-size: small;\">Veuve Clicquot ajalugu ulatub tagasi 1772. aastasse.\u00a0Tollal alustas Philippe Clicquot viinamarjakasvatusega Champagne\u2019i maakonnas, ainsas maailma paigas, kust tuleb see \u00f5ige \u0161ampanja.Naiselikult nutikas ja lennukas v\u00f5iduk\u00e4ik maailma \u00fcheks hinnatuimaks \u0161ampanjatootjaks algas aga 1805. aastal\u00a0\u2013 siis, kui p\u00e4rast abikaasa surma v\u00f5ttis \u00e4ri \u00fcle nooruke Barbe-Nicole Clicquot Ponsardin. \u201cVeuve\u201d t\u00e4hendabki prantsuse keeles leske. Madame Clicquot oli tollal vaid 27-aastane ning temast sai \u00fcks esimesi kaasaegseid \u00e4rinaisi. Pandagu t\u00e4hele \u2013 see k\u00f5ik toimus ajal, mil naistel polnud lubatud isegi isiklikku pangaarvet avada!<\/span><\/p>\n<p style=\"border-width: 0px; border-style: solid; border-color: rgba(229,231,235,var(--tw-border-opacity)); border-image: initial; box-sizing: border-box; --tw-border-opacity: 1; --tw-shadow: 0 0 #0000; --tw-ring-inset: var(--tw-empty, ); --tw-ring-offset-width: 0px; --tw-ring-offset-color: #fff; --tw-ring-color: rgba(59,130,246,0.5); --tw-ring-offset-shadow: 0 0 #0000; --tw-ring-shadow: 0 0 #0000; overflow-wrap: break-word; margin: 0px; color: rgba(23,22,23,var(--tw-text-opacity)); font-family: Poppins, sans-serif; font-size: medium; --tw-text-opacity: 1; line-height: 25.6px; font-weight: 400; text-align: left; font-style: normal; font-variant-ligatures: normal; font-variant-caps: normal; letter-spacing: normal; orphans: 2; text-indent: 0px; text-transform: none; white-space: normal; widows: 2; word-spacing: 0px; -webkit-text-stroke-width: 0px; background-color: #ffffff; text-decoration-thickness: initial; text-decoration-style: initial; text-decoration-color: initial;\"><span style=\"font-size: small;\">Madame Clicquot teenis kiiresti v\u00e4lja isegi oma konkurentide austuse\u00a0ja h\u00fc\u00fcdnime La Grande Dame de Champagne. Muuhulgas astus s\u00fcdikas naine vastu toona Euroopas kehtinud kaupade sisse- ja v\u00e4ljaveokeelule ning hakkas tegelema vahuveini ekspordiga. Eriti suure vaimustusega v\u00f5eti Veuve Clicquot \u0161ampanja vastu Venemaal, see sai seal mitme suure kultuuritegelase lemmikjoogiks.<\/span><br style=\"border-width: 0px; border-style: solid; border-color: rgba(229,231,235,var(--tw-border-opacity)); border-image: initial; box-sizing: border-box; --tw-border-opacity: 1; --tw-shadow: 0 0 #0000; --tw-ring-inset: var(--tw-empty, ); --tw-ring-offset-width: 0px; --tw-ring-offset-color: #fff; --tw-ring-color: rgba(59,130,246,0.5); --tw-ring-offset-shadow: 0 0 #0000; --tw-ring-shadow: 0 0 #0000;\" \/><span style=\"font-size: small;\">Just Veuve Clicquot\u2019 \u0161ampanjat on taevani kiitnud Aleksandr Pu\u0161kin, Anton T\u0161ehhov ja Nikolai Gogol. Vene keisririigi osana sai ka Eesti sellest kollasest luksusest osa \u2013 1808. aastast p\u00e4rinevad andmed kinnitavad, et sellal j\u00f5udsid Revalisse esimesed 1500 pudelit rikkamat rahvast r\u00f5\u00f5mustama. Veuve Clicquot \u0161ampanja rahvusvaheline v\u00f5iduk\u00e4ik oli alanud.<\/span><br style=\"border-width: 0px; border-style: solid; border-color: rgba(229,231,235,var(--tw-border-opacity)); border-image: initial; box-sizing: border-box; --tw-border-opacity: 1; --tw-shadow: 0 0 #0000; --tw-ring-inset: var(--tw-empty, ); --tw-ring-offset-width: 0px; --tw-ring-offset-color: #fff; --tw-ring-color: rgba(59,130,246,0.5); --tw-ring-offset-shadow: 0 0 #0000; --tw-ring-shadow: 0 0 #0000;\" \/><span style=\"font-size: small;\">Champagne\u2019i piikonna viinamarjaistandused, veinikeldrid ning \u0161ampanjamajad\u00a0on kantud UNESCO kultuurip\u00e4randi nimistusse ning Veuve Clicquot \u0161ampanjamaja on nende seas \u00fcks m\u00e4rkimisv\u00e4\u00e4rsemaid. \u0160ampanja saladus algab sobivatest geograafilistest oludest, nagu v\u00f5rdlemisi jahe kliima, m\u00e4gine maastik ning suhteliselt toitainevaene kriidine muld \u2013 need k\u00f5ik annavad viinamarjadele ning sealt edasi ka veinile sitkuse, v\u00e4rskuse ja mineraalsuse.<\/span><\/p>\n<p style=\"border-width: 0px; border-style: solid; border-color: rgba(229,231,235,var(--tw-border-opacity)); border-image: initial; box-sizing: border-box; --tw-border-opacity: 1; --tw-shadow: 0 0 #0000; --tw-ring-inset: var(--tw-empty, ); --tw-ring-offset-width: 0px; --tw-ring-offset-color: #fff; --tw-ring-color: rgba(59,130,246,0.5); --tw-ring-offset-shadow: 0 0 #0000; --tw-ring-shadow: 0 0 #0000; overflow-wrap: break-word; margin: 0px; color: rgba(23,22,23,var(--tw-text-opacity)); font-family: Poppins, sans-serif; font-size: medium; --tw-text-opacity: 1; line-height: 25.6px; font-weight: 400; text-align: left; font-style: normal; font-variant-ligatures: normal; font-variant-caps: normal; letter-spacing: normal; orphans: 2; text-indent: 0px; text-transform: none; white-space: normal; widows: 2; word-spacing: 0px; -webkit-text-stroke-width: 0px; background-color: #ffffff; text-decoration-thickness: initial; text-decoration-style: initial; text-decoration-color: initial;\"><span style=\"font-size: small;\">Veuve Clicquot\u2019 majas korjatakse viinamarjad k\u00e4sitsi, v\u00e4\u00e4did hoitakse kindla pikkusega, et tagada k\u00fclluslik saak. Parima\u00a0kvaliteedi saamiseks kasutatakse \u0161ampanja tegemiseks mahla ainult k\u00f5ige esimesest pressist. Viinamarjamahlast tehakse baasvein. Erinevatest hoolikalt valitud sortidest veinid segatakse kokku ning edasi l\u00e4heb jook valmima keskajal rajatud lubjakivi kaevandustesse, mis on olnud \u0161ampanjakeldritena kasutusel juba 18. sajandist alates. Keldrites on aastaringi \u00fchtlane temperatuur ning niiskus, mis v\u00f5imaldab \u0161ampanjal rahulikult k\u00fcpseda armastatud luksuslikult kihisevaks joogiks.<\/span><br style=\"border-width: 0px; border-style: solid; border-color: rgba(229,231,235,var(--tw-border-opacity)); border-image: initial; box-sizing: border-box; --tw-border-opacity: 1; --tw-shadow: 0 0 #0000; --tw-ring-inset: var(--tw-empty, ); --tw-ring-offset-width: 0px; --tw-ring-offset-color: #fff; --tw-ring-color: rgba(59,130,246,0.5); --tw-ring-offset-shadow: 0 0 #0000; --tw-ring-shadow: 0 0 #0000;\" \/><span style=\"font-size: small;\">Mitmed uuendused on alguse saanud siit.<\/span><\/p>\n<p style=\"border-width: 0px; border-style: solid; border-color: rgba(229,231,235,var(--tw-border-opacity)); border-image: initial; box-sizing: border-box; --tw-border-opacity: 1; --tw-shadow: 0 0 #0000; --tw-ring-inset: var(--tw-empty, ); --tw-ring-offset-width: 0px; --tw-ring-offset-color: #fff; --tw-ring-color: rgba(59,130,246,0.5); --tw-ring-offset-shadow: 0 0 #0000; --tw-ring-shadow: 0 0 #0000; overflow-wrap: break-word; margin: 0px; color: rgba(23,22,23,var(--tw-text-opacity)); font-family: Poppins, sans-serif; font-size: medium; --tw-text-opacity: 1; line-height: 25.6px; font-weight: 400; text-align: left; font-style: normal; font-variant-ligatures: normal; font-variant-caps: normal; letter-spacing: normal; orphans: 2; text-indent: 0px; text-transform: none; white-space: normal; widows: 2; word-spacing: 0px; -webkit-text-stroke-width: 0px; background-color: #ffffff; text-decoration-thickness: initial; text-decoration-style: initial; text-decoration-color: initial;\"><span style=\"font-size: small;\">Veuve Cliquot on esimene \u0161ampanjamaja ajaloos, mis andis 1810. aastal v\u00e4lja vintage ehk aastak\u00e4igu\u0161ampanja.\u00a0Kui lihtsamad \u0161ampanjad segatakse kokku mitme aastak\u00e4igu cuv\u00e9e\u2019st ehk baasveinist, siis vintage \u0161ampanja tegemiseks kasutatakse vaid \u00fche aastak\u00e4igu viinamarju. See annab \u0161ampanjale personaalse maitse. Aastak\u00e4igu \u0161ampanjat valmistatakse ainult k\u00f5ige parema saagiga aastatel.<\/span><\/p>\n<p style=\"border-width: 0px; border-style: solid; border-color: rgba(229,231,235,var(--tw-border-opacity)); border-image: initial; box-sizing: border-box; --tw-border-opacity: 1; --tw-shadow: 0 0 #0000; --tw-ring-inset: var(--tw-empty, ); --tw-ring-offset-width: 0px; --tw-ring-offset-color: #fff; --tw-ring-color: rgba(59,130,246,0.5); --tw-ring-offset-shadow: 0 0 #0000; --tw-ring-shadow: 0 0 #0000; overflow-wrap: break-word; margin: 0px; color: rgba(23,22,23,var(--tw-text-opacity)); font-family: Poppins, sans-serif; font-size: medium; --tw-text-opacity: 1; line-height: 25.6px; font-weight: 400; text-align: left; font-style: normal; font-variant-ligatures: normal; font-variant-caps: normal; letter-spacing: normal; orphans: 2; text-indent: 0px; text-transform: none; white-space: normal; widows: 2; word-spacing: 0px; -webkit-text-stroke-width: 0px; background-color: #ffffff; text-decoration-thickness: initial; text-decoration-style: initial; text-decoration-color: initial;\"><span style=\"font-size: small;\">Madam Clicquot on teisegi uuenduse autor\u00a0\u2013 just selles majas leiutatakse 1816. aastal \u0161ampanja \u201etantsitamise\u201c meetod table de remuage, mis on siiani \u0161ampanjamajades kasutusel. Pudeleid keeratakse kindla aja tagant riiulil nii, et sete pudelis sadestuks ajutisele korgile. See meetod garanteerib kristallselge joogi.<\/span><\/p>\n<p style=\"border-width: 0px; border-style: solid; border-color: rgba(229,231,235,var(--tw-border-opacity)); border-image: initial; box-sizing: border-box; --tw-border-opacity: 1; --tw-shadow: 0 0 #0000; --tw-ring-inset: var(--tw-empty, ); --tw-ring-offset-width: 0px; --tw-ring-offset-color: #fff; --tw-ring-color: rgba(59,130,246,0.5); --tw-ring-offset-shadow: 0 0 #0000; --tw-ring-shadow: 0 0 #0000; overflow-wrap: break-word; margin: 0px; color: rgba(23,22,23,var(--tw-text-opacity)); font-family: Poppins, sans-serif; font-size: medium; --tw-text-opacity: 1; line-height: 25.6px; font-weight: 400; text-align: left; font-style: normal; font-variant-ligatures: normal; font-variant-caps: normal; letter-spacing: normal; orphans: 2; text-indent: 0px; text-transform: none; white-space: normal; widows: 2; word-spacing: 0px; -webkit-text-stroke-width: 0px; background-color: #ffffff; text-decoration-thickness: initial; text-decoration-style: initial; text-decoration-color: initial;\"><span style=\"font-size: small;\">Ettev\u00f5te on n\u00e4inud palju vaeva oma keskkonnaj\u00e4lje hindamiseks ning v\u00e4hendamiseks, et s\u00e4ilitada unikaalset Champagne\u2019i maakonna looduslikku keskkonda ning kohalikke traditsioone. 2018. aastast on Veuve Clicquot\u2019 viinapuuistandused 100% keemiliste taimekaitsevahendite vabad.<\/span><\/p>\n<p style=\"border-width: 0px; border-style: solid; border-color: rgba(229,231,235,var(--tw-border-opacity)); border-image: initial; box-sizing: border-box; --tw-border-opacity: 1; --tw-shadow: 0 0 #0000; --tw-ring-inset: var(--tw-empty, ); --tw-ring-offset-width: 0px; --tw-ring-offset-color: #fff; --tw-ring-color: rgba(59,130,246,0.5); --tw-ring-offset-shadow: 0 0 #0000; --tw-ring-shadow: 0 0 #0000; overflow-wrap: break-word; margin: 0px; color: rgba(23,22,23,var(--tw-text-opacity)); font-family: Poppins, sans-serif; font-size: medium; --tw-text-opacity: 1; line-height: 25.6px; font-weight: 400; text-align: left; font-style: normal; font-variant-ligatures: normal; font-variant-caps: normal; letter-spacing: normal; orphans: 2; text-indent: 0px; text-transform: none; white-space: normal; widows: 2; word-spacing: 0px; -webkit-text-stroke-width: 0px; background-color: #ffffff; text-decoration-thickness: initial; text-decoration-style: initial; text-decoration-color: initial;\"><span style=\"font-size: small;\">\u00a0<\/span><\/p>\n<p style=\"border-width: 0px; border-style: solid; border-color: rgba(229,231,235,var(--tw-border-opacity)); border-image: initial; box-sizing: border-box; --tw-border-opacity: 1; --tw-shadow: 0 0 #0000; --tw-ring-inset: var(--tw-empty, ); --tw-ring-offset-width: 0px; --tw-ring-offset-color: #fff; --tw-ring-color: rgba(59,130,246,0.5); --tw-ring-offset-shadow: 0 0 #0000; --tw-ring-shadow: 0 0 #0000; overflow-wrap: break-word; margin: 0px; color: rgba(23,22,23,var(--tw-text-opacity)); font-family: Poppins, sans-serif; font-size: medium; --tw-text-opacity: 1; line-height: 25.6px; font-weight: 400; text-align: left; font-style: normal; font-variant-ligatures: normal; font-variant-caps: normal; letter-spacing: normal; orphans: 2; text-indent: 0px; text-transform: none; white-space: normal; widows: 2; word-spacing: 0px; -webkit-text-stroke-width: 0px; background-color: #ffffff; text-decoration-thickness: initial; text-decoration-style: initial; text-decoration-color: initial;\"><span style=\"font-size: small;\">MIKS VEUVE CLICQUOT?<\/span><\/p>\n<p style=\"border-width: 0px; border-style: solid; border-color: rgba(229,231,235,var(--tw-border-opacity)); border-image: initial; box-sizing: border-box; --tw-border-opacity: 1; --tw-shadow: 0 0 #0000; --tw-ring-inset: var(--tw-empty, ); --tw-ring-offset-width: 0px; --tw-ring-offset-color: #fff; --tw-ring-color: rgba(59,130,246,0.5); --tw-ring-offset-shadow: 0 0 #0000; --tw-ring-shadow: 0 0 #0000; overflow-wrap: break-word; margin: 0px; color: rgba(23,22,23,var(--tw-text-opacity)); font-family: Poppins, sans-serif; font-size: medium; --tw-text-opacity: 1; line-height: 25.6px; font-weight: 400; text-align: left; font-style: normal; font-variant-ligatures: normal; font-variant-caps: normal; letter-spacing: normal; orphans: 2; text-indent: 0px; text-transform: none; white-space: normal; widows: 2; word-spacing: 0px; -webkit-text-stroke-width: 0px; background-color: #ffffff; text-decoration-thickness: initial; text-decoration-style: initial; text-decoration-color: initial;\"><strong><span style=\"font-size: small;\">Gurmaanide lemmik<\/span><\/strong><br style=\"border-width: 0px; border-style: solid; border-color: rgba(229,231,235,var(--tw-border-opacity)); border-image: initial; box-sizing: border-box; --tw-border-opacity: 1; --tw-shadow: 0 0 #0000; --tw-ring-inset: var(--tw-empty, ); --tw-ring-offset-width: 0px; --tw-ring-offset-color: #fff; --tw-ring-color: rgba(59,130,246,0.5); --tw-ring-offset-shadow: 0 0 #0000; --tw-ring-shadow: 0 0 #0000;\" \/><span style=\"font-size: small;\">T\u00e4nap\u00e4eval on Veuve Clicquot gurmaanide soosingus, kuna sobib toiduga eriti suurep\u00e4raselt. K\u00f5rgeimalt on hinnatud Veuve Clicquot aastak\u00e4igu ehk vintage-\u0161ampanjad.<\/span><\/p>\n<p style=\"border-width: 0px; border-style: solid; border-color: rgba(229,231,235,var(--tw-border-opacity)); border-image: initial; box-sizing: border-box; --tw-border-opacity: 1; --tw-shadow: 0 0 #0000; --tw-ring-inset: var(--tw-empty, ); --tw-ring-offset-width: 0px; --tw-ring-offset-color: #fff; --tw-ring-color: rgba(59,130,246,0.5); --tw-ring-offset-shadow: 0 0 #0000; --tw-ring-shadow: 0 0 #0000; overflow-wrap: break-word; margin: 0px; color: rgba(23,22,23,var(--tw-text-opacity)); font-family: Poppins, sans-serif; font-size: medium; --tw-text-opacity: 1; line-height: 25.6px; font-weight: 400; text-align: left; font-style: normal; font-variant-ligatures: normal; font-variant-caps: normal; letter-spacing: normal; orphans: 2; text-indent: 0px; text-transform: none; white-space: normal; widows: 2; word-spacing: 0px; -webkit-text-stroke-width: 0px; background-color: #ffffff; text-decoration-thickness: initial; text-decoration-style: initial; text-decoration-color: initial;\"><span style=\"font-size: small;\">\u00a0<\/span><strong><span style=\"font-size: small;\">Tipp-disain<\/span><\/strong><br style=\"border-width: 0px; border-style: solid; border-color: rgba(229,231,235,var(--tw-border-opacity)); border-image: initial; box-sizing: border-box; --tw-border-opacity: 1; --tw-shadow: 0 0 #0000; --tw-ring-inset: var(--tw-empty, ); --tw-ring-offset-width: 0px; --tw-ring-offset-color: #fff; --tw-ring-color: rgba(59,130,246,0.5); --tw-ring-offset-shadow: 0 0 #0000; --tw-ring-shadow: 0 0 #0000;\" \/><span style=\"font-size: small;\">Veuve Clicquot on armastatud t\u00e4nu erip\u00e4rastele disainilahendustele. Koost\u00f6\u00f6s nimekate disaineritega luuakse ka innovaatilisi k\u00fclmakaste, pakendeid ja isegi armastajatele m\u00f5eldud toole, Veuve Clicquot Loveseat.<\/span><\/p>\n<p style=\"border-width: 0px; border-style: solid; border-color: rgba(229,231,235,var(--tw-border-opacity)); border-image: initial; box-sizing: border-box; --tw-border-opacity: 1; --tw-shadow: 0 0 #0000; --tw-ring-inset: var(--tw-empty, ); --tw-ring-offset-width: 0px; --tw-ring-offset-color: #fff; --tw-ring-color: rgba(59,130,246,0.5); --tw-ring-offset-shadow: 0 0 #0000; --tw-ring-shadow: 0 0 #0000; overflow-wrap: break-word; margin: 0px; color: rgba(23,22,23,var(--tw-text-opacity)); font-family: Poppins, sans-serif; font-size: medium; --tw-text-opacity: 1; line-height: 25.6px; font-weight: 400; text-align: left; font-style: normal; font-variant-ligatures: normal; font-variant-caps: normal; letter-spacing: normal; orphans: 2; text-indent: 0px; text-transform: none; white-space: normal; widows: 2; word-spacing: 0px; -webkit-text-stroke-width: 0px; background-color: #ffffff; text-decoration-thickness: initial; text-decoration-style: initial; text-decoration-color: initial;\"><span style=\"font-size: small;\">\u00a0<\/span><strong><span style=\"font-size: small;\">Kelder L\u00e4\u00e4nemeres<\/span><\/strong><br style=\"border-width: 0px; border-style: solid; border-color: rgba(229,231,235,var(--tw-border-opacity)); border-image: initial; box-sizing: border-box; --tw-border-opacity: 1; --tw-shadow: 0 0 #0000; --tw-ring-inset: var(--tw-empty, ); --tw-ring-offset-width: 0px; --tw-ring-offset-color: #fff; --tw-ring-color: rgba(59,130,246,0.5); --tw-ring-offset-shadow: 0 0 #0000; --tw-ring-shadow: 0 0 #0000;\" \/><span style=\"font-size: small;\">2010 avastati \u00d6landi l\u00e4hedal L\u00e4\u00e4nemeres laevavrakilt 47 Veuve Clicquot\u2019 pudelit, mis olid merep\u00f5hjas olnud 200 aastat ja imeh\u00e4sti s\u00e4ilinud. Sellest inspireerituna avas Veuve Clicquot 2014 L\u00e4\u00e4nemeres veealuse \u0161ampanjakeldri, kuhu \u0161ampanja saadeti 40 aastaks valmima.<\/span><\/p>\n<p style=\"border-width: 0px; border-style: solid; border-color: rgba(229,231,235,var(--tw-border-opacity)); border-image: initial; box-sizing: border-box; --tw-border-opacity: 1; --tw-shadow: 0 0 #0000; --tw-ring-inset: var(--tw-empty, ); --tw-ring-offset-width: 0px; --tw-ring-offset-color: #fff; --tw-ring-color: rgba(59,130,246,0.5); --tw-ring-offset-shadow: 0 0 #0000; --tw-ring-shadow: 0 0 #0000; overflow-wrap: break-word; margin: 0px; color: rgba(23,22,23,var(--tw-text-opacity)); font-family: Poppins, sans-serif; font-size: medium; --tw-text-opacity: 1; line-height: 25.6px; font-weight: 400; text-align: left; font-style: normal; font-variant-ligatures: normal; font-variant-caps: normal; letter-spacing: normal; orphans: 2; text-indent: 0px; text-transform: none; white-space: normal; widows: 2; word-spacing: 0px; -webkit-text-stroke-width: 0px; background-color: #ffffff; text-decoration-thickness: initial; text-decoration-style: initial; text-decoration-color: initial;\"><strong><span style=\"font-size: small;\">K\u00f5rgeim hind<\/span><\/strong><br style=\"border-width: 0px; border-style: solid; border-color: rgba(229,231,235,var(--tw-border-opacity)); border-image: initial; box-sizing: border-box; --tw-border-opacity: 1; --tw-shadow: 0 0 #0000; --tw-ring-inset: var(--tw-empty, ); --tw-ring-offset-width: 0px; --tw-ring-offset-color: #fff; --tw-ring-color: rgba(59,130,246,0.5); --tw-ring-offset-shadow: 0 0 #0000; --tw-ring-shadow: 0 0 #0000;\" \/><span style=\"font-size: small;\">\u00dcks L\u00e4\u00e4nemerest leitud \u0161ampanja m\u00fc\u00fcdi m\u00f5ni aeg hiljem oksjonil 30 000 euro eest \u2013 see on k\u00f5rgeim hind, mida \u0161ampanja eest iial on makst<\/span><\/p>","protected":false},"excerpt":{"rendered":"<p>Liik: \u0160ampanja<br \/>\nKastis: 6<br \/>\nMaht: 75CL<br \/>\nAlkoholisisaldus: 12%<br \/>\nP\u00e4ritolumaa: Prantsusmaa Champagne AOC<br \/>\nV\u00e4rvus: Golden-yellow, with a foaming necklace of tiny bubbles.<br \/>\nAroom: Valged puuviljad, rosinad, siis vanilje ja hiljem r\u00f6st ning v\u00fcrtsid. Aroomis on selgelt tunda tasakaalu puuviljastes aroomides, mis tulenevad viinamarjasortidest ja r\u00f6stistes aroomides, mis tulenevad \u0161ampanja laagerdumisest pudelis.<br \/>\nMaitse: V\u00e4rske ja puuviljane, hea struktuuriga ja h\u00e4sti veinilik. P\u00f5him\u00e4rks\u00f5nad on j\u00f5ulisus ja j\u00e4relmaitse.<\/p>","protected":false},"featured_media":4557,"template":"","meta":{"_acf_changed":false,"_kadence_starter_templates_imported_post":false,"_kad_post_transparent":"","_kad_post_title":"","_kad_post_layout":"","_kad_post_sidebar_id":"","_kad_post_content_style":"","_kad_post_vertical_padding":"","_kad_post_feature":"","_kad_post_feature_position":"","_kad_post_header":false,"_kad_post_footer":false},"product_brand":[],"product_cat":[122,24],"product_tag":[],"class_list":{"0":"post-4558","1":"product","2":"type-product","3":"status-publish","4":"has-post-thumbnail","6":"product_cat-shampanjad","7":"product_cat-vahuveinid","9":"first","10":"instock","11":"taxable","12":"shipping-taxable","13":"purchasable","14":"product-type-simple","15":"entry","16":"content-bg","17":"loop-entry"},"acf":[],"_links":{"self":[{"href":"https:\/\/mydrink.ee\/fi\/wp-json\/wp\/v2\/product\/4558","targetHints":{"allow":["GET"]}}],"collection":[{"href":"https:\/\/mydrink.ee\/fi\/wp-json\/wp\/v2\/product"}],"about":[{"href":"https:\/\/mydrink.ee\/fi\/wp-json\/wp\/v2\/types\/product"}],"wp:featuredmedia":[{"embeddable":true,"href":"https:\/\/mydrink.ee\/fi\/wp-json\/wp\/v2\/media\/4557"}],"wp:attachment":[{"href":"https:\/\/mydrink.ee\/fi\/wp-json\/wp\/v2\/media?parent=4558"}],"wp:term":[{"taxonomy":"product_brand","embeddable":true,"href":"https:\/\/mydrink.ee\/fi\/wp-json\/wp\/v2\/product_brand?post=4558"},{"taxonomy":"product_cat","embeddable":true,"href":"https:\/\/mydrink.ee\/fi\/wp-json\/wp\/v2\/product_cat?post=4558"},{"taxonomy":"product_tag","embeddable":true,"href":"https:\/\/mydrink.ee\/fi\/wp-json\/wp\/v2\/product_tag?post=4558"}],"curies":[{"name":"wp","href":"https:\/\/api.w.org\/{rel}","templated":true}]}}