{"id":4614,"date":"2023-02-08T12:24:08","date_gmt":"2023-02-08T10:24:08","guid":{"rendered":"https:\/\/mydrink.ee\/product\/african-winery-chenin-blanc-12-5-vol-300cl-bib\/"},"modified":"2023-02-08T12:24:08","modified_gmt":"2023-02-08T10:24:08","slug":"african-winery-chenin-blanc-12-5-vol-300cl-bib","status":"publish","type":"product","link":"https:\/\/mydrink.ee\/fi\/product\/african-winery-chenin-blanc-12-5-vol-300cl-bib\/","title":{"rendered":"African Winery Chenin Blanc 12,5% vol 300cl BIB"},"content":{"rendered":"<p>African Winery Lions Head veinid on nime saanud L\u00f5una-Aafrikas Kapplinnas asuva samanimelise m\u00e4e j\u00e4rgi, kust saab nautida imelist vaadet linnale ning pidada l\u00f5\u00f5gastava pikniku koos hea veiniga. Sisaldab sulfiteid.<\/p>\n<p>Iseloomustus: Kerge kuiv vein.<\/p>","protected":false},"excerpt":{"rendered":"<p>Liik:\tGeograafilise t\u00e4hisega vein<br \/>\nTootekood: MT0733<br \/>\nKastis: 4<br \/>\nMaht: 300CL<br \/>\nAlkoholisisaldus: 12,5% vol<br \/>\nP\u00e4ritolumaa: L\u00f5una Aafrika<br \/>\nPiirkond: Western Cape<br \/>\nViinamarjasort: Chenin Blanc<br \/>\nV\u00e4rvus; \u00d5lgkollase v\u00e4rvusega.<br \/>\nMaitse:  puuviljane \u2013 tunda on tsitruskoort, kollast \u00f5una ja kerget mesisust.<br \/>\nToidusoovitus: Sobib h\u00e4sti koos valge lihaga, kreemiste pastaroogadega ja v\u00e4rskema juustuga.<br \/>\nServeerimine:\t10-12\u00b0 C<\/p>","protected":false},"featured_media":4613,"template":"","meta":{"_acf_changed":false,"_kadence_starter_templates_imported_post":false,"_kad_post_transparent":"","_kad_post_title":"","_kad_post_layout":"","_kad_post_sidebar_id":"","_kad_post_content_style":"","_kad_post_vertical_padding":"","_kad_post_feature":"","_kad_post_feature_position":"","_kad_post_header":false,"_kad_post_footer":false},"product_brand":[],"product_cat":[21,182,56,120],"product_tag":[],"class_list":{"0":"post-4614","1":"product","2":"type-product","3":"status-publish","4":"has-post-thumbnail","6":"product_cat-valged-veinid","7":"product_cat-pakiveinid-1-veinid","8":"product_cat-lav-1","9":"product_cat-pakiveinid-1","11":"first","12":"instock","13":"taxable","14":"shipping-taxable","15":"purchasable","16":"product-type-simple","17":"entry","18":"content-bg","19":"loop-entry"},"acf":[],"_links":{"self":[{"href":"https:\/\/mydrink.ee\/fi\/wp-json\/wp\/v2\/product\/4614","targetHints":{"allow":["GET"]}}],"collection":[{"href":"https:\/\/mydrink.ee\/fi\/wp-json\/wp\/v2\/product"}],"about":[{"href":"https:\/\/mydrink.ee\/fi\/wp-json\/wp\/v2\/types\/product"}],"wp:featuredmedia":[{"embeddable":true,"href":"https:\/\/mydrink.ee\/fi\/wp-json\/wp\/v2\/media\/4613"}],"wp:attachment":[{"href":"https:\/\/mydrink.ee\/fi\/wp-json\/wp\/v2\/media?parent=4614"}],"wp:term":[{"taxonomy":"product_brand","embeddable":true,"href":"https:\/\/mydrink.ee\/fi\/wp-json\/wp\/v2\/product_brand?post=4614"},{"taxonomy":"product_cat","embeddable":true,"href":"https:\/\/mydrink.ee\/fi\/wp-json\/wp\/v2\/product_cat?post=4614"},{"taxonomy":"product_tag","embeddable":true,"href":"https:\/\/mydrink.ee\/fi\/wp-json\/wp\/v2\/product_tag?post=4614"}],"curies":[{"name":"wp","href":"https:\/\/api.w.org\/{rel}","templated":true}]}}