{"id":4618,"date":"2023-02-28T09:19:35","date_gmt":"2023-02-28T07:19:35","guid":{"rendered":"https:\/\/mydrink.ee\/product\/st-remy-authentic-vsop-36-50cl-pet-4-pack\/"},"modified":"2023-02-28T09:19:35","modified_gmt":"2023-02-28T07:19:35","slug":"st-remy-authentic-vsop-36-50cl-pet-4-pack","status":"publish","type":"product","link":"https:\/\/mydrink.ee\/fi\/product\/st-remy-authentic-vsop-36-50cl-pet-4-pack\/","title":{"rendered":"ST. REMY AUTHENTIC VSOP 36% vol 50CL PET 4-Pack"},"content":{"rendered":"<p>Soojade ookeanituulte k\u00e4es k\u00fcpsenud viinamarjad Nantes\u2019is kaljustes viljapuuaedades on l\u00e4hedalt sugulased Cognaci piirkonna viinamarjadega. Nendest valmibki tamme-vaatides, v\u00f5lvkeldrite jaheduses ja hoolsa kontrolli all, aastate jooksul St. Remy kuulus ja hinnatud br\u00e4ndi \u2013 t\u00f5eliste asjatundjate s\u00fcgav nauding. <\/p>\n<p>Alustades viinamarja kasvamise perioodist ja l\u00f5petades pudelisse pandud tootega \u2013 see on St. Remy, ainuke k\u00f5rgekvaliteedilise br\u00e4ndi tootja, kes laagerdab ja paneb pudelisse oma enda toote. Meie br\u00e4ndi on j\u00e4rjepidevalt kokku segatud ja on j\u00e4rjepidevalt k\u00f5rge kvaliteediga. St. Remy br\u00e4ndide kvaliteeti kontrollib premium konjakite valmistaja Remy Martin.<\/p>\n<p>St. Remy kasutab ainult k\u00f5rgeima kvaliteediga tammepuust vaate br\u00e4ndi laagerdamiseks. Vanilje ja tamme aroom on naturaalsed t\u00e4iendused br\u00e4ndi aroomile. Tamme ainulaadne vaik annab rikkaliku merevaigukollase v\u00e4rvuse, mis on hea br\u00e4ndi tunnuseks.<\/p>","protected":false},"excerpt":{"rendered":"<p>Liik: Kange alkohol, Br\u00e4ndi<br \/>\nKastis: 4<br \/>\nMaht: 200CL<br \/>\nAlkoholisisaldus: 36% vol<br \/>\nP\u00e4ritolumaa: Prantsusmaa<\/p>","protected":false},"featured_media":4617,"template":"","meta":{"_acf_changed":false,"_kadence_starter_templates_imported_post":false,"_kad_post_transparent":"","_kad_post_title":"","_kad_post_layout":"","_kad_post_sidebar_id":"","_kad_post_content_style":"","_kad_post_vertical_padding":"","_kad_post_feature":"","_kad_post_feature_position":"","_kad_post_header":false,"_kad_post_footer":false},"product_brand":[],"product_cat":[48,26],"product_tag":[],"class_list":{"0":"post-4618","1":"product","2":"type-product","3":"status-publish","4":"has-post-thumbnail","6":"product_cat-brandy","7":"product_cat-kange-alkohol","9":"first","10":"instock","11":"taxable","12":"shipping-taxable","13":"purchasable","14":"product-type-simple","15":"entry","16":"content-bg","17":"loop-entry"},"acf":[],"_links":{"self":[{"href":"https:\/\/mydrink.ee\/fi\/wp-json\/wp\/v2\/product\/4618","targetHints":{"allow":["GET"]}}],"collection":[{"href":"https:\/\/mydrink.ee\/fi\/wp-json\/wp\/v2\/product"}],"about":[{"href":"https:\/\/mydrink.ee\/fi\/wp-json\/wp\/v2\/types\/product"}],"wp:featuredmedia":[{"embeddable":true,"href":"https:\/\/mydrink.ee\/fi\/wp-json\/wp\/v2\/media\/4617"}],"wp:attachment":[{"href":"https:\/\/mydrink.ee\/fi\/wp-json\/wp\/v2\/media?parent=4618"}],"wp:term":[{"taxonomy":"product_brand","embeddable":true,"href":"https:\/\/mydrink.ee\/fi\/wp-json\/wp\/v2\/product_brand?post=4618"},{"taxonomy":"product_cat","embeddable":true,"href":"https:\/\/mydrink.ee\/fi\/wp-json\/wp\/v2\/product_cat?post=4618"},{"taxonomy":"product_tag","embeddable":true,"href":"https:\/\/mydrink.ee\/fi\/wp-json\/wp\/v2\/product_tag?post=4618"}],"curies":[{"name":"wp","href":"https:\/\/api.w.org\/{rel}","templated":true}]}}