{"id":4633,"date":"2023-03-31T09:03:07","date_gmt":"2023-03-31T06:03:07","guid":{"rendered":"https:\/\/mydrink.ee\/product\/maxime-trijol-fins-bois-vintage-1986-40-vol-box-70cl\/"},"modified":"2025-11-21T14:17:37","modified_gmt":"2025-11-21T12:17:37","slug":"maxime-trijol-fins-bois-vintage-1986-40-vol-box-70cl","status":"publish","type":"product","link":"https:\/\/mydrink.ee\/fi\/product\/maxime-trijol-fins-bois-vintage-1986-40-vol-box-70cl\/","title":{"rendered":"Maxime Trijol Fins Bois Vintage 1986 40% vol BOX 70CL"},"content":{"rendered":"","protected":false},"excerpt":{"rendered":"<p>Liik: Kange alkohol, Konjak<br \/>\nKastis: 12<br \/>\nMaht: 70CL<br \/>\nAlkoholisisaldus: 40% vol<br \/>\nP\u00e4ritolumaa: Prantsusmaa<br \/>\nV\u00e4rvus: topaas, kuldse ning vaskja helgiga.<br \/>\nAroom: delikaatne ja mitmetasandiline. Esimeste aroomidena v\u00f5ib \u00e4ra tunda mandli ja lillelisuse, sealhulgas liilia. Kergelt avanenuna v\u00f5ib tajume tammevaatidest tulenevaid vanilje noote koos pargitud naha ning humidoori n\u00fcanssidega. Kauakestev ja kaunis aroom suurep\u00e4rase struktuuriga.<br \/>\nMaitse: Suus kerge, \u00fcmar. Lilleliline ning avanedes magusamad n\u00fcansid (akaatsia, mesi), maitse arenedes t\u00f5usevad esile v\u00fcrtsid ja maap\u00e4hkel. Tunda on ka m\u00f5nusad vanilje noodid meeldivate tanniinidega.<br \/>\nSee Vintage on rikkaliku j\u00e4relmaitsega. On tunda noore konjaki \u00f5rna agressiooni, mis viitab pikaajalisele arengule. Lillelised noodid, milles tunneme \u00e4ra ka pirni ning liilia n\u00fcansid n\u00e4itavad, et tegemist on t\u00f5eliselt suurep\u00e4rase konjakiga.<\/p>","protected":false},"featured_media":4632,"template":"","meta":{"_acf_changed":false,"_kadence_starter_templates_imported_post":false,"_kad_post_transparent":"","_kad_post_title":"","_kad_post_layout":"","_kad_post_sidebar_id":"","_kad_post_content_style":"","_kad_post_vertical_padding":"","_kad_post_feature":"","_kad_post_feature_position":"","_kad_post_header":false,"_kad_post_footer":false},"product_brand":[],"product_cat":[42,112,26,22],"product_tag":[],"class_list":{"0":"post-4633","1":"product","2":"type-product","3":"status-publish","4":"has-post-thumbnail","6":"product_cat-konjak","7":"product_cat-konjak-1","8":"product_cat-kange-alkohol","9":"product_cat-kingiideed","11":"first","12":"instock","13":"taxable","14":"shipping-taxable","15":"purchasable","16":"product-type-simple","17":"entry","18":"content-bg","19":"loop-entry"},"acf":[],"_links":{"self":[{"href":"https:\/\/mydrink.ee\/fi\/wp-json\/wp\/v2\/product\/4633","targetHints":{"allow":["GET"]}}],"collection":[{"href":"https:\/\/mydrink.ee\/fi\/wp-json\/wp\/v2\/product"}],"about":[{"href":"https:\/\/mydrink.ee\/fi\/wp-json\/wp\/v2\/types\/product"}],"wp:featuredmedia":[{"embeddable":true,"href":"https:\/\/mydrink.ee\/fi\/wp-json\/wp\/v2\/media\/4632"}],"wp:attachment":[{"href":"https:\/\/mydrink.ee\/fi\/wp-json\/wp\/v2\/media?parent=4633"}],"wp:term":[{"taxonomy":"product_brand","embeddable":true,"href":"https:\/\/mydrink.ee\/fi\/wp-json\/wp\/v2\/product_brand?post=4633"},{"taxonomy":"product_cat","embeddable":true,"href":"https:\/\/mydrink.ee\/fi\/wp-json\/wp\/v2\/product_cat?post=4633"},{"taxonomy":"product_tag","embeddable":true,"href":"https:\/\/mydrink.ee\/fi\/wp-json\/wp\/v2\/product_tag?post=4633"}],"curies":[{"name":"wp","href":"https:\/\/api.w.org\/{rel}","templated":true}]}}