{"id":4635,"date":"2023-03-31T09:09:44","date_gmt":"2023-03-31T06:09:44","guid":{"rendered":"https:\/\/mydrink.ee\/product\/maxime-trijol-grande-champagne-vintage-1988-40-vol-vol-box-70cl\/"},"modified":"2025-11-21T14:17:18","modified_gmt":"2025-11-21T12:17:18","slug":"maxime-trijol-grande-champagne-vintage-1988-40-vol-vol-box-70cl","status":"publish","type":"product","link":"https:\/\/mydrink.ee\/fi\/product\/maxime-trijol-grande-champagne-vintage-1988-40-vol-vol-box-70cl\/","title":{"rendered":"Maxime Trijol Grande Champagne Vintage 1988 40% vol vol BOX 70CL"},"content":{"rendered":"","protected":false},"excerpt":{"rendered":"<p>Liik: Kange alkohol, Konjak<br \/>\nKastis: 12<br \/>\nMaht: 70CL<br \/>\nAlkoholisisaldus: 40% vol<br \/>\nP\u00e4ritolumaa: Prantsusmaa<br \/>\nV\u00e4rv: vananenud kuldne, vaskse varjundiga. Suurep\u00e4rane viskoossus, mida r\u00f5hutab kestvus.<br \/>\nAroom: Nauditav, j\u00e4rk-j\u00e4rgult intensiivistuv, kontsentreeritud, n\u00e4idates \u00fcles moosiseid ploomi noote koos vanilje ja kaneeli n\u00fcanssidega. Pikemalt avanedes annab tooni mokkamaitseline tammesus, millest t\u00f5useb esile imeline rancio, suurep\u00e4rane harmoonia.<br \/>\nMaitse: Kaunis m\u00e4ngulisus lilleliste, puuviljaste ja v\u00fcrtsikate nootide vahel. Kreemjas, rikkalik ja heas tasakaalus. J\u00e4relmaitse on v\u00e4ljapeetud ja kauakestev.<\/p>","protected":false},"featured_media":4634,"template":"","meta":{"_acf_changed":false,"_kadence_starter_templates_imported_post":false,"_kad_post_transparent":"","_kad_post_title":"","_kad_post_layout":"","_kad_post_sidebar_id":"","_kad_post_content_style":"","_kad_post_vertical_padding":"","_kad_post_feature":"","_kad_post_feature_position":"","_kad_post_header":false,"_kad_post_footer":false},"product_brand":[],"product_cat":[42,112,26,22],"product_tag":[],"class_list":{"0":"post-4635","1":"product","2":"type-product","3":"status-publish","4":"has-post-thumbnail","6":"product_cat-konjak","7":"product_cat-konjak-1","8":"product_cat-kange-alkohol","9":"product_cat-kingiideed","11":"first","12":"instock","13":"taxable","14":"shipping-taxable","15":"purchasable","16":"product-type-simple","17":"entry","18":"content-bg","19":"loop-entry"},"acf":[],"_links":{"self":[{"href":"https:\/\/mydrink.ee\/fi\/wp-json\/wp\/v2\/product\/4635","targetHints":{"allow":["GET"]}}],"collection":[{"href":"https:\/\/mydrink.ee\/fi\/wp-json\/wp\/v2\/product"}],"about":[{"href":"https:\/\/mydrink.ee\/fi\/wp-json\/wp\/v2\/types\/product"}],"wp:featuredmedia":[{"embeddable":true,"href":"https:\/\/mydrink.ee\/fi\/wp-json\/wp\/v2\/media\/4634"}],"wp:attachment":[{"href":"https:\/\/mydrink.ee\/fi\/wp-json\/wp\/v2\/media?parent=4635"}],"wp:term":[{"taxonomy":"product_brand","embeddable":true,"href":"https:\/\/mydrink.ee\/fi\/wp-json\/wp\/v2\/product_brand?post=4635"},{"taxonomy":"product_cat","embeddable":true,"href":"https:\/\/mydrink.ee\/fi\/wp-json\/wp\/v2\/product_cat?post=4635"},{"taxonomy":"product_tag","embeddable":true,"href":"https:\/\/mydrink.ee\/fi\/wp-json\/wp\/v2\/product_tag?post=4635"}],"curies":[{"name":"wp","href":"https:\/\/api.w.org\/{rel}","templated":true}]}}