{"id":4639,"date":"2023-04-04T07:35:00","date_gmt":"2023-04-04T04:35:00","guid":{"rendered":"https:\/\/mydrink.ee\/product\/saku-rock-ipa-6-vol-33cl-x-24\/"},"modified":"2026-01-08T20:03:24","modified_gmt":"2026-01-08T18:03:24","slug":"saku-rock-ipa-6-vol-33cl-x-24","status":"publish","type":"product","link":"https:\/\/mydrink.ee\/fi\/product\/saku-rock-ipa-6-vol-33cl-x-24\/","title":{"rendered":"Saku Rock IPA 6% vol 33CL x 24"},"content":{"rendered":"<p style=\"box-sizing: inherit; margin: 0px 0px 20px; padding: 0px; outline: none; color: #283d4a; font-family: ThemeFont-Primary, sans-serif; font-size: 16px; font-style: normal; font-variant-ligatures: normal; font-variant-caps: normal; font-weight: 400; letter-spacing: normal; orphans: 2; text-align: start; text-indent: 0px; text-transform: none; white-space: normal; widows: 2; word-spacing: 0px; -webkit-text-stroke-width: 0px; background-color: rgba(255, 255, 255, 0.6); text-decoration-thickness: initial; text-decoration-style: initial; text-decoration-color: initial;\"><span style=\"font-size: small;\"><strong style=\"box-sizing: inherit; margin: 0px; padding: 0px;\"><span style=\"color: #283d4a; font-family: ThemeFont-Primary, sans-serif; font-style: normal; font-variant-ligatures: normal; font-variant-caps: normal; font-weight: 400; letter-spacing: normal; text-align: start; text-indent: 0px; text-transform: none; white-space: normal; word-spacing: 0px; -webkit-text-stroke-width: 0px; background-color: rgba(255, 255, 255, 0.6); text-decoration-thickness: initial; text-decoration-style: initial; text-decoration-color: initial; display: inline !important; float: none;\"><strong>Rock IPA<\/strong> on j\u00f5ulise maitsega ale t\u00fc\u00fcpi \u00f5lu, kus m\u00f5rudust ja v\u00e4ge on tunda igas s\u00f5\u00f5mus mis sa v\u00f5tad. Seda \u00f5lut juues tunned, et j\u00f5ud tuleb sinusse ja intensiivne humala maitse paneb ka k\u00f5ige karmima mehe naeratama!<br \/><span style=\"font-size: small;\">Vala pool klaasi t\u00e4is hoides seda 45kraadise nurga all, mille j\u00e4rel t\u00f5sta klaas p\u00fcstisesse asendisse ja vala \u00fclej\u00e4\u00e4nud osa koos vahuga. Vahtu v\u00f5iks tekkida umbes kahe s\u00f5rme jagu.<\/span><br \/><\/span><\/strong><\/span><span style=\"font-size: x-small;\"><strong style=\"box-sizing: inherit; margin: 0px; padding: 0px;\">Koostisosad: <\/strong>Vesi,\u00a0odralinnased, h:umalad, p\u00e4rm.<strong style=\"box-sizing: inherit; margin: 0px; padding: 0px;\"><br \/>Toitumisalane teave 100 ml kohta:<\/strong><br \/>Energia:\u00a0195 kJ \/ 45 kcal<br \/>Rasvad: 0 g<br \/>\u00a0 \u00a0\u00a0 millest k\u00fcllastunud rasvhappeid: 0 g<br \/>S\u00fcsivesikud:\u00a0 3,4 g<br \/>\u00a0 \u00a0\u00a0 millest suhkruid: 0 g<br \/>Valgud: 0,5 g<br \/>Sool: 0 g<\/span><\/p>","protected":false},"excerpt":{"rendered":"<p><span style=\"font-size: small;\">Liik: &Otilde;lu<\/span><br \/><span style=\"font-size: small;\">Kastis: 24<\/span><br \/><span style=\"font-size: small;\">Maht: 7.92L<\/span><br \/><span style=\"font-size: small;\">Alkoholisisaldus: 6,0% vol<\/span><br \/><span style=\"font-size: small;\">P&auml;ritolumaa: Eesti<\/span><br \/><span style=\"font-size: small;\">Serveerida temperatuuril: 6-8 &deg;C<\/p>\n<p><\/span><span style=\"color: #ff0000; font-size: small;\">&Uuml;hte pakiautomaadi kappi mahub kolm sellist toodet!<\/span><br \/><span style=\"color: #ff0000;\">Loe lisa <a href=\"https:\/\/mydrink.ee\/fi\/shipping\/?___store=est\" target=\"_blank\"><strong>siit<\/strong><\/a><\/span><\/p>","protected":false},"featured_media":4638,"template":"","meta":{"_acf_changed":false,"_kadence_starter_templates_imported_post":false,"_kad_post_transparent":"","_kad_post_title":"","_kad_post_layout":"","_kad_post_sidebar_id":"","_kad_post_content_style":"","_kad_post_vertical_padding":"","_kad_post_feature":"","_kad_post_feature_position":"","_kad_post_header":false,"_kad_post_footer":false},"product_brand":[],"product_cat":[88,232,127,25],"product_tag":[],"class_list":{"0":"post-4639","1":"product","2":"type-product","3":"status-publish","4":"has-post-thumbnail","6":"product_cat-oluet","7":"product_cat-pandipakend","8":"product_cat-eesti","9":"product_cat-olu-siider-long-drink","11":"first","12":"instock","13":"taxable","14":"shipping-taxable","15":"purchasable","16":"product-type-simple","17":"entry","18":"content-bg","19":"loop-entry"},"acf":[],"_links":{"self":[{"href":"https:\/\/mydrink.ee\/fi\/wp-json\/wp\/v2\/product\/4639","targetHints":{"allow":["GET"]}}],"collection":[{"href":"https:\/\/mydrink.ee\/fi\/wp-json\/wp\/v2\/product"}],"about":[{"href":"https:\/\/mydrink.ee\/fi\/wp-json\/wp\/v2\/types\/product"}],"wp:featuredmedia":[{"embeddable":true,"href":"https:\/\/mydrink.ee\/fi\/wp-json\/wp\/v2\/media\/4638"}],"wp:attachment":[{"href":"https:\/\/mydrink.ee\/fi\/wp-json\/wp\/v2\/media?parent=4639"}],"wp:term":[{"taxonomy":"product_brand","embeddable":true,"href":"https:\/\/mydrink.ee\/fi\/wp-json\/wp\/v2\/product_brand?post=4639"},{"taxonomy":"product_cat","embeddable":true,"href":"https:\/\/mydrink.ee\/fi\/wp-json\/wp\/v2\/product_cat?post=4639"},{"taxonomy":"product_tag","embeddable":true,"href":"https:\/\/mydrink.ee\/fi\/wp-json\/wp\/v2\/product_tag?post=4639"}],"curies":[{"name":"wp","href":"https:\/\/api.w.org\/{rel}","templated":true}]}}