{"id":4641,"date":"2023-04-11T07:55:00","date_gmt":"2023-04-11T04:55:00","guid":{"rendered":"https:\/\/mydrink.ee\/product\/koff-long-drink-mango-5-5-vol-33cl-x-24\/"},"modified":"2026-02-23T10:20:17","modified_gmt":"2026-02-23T08:20:17","slug":"koff-long-drink-mango-5-5-vol-33cl-x-24","status":"publish","type":"product","link":"https:\/\/mydrink.ee\/fi\/product\/koff-long-drink-mango-5-5-vol-33cl-x-24\/","title":{"rendered":"Koff Long Drink Mango 5,5% vol 33CL x 24"},"content":{"rendered":"<p style=\"box-sizing: inherit; margin: 0px 0px 20px; padding: 0px; outline: none; color: #283d4a; font-family: ThemeFont-Primary, sans-serif; font-size: 16px; font-style: normal; font-variant-ligatures: normal; font-variant-caps: normal; font-weight: 400; letter-spacing: normal; orphans: 2; text-align: start; text-indent: 0px; text-transform: none; white-space: normal; widows: 2; word-spacing: 0px; -webkit-text-stroke-width: 0px; background-color: rgba(255, 255, 255, 0.6); text-decoration-thickness: initial; text-decoration-style: initial; text-decoration-color: initial;\"><span style=\"font-size: small;\"><strong style=\"box-sizing: inherit; margin: 0px; padding: 0px;\">Koostisosad<br \/><\/strong>vesi, suhkur, gin, s\u00fcsihappegaas, hape &#8211; sidrunhape, stabilisaator &#8211; E414, l\u00f5hna-\u00a0 ja maitseained, s\u00e4ilitusaine &#8211; kaaliumsorbaat, antioks\u00fcdant &#8211; askorbiinhape, toiduv\u00e4rvid &#8211; E120, E104.<br \/><strong style=\"box-sizing: inherit; margin: 0px; padding: 0px;\">Toitumisalane teave 100 ml kohta<br \/><\/strong><\/span><span style=\"font-size: small;\">Energia: 229 kJ \/\u00a054 kcal<br \/>Rasvad: 0 g<br \/><\/span><span style=\"font-size: small;\">\u00a0 \u00a0\u00a0 millest k\u00fcllastunud rasvhappeid: 0 g<br \/><\/span><span style=\"font-size: small;\">S\u00fcsivesikud:\u00a0 5,7 g<br \/><\/span><span style=\"font-size: small;\">\u00a0 \u00a0\u00a0 millest suhkruid: 5,7 g<br \/>Valgud: 0 g<br \/><\/span><span style=\"font-size: small;\">Sool: 0 g<\/span><\/p>\n\n<style>.wp-block-kadence-advancedheading.kt-adv-heading4641_b32892-d5_0, .wp-block-kadence-advancedheading.kt-adv-heading4641_b32892-d5_0[data-kb-block=\"kb-adv-heading4641_b32892-d5_0\"]{font-style:normal;}.wp-block-kadence-advancedheading.kt-adv-heading4641_b32892-d5_0 mark.kt-highlight, .wp-block-kadence-advancedheading.kt-adv-heading4641_b32892-d5_0[data-kb-block=\"kb-adv-heading4641_b32892-d5_0\"] mark.kt-highlight{font-style:normal;color:#f76a0c;-webkit-box-decoration-break:clone;box-decoration-break:clone;padding-top:0px;padding-right:0px;padding-bottom:0px;padding-left:0px;}<\/style>\n<p class=\"kt-adv-heading4641_b32892-d5_0 wp-block-kadence-advancedheading has-theme-palette-9-color has-text-color\" data-kb-block=\"kb-adv-heading4641_b32892-d5_0\">long drink<\/p>\n\n\n<style>.wp-block-kadence-advancedheading.kt-adv-heading4641_a17fb3-89, .wp-block-kadence-advancedheading.kt-adv-heading4641_a17fb3-89[data-kb-block=\"kb-adv-heading4641_a17fb3-89\"]{font-style:normal;}.wp-block-kadence-advancedheading.kt-adv-heading4641_a17fb3-89 mark.kt-highlight, .wp-block-kadence-advancedheading.kt-adv-heading4641_a17fb3-89[data-kb-block=\"kb-adv-heading4641_a17fb3-89\"] mark.kt-highlight{font-style:normal;color:#f76a0c;-webkit-box-decoration-break:clone;box-decoration-break:clone;padding-top:0px;padding-right:0px;padding-bottom:0px;padding-left:0px;}<\/style>\n<p class=\"kt-adv-heading4641_a17fb3-89 wp-block-kadence-advancedheading\" data-kb-block=\"kb-adv-heading4641_a17fb3-89\"><\/p>","protected":false},"excerpt":{"rendered":"<p>Liik: Lahja alkohoolne jook, Long Drink<br \/>\nKastis: 24<br \/>\nMaht: 7,92L<br \/>\nAlkoholisisaldus: 5,5%<br \/>\nServeerimine: Jahutatult<\/p>\n<p class=\"translation-block\">HUOM! Yhteen pakettiin mahtuu 3 sellaista tuotetta.<\/p>","protected":false},"featured_media":4640,"template":"","meta":{"_acf_changed":false,"_kadence_starter_templates_imported_post":false,"_kad_post_transparent":"","_kad_post_title":"","_kad_post_layout":"","_kad_post_sidebar_id":"","_kad_post_content_style":"","_kad_post_vertical_padding":"","_kad_post_feature":"","_kad_post_feature_position":"","_kad_post_header":false,"_kad_post_footer":false},"product_brand":[],"product_cat":[90,232,25],"product_tag":[],"class_list":{"0":"post-4641","1":"product","2":"type-product","3":"status-publish","4":"has-post-thumbnail","6":"product_cat-long-drink","7":"product_cat-pandipakend","8":"product_cat-olu-siider-long-drink","10":"first","11":"instock","12":"taxable","13":"shipping-taxable","14":"purchasable","15":"product-type-simple","16":"entry","17":"content-bg","18":"loop-entry"},"acf":[],"_links":{"self":[{"href":"https:\/\/mydrink.ee\/fi\/wp-json\/wp\/v2\/product\/4641","targetHints":{"allow":["GET"]}}],"collection":[{"href":"https:\/\/mydrink.ee\/fi\/wp-json\/wp\/v2\/product"}],"about":[{"href":"https:\/\/mydrink.ee\/fi\/wp-json\/wp\/v2\/types\/product"}],"wp:featuredmedia":[{"embeddable":true,"href":"https:\/\/mydrink.ee\/fi\/wp-json\/wp\/v2\/media\/4640"}],"wp:attachment":[{"href":"https:\/\/mydrink.ee\/fi\/wp-json\/wp\/v2\/media?parent=4641"}],"wp:term":[{"taxonomy":"product_brand","embeddable":true,"href":"https:\/\/mydrink.ee\/fi\/wp-json\/wp\/v2\/product_brand?post=4641"},{"taxonomy":"product_cat","embeddable":true,"href":"https:\/\/mydrink.ee\/fi\/wp-json\/wp\/v2\/product_cat?post=4641"},{"taxonomy":"product_tag","embeddable":true,"href":"https:\/\/mydrink.ee\/fi\/wp-json\/wp\/v2\/product_tag?post=4641"}],"curies":[{"name":"wp","href":"https:\/\/api.w.org\/{rel}","templated":true}]}}