{"id":4682,"date":"2023-11-22T09:36:35","date_gmt":"2023-11-22T07:36:35","guid":{"rendered":"https:\/\/mydrink.ee\/product\/vana-tallinn-glogi-12-vol-3l-bib\/"},"modified":"2025-11-21T11:00:40","modified_gmt":"2025-11-21T09:00:40","slug":"vana-tallinn-glogi-12-vol-3l-bib","status":"publish","type":"product","link":"https:\/\/mydrink.ee\/fi\/product\/vana-tallinn-glogi-12-vol-3l-bib\/","title":{"rendered":"Vana Tallinn Gl\u00f6gi 12% vol 3l BIB"},"content":{"rendered":"<p>Vana Tallinn Gl\u00f6gi on aromaatne jook, mis on ideaalne kaaslane talvehooajaks. See on kokku segatud klassikalisest Vana Tallinnast ning kvaliteetsest punaveinist. Gl\u00f6gi sobib suurep\u00e4raselt<br \/>soojendama k\u00fclmal talve\u00f5htul ja meeli r\u00f5\u00f5mustama p\u00fchade perioodil. Vana Tallinn Gl\u00f6gi on olnud mitmeid aastaid Eestis enimm\u00fc\u00fcduim ja armastatuim gl\u00f6gi.<\/p>\n<p>Klassikalise Vana Tallinna lik\u00f6\u00f6ri tornikujuline pudel on inspireeritud Tallinna vanalinnast ja kujutab UNESCO maailmap\u00e4randi nimistusse kuuluva keskaegse linnam\u00fc\u00fcri torne. Pudeli etiketi kujundus on inspireeritud p\u00f5hjamaiselt kargetest talve\u00f5htutest, mil v\u00fcrtsikad maitsed pakuvad meeldivat v\u00f5imalust soojendamiseks.<\/p>\n<p>Vana Tallinn Gl\u00f6gi aroomis on tunda punase veini h\u00f5rkust, segatuna soojade v\u00fcrtside ja rummiga. Gl\u00f6gile iseloomulikku v\u00fcrtsikat maitset ilmestab vihje klassikalisele Vana Tallinnale, seega n\u00fcanssidest v\u00f5ib tabada kaneeli, aniisi, vanilli ja pisut tsitruselisi.<\/p>\n<p>Serveerimine<br \/>Serveerida kuumutatult lisades rosinaid, p\u00e4hkleid, mandleid, kaneelipulkasid ja miks mitte ka \u00fcks apelsiniviil. Suurep\u00e4rane soojendav jook j\u00f5ulumaiuste k\u00f5rvale v\u00f5i m\u00f5ne tummisema \u0161okolaadikoogiga.<\/p>\n\n<style>.wp-block-kadence-advancedheading.kt-adv-heading4682_e6e88a-59_0, .wp-block-kadence-advancedheading.kt-adv-heading4682_e6e88a-59_0[data-kb-block=\"kb-adv-heading4682_e6e88a-59_0\"]{font-style:normal;}.wp-block-kadence-advancedheading.kt-adv-heading4682_e6e88a-59_0 mark.kt-highlight, .wp-block-kadence-advancedheading.kt-adv-heading4682_e6e88a-59_0[data-kb-block=\"kb-adv-heading4682_e6e88a-59_0\"] mark.kt-highlight{font-style:normal;color:#f76a0c;-webkit-box-decoration-break:clone;box-decoration-break:clone;padding-top:0px;padding-right:0px;padding-bottom:0px;padding-left:0px;}<\/style>\n<p class=\"kt-adv-heading4682_e6e88a-59_0 wp-block-kadence-advancedheading has-theme-palette-9-color has-text-color\" data-kb-block=\"kb-adv-heading4682_e6e88a-59_0\">gl\u00f6gi, gl\u00f6gg, h\u00f5\u00f5gvein<\/p>","protected":false},"excerpt":{"rendered":"<p>Toote liik: Muu alkoholne jook<br \/>T&uuml;&uuml;p: Gl&ouml;gi<br \/>Maht: 300 CL<br \/>P&auml;ritolumaa: Eesti<br \/>Alkoholi sisaldus: 12% vol<br \/>V&auml;rv: Punane<br \/>Maitse: Aromaatne, v&uuml;rtsid, Vana Tallinn, kaneel<br \/>Aroom: V&uuml;rtsid, kaneel, aniis, vanilje<br \/>Serveerimistemperatuur: Toatemperatuuril v&otilde;i kuumalt<\/p>","protected":false},"featured_media":4681,"template":"","meta":{"_acf_changed":false,"_kadence_starter_templates_imported_post":false,"_kad_post_transparent":"","_kad_post_title":"","_kad_post_layout":"","_kad_post_sidebar_id":"","_kad_post_content_style":"","_kad_post_vertical_padding":"","_kad_post_feature":"","_kad_post_feature_position":"","_kad_post_header":false,"_kad_post_footer":false},"product_brand":[],"product_cat":[119,255,110,20,182,87,37,38],"product_tag":[],"class_list":{"0":"post-4682","1":"product","2":"type-product","3":"status-publish","4":"has-post-thumbnail","6":"product_cat-pakiveinid","7":"product_cat-pakiveinid-pakkumised","8":"product_cat-pakkumised","9":"product_cat-punased-veinid","10":"product_cat-pakiveinid-1-veinid","11":"product_cat-frontpage","12":"product_cat-muu","13":"product_cat-soodus","15":"first","16":"instock","17":"sale","18":"taxable","19":"shipping-taxable","20":"purchasable","21":"product-type-simple","22":"entry","23":"content-bg","24":"loop-entry"},"acf":[],"_links":{"self":[{"href":"https:\/\/mydrink.ee\/fi\/wp-json\/wp\/v2\/product\/4682","targetHints":{"allow":["GET"]}}],"collection":[{"href":"https:\/\/mydrink.ee\/fi\/wp-json\/wp\/v2\/product"}],"about":[{"href":"https:\/\/mydrink.ee\/fi\/wp-json\/wp\/v2\/types\/product"}],"wp:featuredmedia":[{"embeddable":true,"href":"https:\/\/mydrink.ee\/fi\/wp-json\/wp\/v2\/media\/4681"}],"wp:attachment":[{"href":"https:\/\/mydrink.ee\/fi\/wp-json\/wp\/v2\/media?parent=4682"}],"wp:term":[{"taxonomy":"product_brand","embeddable":true,"href":"https:\/\/mydrink.ee\/fi\/wp-json\/wp\/v2\/product_brand?post=4682"},{"taxonomy":"product_cat","embeddable":true,"href":"https:\/\/mydrink.ee\/fi\/wp-json\/wp\/v2\/product_cat?post=4682"},{"taxonomy":"product_tag","embeddable":true,"href":"https:\/\/mydrink.ee\/fi\/wp-json\/wp\/v2\/product_tag?post=4682"}],"curies":[{"name":"wp","href":"https:\/\/api.w.org\/{rel}","templated":true}]}}