{"id":4686,"date":"2023-11-28T09:51:17","date_gmt":"2023-11-28T07:51:17","guid":{"rendered":"https:\/\/mydrink.ee\/product\/tanker-premium-kerge-ipa-5-2-vol-50cl-x-24\/"},"modified":"2026-04-08T14:05:08","modified_gmt":"2026-04-08T11:05:08","slug":"tanker-premium-kerge-ipa-5-2-vol-50cl-x-24","status":"publish","type":"product","link":"https:\/\/mydrink.ee\/fi\/product\/tanker-premium-kerge-ipa-5-2-vol-50cl-x-24\/","title":{"rendered":"Tanker Premium Kerge IPA 5,2% vol 50CL x 24"},"content":{"rendered":"<h6 class=\"western\" style=\"font-style: normal; font-weight: normal; text-decoration: none;\"><strong><span style=\"color: #000000; font-size: small;\"><span style=\"font-family: Lato, sans-serif;\"><\/span><\/span><\/strong><\/h6>\n<p style=\"margin-bottom: 0cm;\"><span style=\"color: #000000;\"><span style=\"font-size: small;\"><span style=\"font-family: Lato, sans-serif;\"><span style=\"font-style: normal;\"><span style=\"font-weight: normal;\"><strong>Kergelt humalane hele eil stiilis \u00f5lu<\/strong><\/p>\n<p><\/span><\/span><\/span><\/span><span style=\"font-family: Lato, sans-serif;\"><span style=\"color: #000000; font-family: Lato, sans-serif; font-size: 17px; font-style: normal; font-variant-ligatures: normal; font-variant-caps: normal; font-weight: 300; letter-spacing: normal; orphans: 2; text-align: start; text-indent: 0px; text-transform: none; widows: 2; word-spacing: 0px; -webkit-text-stroke-width: 0px; white-space: normal; background-color: #ffffff; text-decoration-thickness: initial; text-decoration-style: initial; text-decoration-color: initial; display: inline !important; float: none;\"><span style=\"font-size: small;\">Tsitrusviljade v\u00e4rskuse ja m\u00f5\u00f5duka humalam\u00f5rudusega kergelt joodav \u00f5lu. Kuldne merevaigu varjundiga \u00f5lu. Aroomis<\/span> <span style=\"font-size: small;\">v\u00e4rskusest pakatav humal, tsitrusekoored ja \u00f5rn linnasebaasi magusus.<\/span><\/span><\/span><\/span><span style=\"color: #000000; font-size: small;\"><span style=\"font-family: Lato, sans-serif;\"><\/p>\n<p><\/span><\/span><span style=\"color: #000000;\"><span style=\"font-size: small;\"><span style=\"text-decoration: none;\"><span style=\"font-family: Lato, sans-serif;\"><span style=\"font-style: normal;\"><span style=\"font-weight: normal;\">M\u00f5rudus\u00a0\u00a0\u00a0\u00a0\u00a0 <\/span><\/span><\/span><\/span><span style=\"font-family: Lato, sans-serif;\"><span style=\"font-style: normal;\"><span style=\"font-weight: normal;\">IBU 35<br \/><\/span><\/span><\/span><\/span><span style=\"text-decoration: none;\"><span style=\"font-family: Lato, sans-serif;\"><span style=\"font-size: small;\"><span style=\"font-style: normal;\"><span style=\"font-weight: normal;\">Allergeenid\u00a0 <\/span><\/span><\/span><\/span><\/span><\/span><span style=\"color: #000000;\"><span style=\"font-family: Lato, sans-serif;\"><span style=\"font-size: small;\"><span style=\"font-style: normal;\"><span style=\"font-weight: normal;\">Odra- ja nisulinnased<\/span><\/span><\/span><\/span><\/span><span style=\"color: #000000;\"><span style=\"font-size: small;\"> <\/span><\/span><\/p>\n<p style=\"margin-bottom: 2.12cm; border: none; padding: 0cm; font-style: normal; font-weight: normal; line-height: 0.53cm; widows: 2; orphans: 2; text-decoration: none;\"><span style=\"color: #000000;\"><span style=\"font-size: small;\">\u00a0<\/span><\/span><\/p>","protected":false},"excerpt":{"rendered":"<p>Liik: &Otilde;lu<br \/>Kastis: 24<br \/>Maht: 12L<br \/>Alkoholisisaldus: 5,2%<br \/>P&auml;ritolumaa: Eesti<br \/>Aroom: V<span style=\"color: #000000;\"><span style=\"font-size: small;\"><span style=\"font-family: Lato, sans-serif;\"><span style=\"font-style: normal;\"><span style=\"font-weight: normal;\">&auml;rskusest pakatav humal, tsitrusekoored ja &otilde;rn linnasebaasi magusus.<\/span><\/span><\/span><\/span><\/span><br \/>Maitse: T<span style=\"color: #000000;\"><span style=\"font-size: small;\"><span style=\"font-family: Lato, sans-serif;\"><span style=\"font-style: normal;\"><span style=\"font-weight: normal;\">sitrusekoor, m&auml;nnivaik, mis m&otilde;nusalt p&otilde;imunud kerge humala m&otilde;rudusega. Keskmisest tugevama m&otilde;rudusega, v&auml;rskendav ja maitsek&uuml;llane &otilde;lu.<\/span><\/span><\/span><\/span><span style=\"font-family: Lato, sans-serif;\"><span style=\"font-size: medium;\"><br \/><\/span><\/span><\/span>Serveerimine: 4-6C<\/p><\/p>","protected":false},"featured_media":4685,"template":"","meta":{"_acf_changed":false,"_kadence_starter_templates_imported_post":false,"_kad_post_transparent":"","_kad_post_title":"","_kad_post_layout":"","_kad_post_sidebar_id":"","_kad_post_content_style":"","_kad_post_vertical_padding":"","_kad_post_feature":"","_kad_post_feature_position":"","_kad_post_header":false,"_kad_post_footer":false},"product_brand":[],"product_cat":[88,232,127,25],"product_tag":[],"class_list":{"0":"post-4686","1":"product","2":"type-product","3":"status-publish","4":"has-post-thumbnail","6":"product_cat-oluet","7":"product_cat-pandipakend","8":"product_cat-eesti","9":"product_cat-olu-siider-long-drink","11":"first","12":"instock","13":"taxable","14":"shipping-taxable","15":"purchasable","16":"product-type-simple","17":"entry","18":"content-bg","19":"loop-entry"},"acf":[],"_links":{"self":[{"href":"https:\/\/mydrink.ee\/fi\/wp-json\/wp\/v2\/product\/4686","targetHints":{"allow":["GET"]}}],"collection":[{"href":"https:\/\/mydrink.ee\/fi\/wp-json\/wp\/v2\/product"}],"about":[{"href":"https:\/\/mydrink.ee\/fi\/wp-json\/wp\/v2\/types\/product"}],"wp:featuredmedia":[{"embeddable":true,"href":"https:\/\/mydrink.ee\/fi\/wp-json\/wp\/v2\/media\/4685"}],"wp:attachment":[{"href":"https:\/\/mydrink.ee\/fi\/wp-json\/wp\/v2\/media?parent=4686"}],"wp:term":[{"taxonomy":"product_brand","embeddable":true,"href":"https:\/\/mydrink.ee\/fi\/wp-json\/wp\/v2\/product_brand?post=4686"},{"taxonomy":"product_cat","embeddable":true,"href":"https:\/\/mydrink.ee\/fi\/wp-json\/wp\/v2\/product_cat?post=4686"},{"taxonomy":"product_tag","embeddable":true,"href":"https:\/\/mydrink.ee\/fi\/wp-json\/wp\/v2\/product_tag?post=4686"}],"curies":[{"name":"wp","href":"https:\/\/api.w.org\/{rel}","templated":true}]}}