{"id":4699,"date":"2024-01-23T09:37:12","date_gmt":"2024-01-23T07:37:12","guid":{"rendered":"https:\/\/mydrink.ee\/product\/nederburg-winemasters-cabernet-sauvignon-14-vol-300cl-bib\/"},"modified":"2024-01-23T09:37:12","modified_gmt":"2024-01-23T07:37:12","slug":"nederburg-winemasters-cabernet-sauvignon-14-vol-300cl-bib","status":"publish","type":"product","link":"https:\/\/mydrink.ee\/fi\/product\/nederburg-winemasters-cabernet-sauvignon-14-vol-300cl-bib\/","title":{"rendered":"Nederburg Winemasters Cabernet Sauvignon 14% vol 300cl BIB"},"content":{"rendered":"<p>Viinamarjad on kasvanud Darling, Stellenbosch, Philadelfia ja Paarl veinipiirkondades. <br \/>Viinamarjaistanduste pinnased on \u00e4\u00e4rmiselt mitmekesised, kus domineerivad graniit, liivakivi kui ka kiltkivi. Peale korjet k\u00e4\u00e4ritatakse veini 14 p\u00e4eva jooksul roostevabast terasest mahutites, millele j\u00e4rgneb malolaktiline fermentatsioon ja k\u00fcpsemine 12-15 kuud kokkupuutes tammega.<\/p>\n<p>Distell Grupp on L\u00f5una-Aafrika \u00fcks suurim ja enim-auhinnatud veinitootja, kes on k\u00fclmk\u00e4\u00e4ritusprotsessi avastaja \u2013 k\u00e4\u00e4ritusprotsess toimub madalal temperatuuril, mis j\u00e4tab veinile mahlaka ja elegantse struktuuri. Veinipakend on keskkonnas\u00f5bralik ja 100% taaskasutatav!<\/p>","protected":false},"excerpt":{"rendered":"<p><span style=\"font-size: small;\">Liik: Geograafilise t&auml;hisega vein<\/span><br \/><span style=\"font-size: small;\">Kastis: 4<\/span><br \/><span style=\"font-size: small;\">Maht: 300CL<\/span><br \/><span style=\"font-size: small;\">Alkoholisisaldus: 14% vol<\/span><br \/><span style=\"font-size: small;\">P&auml;ritolumaa: L&otilde;una-Aafrika<\/span><br \/><span style=\"font-size: small;\">Viinamarjasort: Cabernet Sauvignon 100% <\/span><br \/><span style=\"font-size: small;\">Aroom: <span style=\"color: #212129; font-family: lineto, 'Helvetica Neue', Helvetica, Arial, sans-serif; font-style: normal; font-variant-ligatures: normal; font-variant-caps: normal; font-weight: 400; letter-spacing: normal; text-align: start; text-indent: 0px; text-transform: none; word-spacing: 0px; -webkit-text-stroke-width: 0px; white-space: normal; background-color: #ffffff; text-decoration-thickness: initial; text-decoration-style: initial; text-decoration-color: initial; display: inline !important; float: none;\">Aroomis tulevad esile musts&otilde;strad, p&otilde;ldmarjad, mustad kirsid, v&uuml;rtsikus ja &otilde;rnalt on tunda nahka.<\/span><\/span><br \/><span style=\"font-size: small;\">Maitse: <span style=\"color: #212129; font-family: lineto, 'Helvetica Neue', Helvetica, Arial, sans-serif; font-style: normal; font-variant-ligatures: normal; font-variant-caps: normal; font-weight: 400; letter-spacing: normal; text-align: start; text-indent: 0px; text-transform: none; word-spacing: 0px; -webkit-text-stroke-width: 0px; white-space: normal; background-color: #ffffff; text-decoration-thickness: initial; text-decoration-style: initial; text-decoration-color: initial; display: inline !important; float: none;\">Marjane ja lihtsasti joodav vein. Maitselt on vein kuiv, keskmise t&auml;idlusega, k&uuml;psete tanniinidega ja pika j&auml;relmaitsega.<\/span><\/span><br \/><span style=\"font-size: small;\">Toidusoovitus: <span style=\"color: #212129; font-family: lineto, 'Helvetica Neue', Helvetica, Arial, sans-serif; font-style: normal; font-variant-ligatures: normal; font-variant-caps: normal; font-weight: 400; letter-spacing: normal; text-align: start; text-indent: 0px; text-transform: none; word-spacing: 0px; -webkit-text-stroke-width: 0px; white-space: normal; background-color: #ffffff; text-decoration-thickness: initial; text-decoration-style: initial; text-decoration-color: initial; display: inline !important; float: none;\">Sobib erinevate lihadega nagu lammas, uluk ja veis. Lisaks v&otilde;ib serveerida vanemate k&otilde;vade juustudega nagu gouda, parmesan v&otilde;i manchegp <br \/>Serveerimistemperatuur: 16&deg;C.<\/span><\/span><\/p>","protected":false},"featured_media":4698,"template":"","meta":{"_acf_changed":false,"_kadence_starter_templates_imported_post":false,"_kad_post_transparent":"","_kad_post_title":"","_kad_post_layout":"","_kad_post_sidebar_id":"","_kad_post_content_style":"","_kad_post_vertical_padding":"","_kad_post_feature":"","_kad_post_feature_position":"","_kad_post_header":false,"_kad_post_footer":false},"product_brand":[],"product_cat":[20,182,31,119],"product_tag":[],"class_list":{"0":"post-4699","1":"product","2":"type-product","3":"status-publish","4":"has-post-thumbnail","6":"product_cat-punased-veinid","7":"product_cat-pakiveinid-1-veinid","8":"product_cat-lav","9":"product_cat-pakiveinid","11":"first","12":"instock","13":"taxable","14":"shipping-taxable","15":"purchasable","16":"product-type-simple","17":"entry","18":"content-bg","19":"loop-entry"},"acf":[],"_links":{"self":[{"href":"https:\/\/mydrink.ee\/fi\/wp-json\/wp\/v2\/product\/4699","targetHints":{"allow":["GET"]}}],"collection":[{"href":"https:\/\/mydrink.ee\/fi\/wp-json\/wp\/v2\/product"}],"about":[{"href":"https:\/\/mydrink.ee\/fi\/wp-json\/wp\/v2\/types\/product"}],"wp:featuredmedia":[{"embeddable":true,"href":"https:\/\/mydrink.ee\/fi\/wp-json\/wp\/v2\/media\/4698"}],"wp:attachment":[{"href":"https:\/\/mydrink.ee\/fi\/wp-json\/wp\/v2\/media?parent=4699"}],"wp:term":[{"taxonomy":"product_brand","embeddable":true,"href":"https:\/\/mydrink.ee\/fi\/wp-json\/wp\/v2\/product_brand?post=4699"},{"taxonomy":"product_cat","embeddable":true,"href":"https:\/\/mydrink.ee\/fi\/wp-json\/wp\/v2\/product_cat?post=4699"},{"taxonomy":"product_tag","embeddable":true,"href":"https:\/\/mydrink.ee\/fi\/wp-json\/wp\/v2\/product_tag?post=4699"}],"curies":[{"name":"wp","href":"https:\/\/api.w.org\/{rel}","templated":true}]}}