{"id":4701,"date":"2024-02-02T08:31:16","date_gmt":"2024-02-02T06:31:16","guid":{"rendered":"https:\/\/mydrink.ee\/product\/robert-burns-single-malt-scotch-whisky-43-vol-70cl-tuubis\/"},"modified":"2025-11-21T13:55:41","modified_gmt":"2025-11-21T11:55:41","slug":"robert-burns-single-malt-scotch-whisky-43-vol-70cl-tuubis","status":"publish","type":"product","link":"https:\/\/mydrink.ee\/fi\/product\/robert-burns-single-malt-scotch-whisky-43-vol-70cl-tuubis\/","title":{"rendered":"ARRAN ROBERT BURNS SINGLE MALT SCOTCH WHISKY 43% vol 70CL TUUBIS"},"content":{"rendered":"<p>Ametlik ja ainus Robert Burnsi Single Malt viski. Robert Burns \u2013 \u0160otimaa rahvuslik poeet ja \u0160otimaa globaalne ikoon (1759\u20131796).<\/p>\n<p>Arran on saar Iiri mere Clyde&#8217;i lahes, mis asub \u0160otimaa l\u00e4\u00e4ne k\u00fcljel. Selle saarel otsustas aastal 1994 Harold Currie oma \u00e4ripartneritega p\u00fcsti panna viskivabriku. Miks Arran? \u2013 t\u00f5endatud kui \u00fcks k\u00f5ige puhtam vesi tervel \u0160otimaal, unikaalne kliima ning kirev destilleerimis ajalgu sel saarel. Imeilusas Lochranza k\u00fclas mis asub saare p\u00f5hja osas alustati esimese viski serveerimist aastal 1998 kui Ewan McGregor ristis sisse esimese \u201dSingle Malt Whiskey\u201d sellest vabrikust.<\/p>\n<p>\u201dArran Distlleries\u201d kasutab 100% \u201dLaurette\u201d linnaseid mis kuivatatakse kuuma \u00f5huga. Oleme \u00fcks v\u00e4heseid \u00fchelinnase viskisid mis on t\u00e4iesti suitsuvaba. Julgus katsetada erinevaid vaate on teinud meie viski kriitikute silmis \u00fcheks parimaks \u0160oti viskiks maailmas.<\/p>\n<p>Arran Distillery asutaja Harold Currie otsustas 1993ndal aastal saare p\u00f5hjaosas t\u00f6\u00f6le panna esimese legaalse destilleerimisvabriku aastast 1836. P\u00f5hjuse selleks andis \u201cLoch Na Davie\u201d m\u00e4gedes avastatud veeallikas.<\/p>","protected":false},"excerpt":{"rendered":"<p>Tooteliik:&nbsp;&nbsp; &nbsp;Viski<br \/>P&auml;ritolumaa:&nbsp;&nbsp; &nbsp;&Scaron;otimaa<br \/>Piirkond:&nbsp;&nbsp; &nbsp;Arrani saar<br \/>Tootja: Isle of Arran Distillers Ltd<br \/><span style=\"color: #000000; font-family: Montserrat, Helvetica, 'Arial sans-serif'; font-size: 14px; font-style: normal; font-variant-ligatures: normal; font-variant-caps: normal; font-weight: 400; letter-spacing: normal; orphans: 2; text-align: left; text-indent: 0px; text-transform: none; widows: 2; word-spacing: 0px; -webkit-text-stroke-width: 0px; white-space: normal; background-color: #ffffff; text-decoration-thickness: initial; text-decoration-style: initial; text-decoration-color: initial; display: inline !important; float: none;\"><\/span>Kogus kastis: 6<br \/>Koostisosad: 100% &#8220;Laurette&#8221; linnased<br \/>Alkoholisisaldus:&nbsp;&nbsp; &nbsp;43% vol<br \/>V&auml;rvus:&nbsp;&nbsp;&nbsp; Helepruun<br \/>Aroom:&nbsp;&nbsp;&nbsp; &Otilde;rnad magus ja mesine<br \/>Maitse:&nbsp; Esile t&otilde;usevad mesi, iiriseglasuuriga kaetud pekaanip&auml;hklid ja v&auml;rsked suvised puuviljad. J&auml;relmaitses &otilde;unad ja tsitrulised.<\/p><\/p>","protected":false},"featured_media":4700,"template":"","meta":{"_acf_changed":false,"_kadence_starter_templates_imported_post":false,"_kad_post_transparent":"","_kad_post_title":"","_kad_post_layout":"","_kad_post_sidebar_id":"","_kad_post_content_style":"","_kad_post_vertical_padding":"","_kad_post_feature":"","_kad_post_feature_position":"","_kad_post_header":false,"_kad_post_footer":false},"product_brand":[],"product_cat":[111,45,26,22],"product_tag":[],"class_list":{"0":"post-4701","1":"product","2":"type-product","3":"status-publish","4":"has-post-thumbnail","6":"product_cat-viski-1","7":"product_cat-viski","8":"product_cat-kange-alkohol","9":"product_cat-kingiideed","11":"first","12":"instock","13":"taxable","14":"shipping-taxable","15":"purchasable","16":"product-type-simple","17":"entry","18":"content-bg","19":"loop-entry"},"acf":[],"_links":{"self":[{"href":"https:\/\/mydrink.ee\/fi\/wp-json\/wp\/v2\/product\/4701","targetHints":{"allow":["GET"]}}],"collection":[{"href":"https:\/\/mydrink.ee\/fi\/wp-json\/wp\/v2\/product"}],"about":[{"href":"https:\/\/mydrink.ee\/fi\/wp-json\/wp\/v2\/types\/product"}],"wp:featuredmedia":[{"embeddable":true,"href":"https:\/\/mydrink.ee\/fi\/wp-json\/wp\/v2\/media\/4700"}],"wp:attachment":[{"href":"https:\/\/mydrink.ee\/fi\/wp-json\/wp\/v2\/media?parent=4701"}],"wp:term":[{"taxonomy":"product_brand","embeddable":true,"href":"https:\/\/mydrink.ee\/fi\/wp-json\/wp\/v2\/product_brand?post=4701"},{"taxonomy":"product_cat","embeddable":true,"href":"https:\/\/mydrink.ee\/fi\/wp-json\/wp\/v2\/product_cat?post=4701"},{"taxonomy":"product_tag","embeddable":true,"href":"https:\/\/mydrink.ee\/fi\/wp-json\/wp\/v2\/product_tag?post=4701"}],"curies":[{"name":"wp","href":"https:\/\/api.w.org\/{rel}","templated":true}]}}