{"id":4703,"date":"2024-02-02T09:16:49","date_gmt":"2024-02-02T07:16:49","guid":{"rendered":"https:\/\/mydrink.ee\/product\/old-barny-whisky-40-vol-50cl-pet\/"},"modified":"2026-04-08T13:48:11","modified_gmt":"2026-04-08T10:48:11","slug":"old-barny-whisky-40-vol-50cl-pet","status":"publish","type":"product","link":"https:\/\/mydrink.ee\/fi\/product\/old-barny-whisky-40-vol-50cl-pet\/","title":{"rendered":"Old Barny Whisky 40% vol 50cl PET"},"content":{"rendered":"<p><span style=\"color: #050505; font-family: 'Segoe UI Historic', 'Segoe UI', Helvetica, Arial, sans-serif; font-size: 15px; font-style: normal; font-variant-ligatures: normal; font-variant-caps: normal; font-weight: 400; letter-spacing: normal; orphans: 2; text-align: start; text-indent: 0px; text-transform: none; widows: 2; word-spacing: 0px; -webkit-text-stroke-width: 0px; white-space: normal; background-color: #ffffff; text-decoration-thickness: initial; text-decoration-style: initial; text-decoration-color: initial; display: inline !important; float: none;\"><span style=\"font-size: small;\">Old Barny on \u0161ikk ja t\u00e4idlase maitsega \u0160oti viski, mis on vaatides laagerdunud v\u00e4hemalt 3 aastat. <br \/>Serveeri rohke j\u00e4\u00e4g<\/span>a!<\/span><\/p>","protected":false},"excerpt":{"rendered":"<p>Liik: Viski<br \/>Kastis: 10<br \/>P&auml;ritolumaa: &Scaron;otimaa<br \/>Maht: 50CL<br \/>Alkoholisisaldus: 40%<\/p>","protected":false},"featured_media":4702,"template":"","meta":{"_acf_changed":false,"_kadence_starter_templates_imported_post":false,"_kad_post_transparent":"","_kad_post_title":"","_kad_post_layout":"","_kad_post_sidebar_id":"","_kad_post_content_style":"","_kad_post_vertical_padding":"","_kad_post_feature":"","_kad_post_feature_position":"","_kad_post_header":false,"_kad_post_footer":false},"product_brand":[],"product_cat":[45,26],"product_tag":[],"class_list":{"0":"post-4703","1":"product","2":"type-product","3":"status-publish","4":"has-post-thumbnail","6":"product_cat-viski","7":"product_cat-kange-alkohol","9":"first","10":"instock","11":"taxable","12":"shipping-taxable","13":"purchasable","14":"product-type-simple","15":"entry","16":"content-bg","17":"loop-entry"},"acf":[],"_links":{"self":[{"href":"https:\/\/mydrink.ee\/fi\/wp-json\/wp\/v2\/product\/4703","targetHints":{"allow":["GET"]}}],"collection":[{"href":"https:\/\/mydrink.ee\/fi\/wp-json\/wp\/v2\/product"}],"about":[{"href":"https:\/\/mydrink.ee\/fi\/wp-json\/wp\/v2\/types\/product"}],"wp:featuredmedia":[{"embeddable":true,"href":"https:\/\/mydrink.ee\/fi\/wp-json\/wp\/v2\/media\/4702"}],"wp:attachment":[{"href":"https:\/\/mydrink.ee\/fi\/wp-json\/wp\/v2\/media?parent=4703"}],"wp:term":[{"taxonomy":"product_brand","embeddable":true,"href":"https:\/\/mydrink.ee\/fi\/wp-json\/wp\/v2\/product_brand?post=4703"},{"taxonomy":"product_cat","embeddable":true,"href":"https:\/\/mydrink.ee\/fi\/wp-json\/wp\/v2\/product_cat?post=4703"},{"taxonomy":"product_tag","embeddable":true,"href":"https:\/\/mydrink.ee\/fi\/wp-json\/wp\/v2\/product_tag?post=4703"}],"curies":[{"name":"wp","href":"https:\/\/api.w.org\/{rel}","templated":true}]}}