{"id":4744,"date":"2024-06-12T14:27:26","date_gmt":"2024-06-12T11:27:26","guid":{"rendered":"https:\/\/mydrink.ee\/product\/banfi-grappa-poggio-alle-mura-riserva-45-50cl-box\/"},"modified":"2025-12-16T18:23:21","modified_gmt":"2025-12-16T16:23:21","slug":"banfi-grappa-poggio-alle-mura-riserva-45-50cl-box","status":"publish","type":"product","link":"https:\/\/mydrink.ee\/fi\/product\/banfi-grappa-poggio-alle-mura-riserva-45-50cl-box\/","title":{"rendered":"BANFI GRAPPA POGGIO ALLE MURA RISERVA 45% 50CL BOX"},"content":{"rendered":"<p><strong>Kirjeldus<\/strong>:<br \/>Grappa on Itaalia rahvusjook (destilleeritud alkohoolne jook), mis on valmistatud k\u00e4\u00e4ritatud viinamarjakestadest ja destilleeritud kas auruga, v\u00f5i veega segatult.<br \/>Poggio Alle Mura Riserva Grappa on arenenud 18 kuud Slavoonia\u00a0 tammevaadis<\/p>\n\n<style>.wp-block-kadence-advancedheading.kt-adv-heading4744_9a0b62-63, .wp-block-kadence-advancedheading.kt-adv-heading4744_9a0b62-63[data-kb-block=\"kb-adv-heading4744_9a0b62-63\"]{font-style:normal;}.wp-block-kadence-advancedheading.kt-adv-heading4744_9a0b62-63 mark.kt-highlight, .wp-block-kadence-advancedheading.kt-adv-heading4744_9a0b62-63[data-kb-block=\"kb-adv-heading4744_9a0b62-63\"] mark.kt-highlight{font-style:normal;color:#f76a0c;-webkit-box-decoration-break:clone;box-decoration-break:clone;padding-top:0px;padding-right:0px;padding-bottom:0px;padding-left:0px;}<\/style>\n<p class=\"kt-adv-heading4744_9a0b62-63 wp-block-kadence-advancedheading has-theme-palette-9-color has-text-color\" data-kb-block=\"kb-adv-heading4744_9a0b62-63\">grappa<\/p>","protected":false},"excerpt":{"rendered":"<p>Tooteliik:\u00a0\u00a0 \u00a0 Grappa<br \/>\nP\u00e4ritolumaa:\u00a0\u00a0 \u00a0Itaalia<br \/>\nPiirkond:\u00a0\u00a0 \u00a0Toskaana<br \/>\nTootja: Banfi s.r.l<br \/>\nMarjasort: Sangiovese<br \/>\nAlkoholisisaldus:\u00a0\u00a0 \u00a045% vol<br \/>\nV\u00e4rvus:\u00a0\u00a0 \u00a0V\u00e4rvus on merevaigukollane, kuldne.<br \/>\nAroom: Aroom on puuviljane ja lilleline, tunda tsitrusekoort, tammevaadi vaniljesust ja v\u00fcrtse.<br \/>\nMaitse: \u00a0\u00a0 \u00a0Maitse pehme ja sametine, tunda k\u00fcpseid puuvilju, kuivatatud \u00fcrte, p\u00e4rna\u00f5isi, tsitruse\u00f5li, vaniljesust ja aimatavat meek\u00e4rge. J\u00e4remaitse pikk ja sametiselt pehme.<br \/>\nToidusoovitus:\u00a0\u00a0 \u00a0Digestiiv, Iseseisvalt nautimiseks, Tugevamad juustud.<br \/>\nServeerimistemperatuur:\u00a0\u00a0 \u00a017-18\u00b0C grappa klaasist v\u00f5i \u201eSnifter\u201c t\u00fc\u00fcpi klaasist.<br \/>\nS\u00e4ilitustingimused: Toode on pakendatud kinkekarpi, s\u00e4ilitada vertikaalses asendis.<\/p>","protected":false},"featured_media":4743,"template":"","meta":{"_acf_changed":false,"_kadence_starter_templates_imported_post":false,"_kad_post_transparent":"","_kad_post_title":"","_kad_post_layout":"","_kad_post_sidebar_id":"","_kad_post_content_style":"","_kad_post_vertical_padding":"","_kad_post_feature":"","_kad_post_feature_position":"","_kad_post_header":false,"_kad_post_footer":false},"product_brand":[],"product_cat":[26,270,22,94],"product_tag":[],"class_list":{"0":"post-4744","1":"product","2":"type-product","3":"status-publish","4":"has-post-thumbnail","6":"product_cat-kange-alkohol","7":"product_cat-grappa-kingiideed","8":"product_cat-kingiideed","9":"product_cat-grappa","11":"first","12":"instock","13":"taxable","14":"shipping-taxable","15":"purchasable","16":"product-type-simple","17":"entry","18":"content-bg","19":"loop-entry"},"acf":[],"_links":{"self":[{"href":"https:\/\/mydrink.ee\/fi\/wp-json\/wp\/v2\/product\/4744","targetHints":{"allow":["GET"]}}],"collection":[{"href":"https:\/\/mydrink.ee\/fi\/wp-json\/wp\/v2\/product"}],"about":[{"href":"https:\/\/mydrink.ee\/fi\/wp-json\/wp\/v2\/types\/product"}],"wp:featuredmedia":[{"embeddable":true,"href":"https:\/\/mydrink.ee\/fi\/wp-json\/wp\/v2\/media\/4743"}],"wp:attachment":[{"href":"https:\/\/mydrink.ee\/fi\/wp-json\/wp\/v2\/media?parent=4744"}],"wp:term":[{"taxonomy":"product_brand","embeddable":true,"href":"https:\/\/mydrink.ee\/fi\/wp-json\/wp\/v2\/product_brand?post=4744"},{"taxonomy":"product_cat","embeddable":true,"href":"https:\/\/mydrink.ee\/fi\/wp-json\/wp\/v2\/product_cat?post=4744"},{"taxonomy":"product_tag","embeddable":true,"href":"https:\/\/mydrink.ee\/fi\/wp-json\/wp\/v2\/product_tag?post=4744"}],"curies":[{"name":"wp","href":"https:\/\/api.w.org\/{rel}","templated":true}]}}