{"id":4770,"date":"2024-10-15T08:51:11","date_gmt":"2024-10-15T05:51:11","guid":{"rendered":"https:\/\/mydrink.ee\/product\/vana-tallinn-40-vol-50cl-pet\/"},"modified":"2026-04-08T13:48:10","modified_gmt":"2026-04-08T10:48:10","slug":"vana-tallinn-40-vol-50cl-pet","status":"publish","type":"product","link":"https:\/\/mydrink.ee\/fi\/product\/vana-tallinn-40-vol-50cl-pet\/","title":{"rendered":"Vana Tallinn 40% vol 50cl PET"},"content":{"rendered":"<p><span style=\"color: #444444; font-family: SourceSansPro, sans-serif; font-size: small; font-style: normal; font-variant-ligatures: normal; font-variant-caps: normal; font-weight: 400; letter-spacing: normal; text-align: justify; text-indent: 0px; text-transform: none; word-spacing: 0px; -webkit-text-stroke-width: 0px; white-space: normal; background-color: #ffffff; text-decoration-thickness: initial; text-decoration-style: initial; text-decoration-color: initial; display: inline !important; float: none;\">Vana Tallinna lik\u00f6\u00f6ri sametine, kuid v\u00fcrtsikas maitse p\u00e4rineb rikkalikkust Jamaica rummist, hoolega valitud h\u00f5rkudest \u00fcrtidest ning eksootilistest tsitrusviljadest. Vana Tallinn valmistamiseks kasutatakse ainult naturaalseid koostisosi. <\/p>\n<p>Vana Tallinna retsepti m\u00f5tlesid 1960. aastal v\u00e4lja tsehhijuhataja Bernhard J\u00fcrno, tehase meister Jaan Siimo ja lik\u00f6\u00f6rimeister Ilse Maar. Valminud 45% vol Vana Tallinna lik\u00f6\u00f6r oli 1999. aastani ainus jook Vana Tallinna perekonnas, hiljem lisandusid 40% vol ja 50% vol lik\u00f6\u00f6rid. <br \/>Klassikalise Vana Tallinna tornikujuline pudel on inspireeritud Tallinna vanalinnast ja kujutab UNESCO maailmap\u00e4randi nimistusse kuuluva keskaegse linnam\u00fc\u00fcri torne. <\/p>\n<p>Vana Tallinna maitses annab tooni j\u00f5uline Jamaica rumm, eksootilised apelsin ja sidrun ning \u00fclima p\u00f5hjalikkusega valitud aromaatsed v\u00fcrtsid. Ainult naturaalsetest koostisosadest valmiv Vana Tallinna lik\u00f6\u00f6r eristub oma sametise eksootilise maitsega. Vana Tallinna lik\u00f6\u00f6ri pisut v\u00fcrtsikas maitses ja meeldivas aroomis on tunda vanillikauna, tsitruseid, karamelli, toffee\u2019d ja soojendavaid v\u00fcrtse. <br \/>Oma p\u00f5nevalt m\u00f5rkja maitse ja eksootilise aroomi eest v\u00f5lgneb jook t\u00e4nu kaneelikoorele. Lik\u00f6\u00f6ri valmistamise p\u00f5hjalik ja t\u00f6\u00f6mahukas protsess on suuresti k\u00e4sit\u00f6\u00f6. Joogi valmimiseks kulub ligi kuu.<\/span><\/p>","protected":false},"excerpt":{"rendered":"<p>Liik: Lik&ouml;&ouml;r <br \/>Kastis: 10 <br \/>Maht: 50 CL <br \/>Alkoholisisaldus: 40% vol<br \/>Tootjamaa: Eesti<br \/>T&uuml;&uuml;p: &Uuml;rdi<br \/>V&auml;rv: Vaskne<br \/>Maitse: Tsitrus&otilde;li, kaneel, vanilje, rumm<\/p>\n<p><span style=\"color: #ff0000;\">&Uuml;ks pakkekast mahutab kuni <strong>55<\/strong> sellist toodet! <\/span><\/p>","protected":false},"featured_media":4769,"template":"","meta":{"_acf_changed":false,"_kadence_starter_templates_imported_post":false,"_kad_post_transparent":"","_kad_post_title":"","_kad_post_layout":"","_kad_post_sidebar_id":"","_kad_post_content_style":"","_kad_post_vertical_padding":"","_kad_post_feature":"","_kad_post_feature_position":"","_kad_post_header":false,"_kad_post_footer":false},"product_brand":[],"product_cat":[43,26],"product_tag":[],"class_list":{"0":"post-4770","1":"product","2":"type-product","3":"status-publish","4":"has-post-thumbnail","6":"product_cat-likoor","7":"product_cat-kange-alkohol","9":"first","10":"instock","11":"taxable","12":"shipping-taxable","13":"purchasable","14":"product-type-simple","15":"entry","16":"content-bg","17":"loop-entry"},"acf":[],"_links":{"self":[{"href":"https:\/\/mydrink.ee\/fi\/wp-json\/wp\/v2\/product\/4770","targetHints":{"allow":["GET"]}}],"collection":[{"href":"https:\/\/mydrink.ee\/fi\/wp-json\/wp\/v2\/product"}],"about":[{"href":"https:\/\/mydrink.ee\/fi\/wp-json\/wp\/v2\/types\/product"}],"wp:featuredmedia":[{"embeddable":true,"href":"https:\/\/mydrink.ee\/fi\/wp-json\/wp\/v2\/media\/4769"}],"wp:attachment":[{"href":"https:\/\/mydrink.ee\/fi\/wp-json\/wp\/v2\/media?parent=4770"}],"wp:term":[{"taxonomy":"product_brand","embeddable":true,"href":"https:\/\/mydrink.ee\/fi\/wp-json\/wp\/v2\/product_brand?post=4770"},{"taxonomy":"product_cat","embeddable":true,"href":"https:\/\/mydrink.ee\/fi\/wp-json\/wp\/v2\/product_cat?post=4770"},{"taxonomy":"product_tag","embeddable":true,"href":"https:\/\/mydrink.ee\/fi\/wp-json\/wp\/v2\/product_tag?post=4770"}],"curies":[{"name":"wp","href":"https:\/\/api.w.org\/{rel}","templated":true}]}}