{"id":4800,"date":"2025-02-07T07:38:19","date_gmt":"2025-02-07T05:38:19","guid":{"rendered":"https:\/\/mydrink.ee\/product\/scottish-leader-40-vol-100cl\/"},"modified":"2026-01-08T19:55:10","modified_gmt":"2026-01-08T17:55:10","slug":"scottish-leader-40-vol-100cl","status":"publish","type":"product","link":"https:\/\/mydrink.ee\/fi\/product\/scottish-leader-40-vol-100cl\/","title":{"rendered":"Scottish Leader 40% vol 100cl"},"content":{"rendered":"<p><span style=\"font-size: small;\"><span style=\"color: #080809; font-family: 'Segoe UI Historic', 'Segoe UI', Helvetica, Arial, sans-serif; font-style: normal; font-variant-ligatures: normal; font-variant-caps: normal; font-weight: 400; letter-spacing: normal; text-align: start; text-indent: 0px; text-transform: none; word-spacing: 0px; -webkit-text-stroke-width: 0px; white-space: normal; background-color: #ffffff; text-decoration-thickness: initial; text-decoration-style: initial; text-decoration-color: initial; display: inline !important; float: none;\">Scottish Leader ORIGINAL segu \u00fchendab parima linnase- ja teraviljaviski, et luua pehme ja tasakaalustatud \u0160oti viski. Uues lisatud linnasekogusega segus on s\u00e4ilinud Scottish Leader viski tuntud omadused, lisandunud on kangust ja tasakaalu. <br \/>See seguviski laagerdub endistes burbooni vaatides<\/span>.<\/span><\/p>","protected":false},"excerpt":{"rendered":"<p>Liik: Viski<br \/>Kastis: 6<br \/>Maht: 1L<br \/>Alkoholisisaldus: 40% vol<br \/>P&auml;ritolumaa: Suurbritannia<br \/>Tootja: Burn Stewart Distillers <br \/>V&auml;rvus: Merevaigukollane<br \/>Aroom: Puuviljad, mesi <br \/>Maitse: T&auml;idlane, rikkalik, mesi.<\/p>","protected":false},"featured_media":4799,"template":"","meta":{"_acf_changed":false,"_kadence_starter_templates_imported_post":false,"_kad_post_transparent":"","_kad_post_title":"","_kad_post_layout":"","_kad_post_sidebar_id":"","_kad_post_content_style":"","_kad_post_vertical_padding":"","_kad_post_feature":"","_kad_post_feature_position":"","_kad_post_header":false,"_kad_post_footer":false},"product_brand":[],"product_cat":[45,254,110,26,50],"product_tag":[],"class_list":{"0":"post-4800","1":"product","2":"type-product","3":"status-publish","4":"has-post-thumbnail","6":"product_cat-viski","7":"product_cat-kange-alkohol-pakkumised","8":"product_cat-pakkumised","9":"product_cat-kange-alkohol","10":"product_cat-soodus-1","12":"first","13":"instock","14":"sale","15":"taxable","16":"shipping-taxable","17":"purchasable","18":"product-type-simple","19":"entry","20":"content-bg","21":"loop-entry"},"acf":[],"_links":{"self":[{"href":"https:\/\/mydrink.ee\/fi\/wp-json\/wp\/v2\/product\/4800","targetHints":{"allow":["GET"]}}],"collection":[{"href":"https:\/\/mydrink.ee\/fi\/wp-json\/wp\/v2\/product"}],"about":[{"href":"https:\/\/mydrink.ee\/fi\/wp-json\/wp\/v2\/types\/product"}],"wp:featuredmedia":[{"embeddable":true,"href":"https:\/\/mydrink.ee\/fi\/wp-json\/wp\/v2\/media\/4799"}],"wp:attachment":[{"href":"https:\/\/mydrink.ee\/fi\/wp-json\/wp\/v2\/media?parent=4800"}],"wp:term":[{"taxonomy":"product_brand","embeddable":true,"href":"https:\/\/mydrink.ee\/fi\/wp-json\/wp\/v2\/product_brand?post=4800"},{"taxonomy":"product_cat","embeddable":true,"href":"https:\/\/mydrink.ee\/fi\/wp-json\/wp\/v2\/product_cat?post=4800"},{"taxonomy":"product_tag","embeddable":true,"href":"https:\/\/mydrink.ee\/fi\/wp-json\/wp\/v2\/product_tag?post=4800"}],"curies":[{"name":"wp","href":"https:\/\/api.w.org\/{rel}","templated":true}]}}