{"id":4819,"date":"2025-03-19T17:16:23","date_gmt":"2025-03-19T15:16:23","guid":{"rendered":"https:\/\/mydrink.ee\/product\/maxime-trijol-fins-bois-vintage-1974-40-vol-box-70cl\/"},"modified":"2025-11-21T14:15:19","modified_gmt":"2025-11-21T12:15:19","slug":"maxime-trijol-fins-bois-vintage-1974-40-vol-box-70cl","status":"publish","type":"product","link":"https:\/\/mydrink.ee\/fi\/product\/maxime-trijol-fins-bois-vintage-1974-40-vol-box-70cl\/","title":{"rendered":"Maxime Trijol Fins Bois Vintage 1974 40% vol BOX 70CL"},"content":{"rendered":"<p>TASTING COMMENTS<br \/>\nYellow colour of old gold with golden reflections slightly coppery. Limpidity : bright and clear. Very delicate nose. The first notes rising are those of violets and hazelnuts. After stirring, the rancio notes are clear and we can distinguished the vanilla notes from the oak.<br \/>\nThe attack is soft. The aromatics notes will become spicy quickly (roasted hazelnut), net floral and powerful violet or iris notes are soft and sweet.<br \/>\nThen the notes of rancio lining the palate later without excess. Long lenght with a beautiful structure. This vintage is rich and demonstrates great complexity of the Cognac terroir by these subtle hints of : violet, a rating of \u00ab fresh Hazel \u00bb or roasted and melted with notes of wood and iris reflecting of it evolution, the bonus by the time of the passing years from 1976.<\/p>\n<p>TASTING SUGGESTIONS<br \/>\nAt the end of the meal neat at about 20\u00b0C (70\u00b0F).<\/p>","protected":false},"excerpt":{"rendered":"<p>Liik: Kange alkohol, Konjak<br \/>\nKastis: 12<br \/>\nMaht: 70CL<br \/>\nAlkoholisisaldus: 40% vol<br \/>\nP\u00e4ritolumaa: Prantsusmaa<br \/>\nV\u00e4rvus: Kuldkollane vaskja ja kuldse helgiga.<br \/>\nAroom:<br \/>\nV\u00e4ga delikaatne aroom. Esimesena t\u00f5usevad esile kannikese ning maap\u00e4hkli noodid mis vahelduvad tammepuuvaadist eraldunud vanilje n\u00fcanssidega. Kauaestev aroom nauditava kauni struktuuriga.<br \/>\nMaitse:<br \/>\nSametine, rikkalik lainetus transformeerub kiiresti v\u00fcrtsideks millest t\u00f5useb esile r\u00f6stitud maap\u00e4hkel. Lilleline, v\u00f5imsad kannikese v\u00f5i iirise noodid on siidjad ja selgelt tajutavad.<br \/>\nSee aastak\u00e4igu konjak on rikkalik ning demonstreerib suurep\u00e4raselt Cognac\u2019i piirkonna pinnase mitmetasandilisust ja suursugusust. Selliseid n\u00fcansse nautides, nagu seda on kannike, r\u00f6stitud- ja tavaline maap\u00e4hkel, puit ning iiris v\u00f5ime m\u00f5nuledes tagasi vaadata m\u00f6\u00f6dunund aastatele ja seda kuni aastani 1976.<\/p>","protected":false},"featured_media":4818,"template":"","meta":{"_acf_changed":false,"_kadence_starter_templates_imported_post":false,"_kad_post_transparent":"","_kad_post_title":"","_kad_post_layout":"","_kad_post_sidebar_id":"","_kad_post_content_style":"","_kad_post_vertical_padding":"","_kad_post_feature":"","_kad_post_feature_position":"","_kad_post_header":false,"_kad_post_footer":false},"product_brand":[],"product_cat":[112,42,26,22],"product_tag":[],"class_list":{"0":"post-4819","1":"product","2":"type-product","3":"status-publish","4":"has-post-thumbnail","6":"product_cat-konjak-1","7":"product_cat-konjak","8":"product_cat-kange-alkohol","9":"product_cat-kingiideed","11":"first","12":"instock","13":"taxable","14":"shipping-taxable","15":"purchasable","16":"product-type-simple","17":"entry","18":"content-bg","19":"loop-entry"},"acf":[],"_links":{"self":[{"href":"https:\/\/mydrink.ee\/fi\/wp-json\/wp\/v2\/product\/4819","targetHints":{"allow":["GET"]}}],"collection":[{"href":"https:\/\/mydrink.ee\/fi\/wp-json\/wp\/v2\/product"}],"about":[{"href":"https:\/\/mydrink.ee\/fi\/wp-json\/wp\/v2\/types\/product"}],"wp:featuredmedia":[{"embeddable":true,"href":"https:\/\/mydrink.ee\/fi\/wp-json\/wp\/v2\/media\/4818"}],"wp:attachment":[{"href":"https:\/\/mydrink.ee\/fi\/wp-json\/wp\/v2\/media?parent=4819"}],"wp:term":[{"taxonomy":"product_brand","embeddable":true,"href":"https:\/\/mydrink.ee\/fi\/wp-json\/wp\/v2\/product_brand?post=4819"},{"taxonomy":"product_cat","embeddable":true,"href":"https:\/\/mydrink.ee\/fi\/wp-json\/wp\/v2\/product_cat?post=4819"},{"taxonomy":"product_tag","embeddable":true,"href":"https:\/\/mydrink.ee\/fi\/wp-json\/wp\/v2\/product_tag?post=4819"}],"curies":[{"name":"wp","href":"https:\/\/api.w.org\/{rel}","templated":true}]}}