{"id":4835,"date":"2025-04-22T09:07:50","date_gmt":"2025-04-22T06:07:50","guid":{"rendered":"https:\/\/mydrink.ee\/product\/tanker-select-lager-5-vol-50cl-x-24\/"},"modified":"2026-04-08T14:05:07","modified_gmt":"2026-04-08T11:05:07","slug":"tanker-select-lager-5-vol-50cl-x-24","status":"publish","type":"product","link":"https:\/\/mydrink.ee\/fi\/product\/tanker-select-lager-5-vol-50cl-x-24\/","title":{"rendered":"Tanker Select Lager 5% vol 50cl x 24"},"content":{"rendered":"<p style=\"margin-bottom: 2.12cm; border: none; padding: 0cm; font-style: normal; font-weight: normal; line-height: 0.53cm; widows: 2; orphans: 2; text-decoration: none;\"><span style=\"color: #000000; font-size: small;\"><span style=\"font-family: Lato, sans-serif;\"><strong>Tanker Selecti<\/strong> kerge ja linnaseline magusus sobib h\u00e4sti Gouda v\u00f5i Edami juustudega. Humalatest tulenev kerge m\u00f5rkjus tasakaalustab rikkalikke roogasid nagu linnuliha v\u00f5i muu grillliha, aga ka vinnutatud liha suupisteid.<\/p>\n<p>Koostisosad: Vesi, odra- ja nisulinnased, humal<br \/><\/span><\/span><span style=\"color: #000000;\"><span style=\"font-size: small;\"><span style=\"text-decoration: none;\"><span style=\"font-family: Lato, sans-serif;\"><span style=\"font-style: normal;\"><span style=\"font-weight: normal;\">M\u00f5rudus\u00a0\u00a0\u00a0\u00a0\u00a0 <\/span><\/span><\/span><\/span><span style=\"font-family: Lato, sans-serif;\"><span style=\"font-style: normal;\"><span style=\"font-weight: normal;\">IBU 17<br \/><\/span><\/span><\/span><\/span><span style=\"text-decoration: none;\"><span style=\"font-family: Lato, sans-serif;\"><span style=\"font-size: small;\"><span style=\"font-style: normal;\"><span style=\"font-weight: normal;\">Allergeenid\u00a0 <\/span><\/span><\/span><\/span><\/span><\/span><span style=\"color: #000000;\"><span style=\"font-family: Lato, sans-serif;\"><span style=\"font-size: small;\"><span style=\"font-style: normal;\"><span style=\"font-weight: normal;\">Odra- ja nisulinnased<\/span><\/span><\/span><\/span><\/span><span style=\"color: #000000;\"><span style=\"font-size: small;\"> <\/span><\/span><\/p>\n<p style=\"margin-bottom: 2.12cm; border: none; padding: 0cm; font-style: normal; font-weight: normal; line-height: 0.53cm; widows: 2; orphans: 2; text-decoration: none;\"><span style=\"color: #000000;\"><span style=\"font-size: small;\">\u00a0<\/span><\/span><\/p>","protected":false},"excerpt":{"rendered":"<p>Liik: &Otilde;lu<br \/>Kastis: 24<br \/>Maht: 12L<br \/>Alkoholisisaldus: 5% vol<br \/>P&auml;ritolumaa: Leedu<br \/>V&auml;rv: Kahvatukuldne<br \/>Aroom: Magnumi, Spalter Selecti ja Amarillo humalate peen aroom on ainulaadselt karge ja v&auml;rskendav.<br \/>Maitse: Kerge, v&auml;rske, humal.<span style=\"color: #000000;\"><span style=\"font-family: Lato, sans-serif;\"><span style=\"font-size: medium;\"><br \/><\/span><\/span><\/span>Serveerimine: 4-6C<\/p><\/p>","protected":false},"featured_media":4834,"template":"","meta":{"_acf_changed":false,"_kadence_starter_templates_imported_post":false,"_kad_post_transparent":"","_kad_post_title":"","_kad_post_layout":"","_kad_post_sidebar_id":"","_kad_post_content_style":"","_kad_post_vertical_padding":"","_kad_post_feature":"","_kad_post_feature_position":"","_kad_post_header":false,"_kad_post_footer":false},"product_brand":[],"product_cat":[88,232,127,25],"product_tag":[],"class_list":{"0":"post-4835","1":"product","2":"type-product","3":"status-publish","4":"has-post-thumbnail","6":"product_cat-oluet","7":"product_cat-pandipakend","8":"product_cat-eesti","9":"product_cat-olu-siider-long-drink","11":"first","12":"instock","13":"taxable","14":"shipping-taxable","15":"purchasable","16":"product-type-simple","17":"entry","18":"content-bg","19":"loop-entry"},"acf":[],"_links":{"self":[{"href":"https:\/\/mydrink.ee\/fi\/wp-json\/wp\/v2\/product\/4835","targetHints":{"allow":["GET"]}}],"collection":[{"href":"https:\/\/mydrink.ee\/fi\/wp-json\/wp\/v2\/product"}],"about":[{"href":"https:\/\/mydrink.ee\/fi\/wp-json\/wp\/v2\/types\/product"}],"wp:featuredmedia":[{"embeddable":true,"href":"https:\/\/mydrink.ee\/fi\/wp-json\/wp\/v2\/media\/4834"}],"wp:attachment":[{"href":"https:\/\/mydrink.ee\/fi\/wp-json\/wp\/v2\/media?parent=4835"}],"wp:term":[{"taxonomy":"product_brand","embeddable":true,"href":"https:\/\/mydrink.ee\/fi\/wp-json\/wp\/v2\/product_brand?post=4835"},{"taxonomy":"product_cat","embeddable":true,"href":"https:\/\/mydrink.ee\/fi\/wp-json\/wp\/v2\/product_cat?post=4835"},{"taxonomy":"product_tag","embeddable":true,"href":"https:\/\/mydrink.ee\/fi\/wp-json\/wp\/v2\/product_tag?post=4835"}],"curies":[{"name":"wp","href":"https:\/\/api.w.org\/{rel}","templated":true}]}}