{"id":4873,"date":"2025-06-17T10:30:30","date_gmt":"2025-06-17T07:30:30","guid":{"rendered":"https:\/\/mydrink.ee\/product\/tanker-ounasiider-5-5-vol-50cl-x-24\/"},"modified":"2026-04-28T11:18:38","modified_gmt":"2026-04-28T08:18:38","slug":"tanker-ounasiider-5-5-vol-50cl-x-24","status":"publish","type":"product","link":"https:\/\/mydrink.ee\/fi\/product\/tanker-ounasiider-5-5-vol-50cl-x-24\/","title":{"rendered":"Tanker \u00d5unasiider 5,5% vol 50cl x 24"},"content":{"rendered":"<style>.wp-block-kadence-advancedheading.kt-adv-heading4873_cb4ed1-33, .wp-block-kadence-advancedheading.kt-adv-heading4873_cb4ed1-33[data-kb-block=\"kb-adv-heading4873_cb4ed1-33\"]{font-style:normal;}.wp-block-kadence-advancedheading.kt-adv-heading4873_cb4ed1-33 mark.kt-highlight, .wp-block-kadence-advancedheading.kt-adv-heading4873_cb4ed1-33[data-kb-block=\"kb-adv-heading4873_cb4ed1-33\"] mark.kt-highlight{font-style:normal;color:#f76a0c;-webkit-box-decoration-break:clone;box-decoration-break:clone;padding-top:0px;padding-right:0px;padding-bottom:0px;padding-left:0px;}.wp-block-kadence-advancedheading.kt-adv-heading4873_cb4ed1-33 img.kb-inline-image, .wp-block-kadence-advancedheading.kt-adv-heading4873_cb4ed1-33[data-kb-block=\"kb-adv-heading4873_cb4ed1-33\"] img.kb-inline-image{width:150px;vertical-align:baseline;}<\/style>\n<p class=\"kt-adv-heading4873_cb4ed1-33 wp-block-kadence-advancedheading\" data-kb-block=\"kb-adv-heading4873_cb4ed1-33\"><\/p>\n\n\n<style>.wp-block-kadence-advancedheading.kt-adv-heading4873_7df1a2-67, .wp-block-kadence-advancedheading.kt-adv-heading4873_7df1a2-67[data-kb-block=\"kb-adv-heading4873_7df1a2-67\"]{font-style:normal;}.wp-block-kadence-advancedheading.kt-adv-heading4873_7df1a2-67 mark.kt-highlight, .wp-block-kadence-advancedheading.kt-adv-heading4873_7df1a2-67[data-kb-block=\"kb-adv-heading4873_7df1a2-67\"] mark.kt-highlight{font-style:normal;color:#f76a0c;-webkit-box-decoration-break:clone;box-decoration-break:clone;padding-top:0px;padding-right:0px;padding-bottom:0px;padding-left:0px;}.wp-block-kadence-advancedheading.kt-adv-heading4873_7df1a2-67 img.kb-inline-image, .wp-block-kadence-advancedheading.kt-adv-heading4873_7df1a2-67[data-kb-block=\"kb-adv-heading4873_7df1a2-67\"] img.kb-inline-image{width:150px;vertical-align:baseline;}<\/style>\n<p class=\"kt-adv-heading4873_7df1a2-67 wp-block-kadence-advancedheading\" data-kb-block=\"kb-adv-heading4873_7df1a2-67\"><\/p>\n\n\n<style>.wp-block-kadence-advancedheading.kt-adv-heading4873_54eb83-67, .wp-block-kadence-advancedheading.kt-adv-heading4873_54eb83-67[data-kb-block=\"kb-adv-heading4873_54eb83-67\"]{font-style:normal;}.wp-block-kadence-advancedheading.kt-adv-heading4873_54eb83-67 mark.kt-highlight, .wp-block-kadence-advancedheading.kt-adv-heading4873_54eb83-67[data-kb-block=\"kb-adv-heading4873_54eb83-67\"] mark.kt-highlight{font-style:normal;color:#f76a0c;-webkit-box-decoration-break:clone;box-decoration-break:clone;padding-top:0px;padding-right:0px;padding-bottom:0px;padding-left:0px;}.wp-block-kadence-advancedheading.kt-adv-heading4873_54eb83-67 img.kb-inline-image, .wp-block-kadence-advancedheading.kt-adv-heading4873_54eb83-67[data-kb-block=\"kb-adv-heading4873_54eb83-67\"] img.kb-inline-image{width:150px;vertical-align:baseline;}<\/style>\n<p class=\"kt-adv-heading4873_54eb83-67 wp-block-kadence-advancedheading\" data-kb-block=\"kb-adv-heading4873_54eb83-67\"><\/p>\n","protected":false},"excerpt":{"rendered":"<p>Liik: Siider<br \/>\nKastis: 24<br \/>\nMaht: 12L<br \/>\nAlkoholisisaldus: 5,5% vol<br \/>\nP\u00e4ritolumaa: Leedu<br \/>\nTootja: Tanker Brewery<br \/>\nT\u00fc\u00fcp: Poolkuiv \u00f5unasiider<br \/>\nAroom: Hapukad \u00f5unad, tammepuit<br \/>\nV\u00e4rv: Oraanzhikalt kuldne<br \/>\nMaitse: V\u00e4rske, kuivatatud \u00f5unakoore tanniin, j\u00e4relmaitses m\u00f5rudam magusus.<br \/>\nServeerimine: 6-7C<\/p>\n<p><span style=\"color: #ff0000;\">\u00dchte pakiautomaadi kappi mahub kaks sellist toodet!<\/span><br \/>\n<span style=\"color: #ff0000;\">Loe lisa <a href=\"https:\/\/mydrink.ee\/fi\/shipping\/?___store=est\" target=\"_blank\" rel=\"noopener\"><strong>siit<\/strong><\/a><\/span><\/p>","protected":false},"featured_media":4872,"template":"","meta":{"_acf_changed":false,"_kad_post_transparent":"","_kad_post_title":"","_kad_post_layout":"","_kad_post_sidebar_id":"","_kad_post_content_style":"","_kad_post_vertical_padding":"","_kad_post_feature":"","_kad_post_feature_position":"","_kad_post_header":false,"_kad_post_footer":false},"product_brand":[],"product_cat":[89,25,232],"product_tag":[],"class_list":{"0":"post-4873","1":"product","2":"type-product","3":"status-publish","4":"has-post-thumbnail","6":"product_cat-siider","7":"product_cat-olu-siider-long-drink","8":"product_cat-pandipakend","10":"first","11":"instock","12":"taxable","13":"shipping-taxable","14":"purchasable","15":"product-type-simple","16":"entry","17":"content-bg","18":"loop-entry"},"acf":[],"_links":{"self":[{"href":"https:\/\/mydrink.ee\/fi\/wp-json\/wp\/v2\/product\/4873","targetHints":{"allow":["GET"]}}],"collection":[{"href":"https:\/\/mydrink.ee\/fi\/wp-json\/wp\/v2\/product"}],"about":[{"href":"https:\/\/mydrink.ee\/fi\/wp-json\/wp\/v2\/types\/product"}],"wp:featuredmedia":[{"embeddable":true,"href":"https:\/\/mydrink.ee\/fi\/wp-json\/wp\/v2\/media\/4872"}],"wp:attachment":[{"href":"https:\/\/mydrink.ee\/fi\/wp-json\/wp\/v2\/media?parent=4873"}],"wp:term":[{"taxonomy":"product_brand","embeddable":true,"href":"https:\/\/mydrink.ee\/fi\/wp-json\/wp\/v2\/product_brand?post=4873"},{"taxonomy":"product_cat","embeddable":true,"href":"https:\/\/mydrink.ee\/fi\/wp-json\/wp\/v2\/product_cat?post=4873"},{"taxonomy":"product_tag","embeddable":true,"href":"https:\/\/mydrink.ee\/fi\/wp-json\/wp\/v2\/product_tag?post=4873"}],"curies":[{"name":"wp","href":"https:\/\/api.w.org\/{rel}","templated":true}]}}