{"id":526,"date":"2012-07-13T10:48:19","date_gmt":"2012-07-13T07:48:19","guid":{"rendered":"https:\/\/mydrink.ee\/product\/dooley-s-espresso-creamliqueur-17-70cl\/"},"modified":"2025-11-27T13:08:31","modified_gmt":"2025-11-27T11:08:31","slug":"dooley-s-espresso-creamliqueur-17-70cl","status":"publish","type":"product","link":"https:\/\/mydrink.ee\/fi\/product\/dooley-s-espresso-creamliqueur-17-70cl\/","title":{"rendered":"DOOLEY&#8217;S ESPRESSO CREAMLIQUEUR 17% 70CL"},"content":{"rendered":"<p>Dooley\u2019s Espresso koorelik\u00f6\u00f6r on t\u00e4iendus Dooley\u2019s koorelik\u00f6\u00f6ri peres. Erinevalt traditsiooniliselt koorelik\u00f6\u00f6rides alusalkoholina kasutatava viski asemel on Dooley\u2019s valmistatud viina baasil. Viinal on puhtam ja pehmem maitse kui viskil, lastes maitses enam domineerida naturaalsetel maitselisanditel ja -koorel, mitte niiv\u00f5rd alkoholil. Kui juba tuntud Dooley\u2019s Toffee lik\u00f6\u00f6ri ainulaadse maitse annab naturaalne iirisekaramell (ingl. Toffee)., siis Dooley\u2019s Espresso teeb eriliseks koostisesse lisatud naturaalne espressokohv (8%).<br \/>\nEnamikku koorelik\u00f6\u00f6ridest ei saa kasutada paljudes, eriti happeliste osistega (nt mahlad) kokteilides, kuna lik\u00f6\u00f6r kipub happe m\u00f5jul kalgendama (l\u00e4heb t\u00fckki). Dooley\u2019se valmistamisel kasutatakse oluliselt v\u00e4iksema rasvasisaldusega koort kui enamikes teistes koorelik\u00f6\u00f6rides. V\u00e4iksem rasvasisaldus annab Dooley\u2019sele kreemlik\u00f6\u00f6ride jaoks tavatult hea segatavuse, v\u00f5imaldades seda kasutada peaaegu igat t\u00fc\u00fcpi kokteilides (vt. kokteiliraamat). <\/p>\n<p>DOOLEY\u2019S ESPRESSO on suurep\u00e4rane tarbida puhtalt purustatud j\u00e4\u00e4l<br \/>\nv\u00f5i erinevates kokteilides:<\/p>\n<p>Itaalia kohv<br \/>\n4 cl Dooley\u2019s Espresso<br \/>\n2 cl Amaretto<br \/>\n4 cl piima<br \/>\nServeerida kokteiliklaasist, kaunistuseks<br \/>\nf\u00fc\u00fcsal ja vanillikaun<\/p>\n<p>Dooley\u2019s Russian<br \/>\n4 cl Dooley\u2019s Espresso<br \/>\n2 cl Russian Standard vodka<br \/>\n6 cl piima<br \/>\nServeerida tumblerklaasist, kaunistuseks kakopulber<\/p>","protected":false},"excerpt":{"rendered":"<p>Liik: Kange alkohol, Lik\u00f6\u00f6r<br \/>\nKastis: 6<br \/>\nMaht: 100CL<br \/>\nAlkoholisisaldus: 17%<br \/>\nP\u00e4ritolumaa: Saksamaa<\/p>","protected":false},"featured_media":525,"template":"","meta":{"_acf_changed":false,"_kad_post_transparent":"","_kad_post_title":"","_kad_post_layout":"","_kad_post_sidebar_id":"","_kad_post_content_style":"","_kad_post_vertical_padding":"","_kad_post_feature":"","_kad_post_feature_position":"","_kad_post_header":false,"_kad_post_footer":false},"product_brand":[],"product_cat":[16],"product_tag":[],"class_list":{"0":"post-526","1":"product","2":"type-product","3":"status-publish","4":"has-post-thumbnail","6":"product_cat-uncategorized","8":"first","9":"instock","10":"sale","11":"taxable","12":"shipping-taxable","13":"purchasable","14":"product-type-simple","15":"entry","16":"content-bg","17":"loop-entry"},"acf":[],"_links":{"self":[{"href":"https:\/\/mydrink.ee\/fi\/wp-json\/wp\/v2\/product\/526","targetHints":{"allow":["GET"]}}],"collection":[{"href":"https:\/\/mydrink.ee\/fi\/wp-json\/wp\/v2\/product"}],"about":[{"href":"https:\/\/mydrink.ee\/fi\/wp-json\/wp\/v2\/types\/product"}],"wp:featuredmedia":[{"embeddable":true,"href":"https:\/\/mydrink.ee\/fi\/wp-json\/wp\/v2\/media\/525"}],"wp:attachment":[{"href":"https:\/\/mydrink.ee\/fi\/wp-json\/wp\/v2\/media?parent=526"}],"wp:term":[{"taxonomy":"product_brand","embeddable":true,"href":"https:\/\/mydrink.ee\/fi\/wp-json\/wp\/v2\/product_brand?post=526"},{"taxonomy":"product_cat","embeddable":true,"href":"https:\/\/mydrink.ee\/fi\/wp-json\/wp\/v2\/product_cat?post=526"},{"taxonomy":"product_tag","embeddable":true,"href":"https:\/\/mydrink.ee\/fi\/wp-json\/wp\/v2\/product_tag?post=526"}],"curies":[{"name":"wp","href":"https:\/\/api.w.org\/{rel}","templated":true}]}}