{"id":571,"date":"2012-07-13T10:48:21","date_gmt":"2012-07-13T07:48:21","guid":{"rendered":"https:\/\/mydrink.ee\/product\/royal-oporto-aged-20-years-tawny-20-75cl\/"},"modified":"2012-07-13T10:48:21","modified_gmt":"2012-07-13T07:48:21","slug":"royal-oporto-aged-20-years-tawny-20-75cl","status":"publish","type":"product","link":"https:\/\/mydrink.ee\/fi\/product\/royal-oporto-aged-20-years-tawny-20-75cl\/","title":{"rendered":"ROYAL OPORTO AGED 20 YEARS TAWNY 20% 75CL"},"content":{"rendered":"<p>20 aastat vanad portveinid on segatud eri aastak\u00e4ikudest, pudelile m\u00e4rgitud number keskmist vanust.<\/p>","protected":false},"excerpt":{"rendered":"<p>Liik: Veinid, Portvein ja sherry<br \/>\nKastis: 6<br \/>\nMaht: 75CL<br \/>\nAlkoholisisaldus: 20%<br \/>\nP\u00e4ritolumaa: Portugal<br \/>\nPiirkond: Tinta Francisca, Tinta Roriz, Tinta Carvalha, Touriga Francesa, Touriga Nacional<br \/>\nAroom: Aroom v\u00fcrtsine, lik\u00f6\u00f6rne, tammene, tunda on ka vaniljet ja metsmarju.<br \/>\nMaitse: Maitse kergelt marjane,v\u00fcrtsine ja kergelt suitsune, h\u00e4sti balanseeritud.<br \/>\nToidusoovitus: Sobib h\u00e4sti nii toidukorda l\u00f5petama, kui ka iseseisvalt tarbida.<br \/>\nServeerimine: Soovitav serveerimistemperatuur +18\u00b0C<\/p>","protected":false},"featured_media":570,"template":"","meta":{"_acf_changed":false,"_kadence_starter_templates_imported_post":false,"_kad_post_transparent":"","_kad_post_title":"","_kad_post_layout":"","_kad_post_sidebar_id":"","_kad_post_content_style":"","_kad_post_vertical_padding":"","_kad_post_feature":"","_kad_post_feature_position":"","_kad_post_header":false,"_kad_post_footer":false},"product_brand":[],"product_cat":[26,47],"product_tag":[],"class_list":{"0":"post-571","1":"product","2":"type-product","3":"status-publish","4":"has-post-thumbnail","6":"product_cat-kange-alkohol","7":"product_cat-portvein","9":"first","10":"instock","11":"taxable","12":"shipping-taxable","13":"purchasable","14":"product-type-simple","15":"entry","16":"content-bg","17":"loop-entry"},"acf":[],"_links":{"self":[{"href":"https:\/\/mydrink.ee\/fi\/wp-json\/wp\/v2\/product\/571","targetHints":{"allow":["GET"]}}],"collection":[{"href":"https:\/\/mydrink.ee\/fi\/wp-json\/wp\/v2\/product"}],"about":[{"href":"https:\/\/mydrink.ee\/fi\/wp-json\/wp\/v2\/types\/product"}],"wp:featuredmedia":[{"embeddable":true,"href":"https:\/\/mydrink.ee\/fi\/wp-json\/wp\/v2\/media\/570"}],"wp:attachment":[{"href":"https:\/\/mydrink.ee\/fi\/wp-json\/wp\/v2\/media?parent=571"}],"wp:term":[{"taxonomy":"product_brand","embeddable":true,"href":"https:\/\/mydrink.ee\/fi\/wp-json\/wp\/v2\/product_brand?post=571"},{"taxonomy":"product_cat","embeddable":true,"href":"https:\/\/mydrink.ee\/fi\/wp-json\/wp\/v2\/product_cat?post=571"},{"taxonomy":"product_tag","embeddable":true,"href":"https:\/\/mydrink.ee\/fi\/wp-json\/wp\/v2\/product_tag?post=571"}],"curies":[{"name":"wp","href":"https:\/\/api.w.org\/{rel}","templated":true}]}}