{"id":694,"date":"2012-07-13T10:48:38","date_gmt":"2012-07-13T07:48:38","guid":{"rendered":"https:\/\/mydrink.ee\/product\/ruffino-santedame-chianti-classico-docg-19-13-5-75cl\/"},"modified":"2012-07-13T10:48:38","modified_gmt":"2012-07-13T07:48:38","slug":"ruffino-santedame-chianti-classico-docg-19-13-5-75cl","status":"publish","type":"product","link":"https:\/\/mydrink.ee\/fi\/product\/ruffino-santedame-chianti-classico-docg-19-13-5-75cl\/","title":{"rendered":"RUFFINO SANTEDAME CHIANTI CLASSICO DOCG \u00b419 13.5% 75CL"},"content":{"rendered":"<p>Nagu k\u00f5ik Ruffino Chiantid on ka Santedame valmistatud traditsionaalse meetodiga.<br \/>\nFermenteerimine toimub terastankides, 10-15 p\u00e4eva sellest kestakontaktis, et vein omandaks s\u00fcgava v\u00e4rvuse ja maitse rikkalikuse. Seej\u00e4rel laagerdatakse veini 12 kuud Sloveenia tammevaadis ja aasta veel pudelis.<br \/>\nSantedame Chianti Classico on Ruffino veinivalikust rikkalikum Chianti.<\/p>\n<p>V\u00e4rvilt s\u00fcgav rubiinpunane.<\/p>","protected":false},"excerpt":{"rendered":"<p>Liik:\tKaitstud p\u00e4ritolunimetusega vein<br \/>\nKastis: 6<br \/>\nMaht: 75CL<br \/>\nAlkoholisisaldus: 13,5%<br \/>\nP\u00e4ritolumaa: Itaalia<br \/>\nPiirkond: Toscana<br \/>\nLaagerdamine: 12 kuud Sloveenia tammevaadis ja aasta veel pudelis<br \/>\nAroom: Aroomis paeluvat konsentreerunud musta kirssi, segunemas maasika ja kannikesega<br \/>\nMaitse: Maitselt on vein rikkalik ja \u00fcmar, domineerivaks on k\u00fcps must kirss. Pehmed parkained on aluseks sametisele tekstuurile, pikk j\u00e4relmaitse n\u00e4itab veini k\u00fcpsemispotensiaali<br \/>\nToidusoovitus: Kuna Santedame Chianti on rikkalik, k\u00fcpse iseloomuga, siis sobib ta grillitud liharoogade, k\u00fcpsete juustude ning v\u00fcrtsikate roogadega.<\/p>","protected":false},"featured_media":693,"template":"","meta":{"_acf_changed":false,"_kadence_starter_templates_imported_post":false,"_kad_post_transparent":"","_kad_post_title":"","_kad_post_layout":"","_kad_post_sidebar_id":"","_kad_post_content_style":"","_kad_post_vertical_padding":"","_kad_post_feature":"","_kad_post_feature_position":"","_kad_post_header":false,"_kad_post_footer":false},"product_brand":[],"product_cat":[20,180,30],"product_tag":[],"class_list":{"0":"post-694","1":"product","2":"type-product","3":"status-publish","4":"has-post-thumbnail","6":"product_cat-punased-veinid","7":"product_cat-veinid","8":"product_cat-itaalia","10":"first","11":"instock","12":"taxable","13":"shipping-taxable","14":"purchasable","15":"product-type-simple","16":"entry","17":"content-bg","18":"loop-entry"},"acf":[],"_links":{"self":[{"href":"https:\/\/mydrink.ee\/fi\/wp-json\/wp\/v2\/product\/694","targetHints":{"allow":["GET"]}}],"collection":[{"href":"https:\/\/mydrink.ee\/fi\/wp-json\/wp\/v2\/product"}],"about":[{"href":"https:\/\/mydrink.ee\/fi\/wp-json\/wp\/v2\/types\/product"}],"wp:featuredmedia":[{"embeddable":true,"href":"https:\/\/mydrink.ee\/fi\/wp-json\/wp\/v2\/media\/693"}],"wp:attachment":[{"href":"https:\/\/mydrink.ee\/fi\/wp-json\/wp\/v2\/media?parent=694"}],"wp:term":[{"taxonomy":"product_brand","embeddable":true,"href":"https:\/\/mydrink.ee\/fi\/wp-json\/wp\/v2\/product_brand?post=694"},{"taxonomy":"product_cat","embeddable":true,"href":"https:\/\/mydrink.ee\/fi\/wp-json\/wp\/v2\/product_cat?post=694"},{"taxonomy":"product_tag","embeddable":true,"href":"https:\/\/mydrink.ee\/fi\/wp-json\/wp\/v2\/product_tag?post=694"}],"curies":[{"name":"wp","href":"https:\/\/api.w.org\/{rel}","templated":true}]}}