{"id":696,"date":"2012-07-13T10:48:39","date_gmt":"2012-07-13T07:48:39","guid":{"rendered":"https:\/\/mydrink.ee\/product\/ruffino-chianti-docg-21-12-5-75cl\/"},"modified":"2012-07-13T10:48:39","modified_gmt":"2012-07-13T07:48:39","slug":"ruffino-chianti-docg-21-12-5-75cl","status":"publish","type":"product","link":"https:\/\/mydrink.ee\/fi\/product\/ruffino-chianti-docg-21-12-5-75cl\/","title":{"rendered":"RUFFINO CHIANTI DOCG `21 12.5%75CL"},"content":{"rendered":"<p>T\u00e4nasel p\u00e4eval on Toskaana piirkond Itaalia tuntuim ja \u201ckuumim\u201d veiniregioon. Vahemere kliima, m\u00e4estik ja maalilised viinam\u00e4ed annavad selleks garantii.<\/p>\n<p>Enimm\u00fc\u00fcdav vein Ruffino veinide sarjast on Chianti vein, mis on stiililt puuviljaline ja kerge stiiliga.<br \/>\nSelge rubiinpunase v\u00e4rvuse ning intrigeeriva, p\u00f5neva aroomiga. Keskmise t\u00e4idlusega ning harmoonilises tasakaalus.<br \/>\nV\u00e4rske happe ja sametise parkainega. Meeldivalt kompleksne, kuid samas mitte liiga pealet\u00fckkiv.<\/p>","protected":false},"excerpt":{"rendered":"<p>Liik:\tKaitstud p\u00e4ritolunimetusega vein<br \/>\nKastis: 12<br \/>\nMaht: 75CL<br \/>\nAlkoholisisaldus: 12,5%<br \/>\nP\u00e4ritolumaa: Itaalia<br \/>\nPiirkond: Toscana<br \/>\nViinamarjasort: Sangiovese 90%, Canaiolo 10%<br \/>\nMaitse: Maitselt kuiv, erutav ja kirsine<br \/>\nToidusoovitus: T\u00e4nu v\u00e4rskusele, kergele stiilile, hea kaaslane pastaroogade, linnu- ja vasikaliha ning poolk\u00f5vade juustudega.<\/p>","protected":false},"featured_media":695,"template":"","meta":{"_acf_changed":false,"_kadence_starter_templates_imported_post":false,"_kad_post_transparent":"","_kad_post_title":"","_kad_post_layout":"","_kad_post_sidebar_id":"","_kad_post_content_style":"","_kad_post_vertical_padding":"","_kad_post_feature":"","_kad_post_feature_position":"","_kad_post_header":false,"_kad_post_footer":false},"product_brand":[],"product_cat":[20,180,30],"product_tag":[],"class_list":{"0":"post-696","1":"product","2":"type-product","3":"status-publish","4":"has-post-thumbnail","6":"product_cat-punased-veinid","7":"product_cat-veinid","8":"product_cat-itaalia","10":"first","11":"instock","12":"taxable","13":"shipping-taxable","14":"purchasable","15":"product-type-simple","16":"entry","17":"content-bg","18":"loop-entry"},"acf":[],"_links":{"self":[{"href":"https:\/\/mydrink.ee\/fi\/wp-json\/wp\/v2\/product\/696","targetHints":{"allow":["GET"]}}],"collection":[{"href":"https:\/\/mydrink.ee\/fi\/wp-json\/wp\/v2\/product"}],"about":[{"href":"https:\/\/mydrink.ee\/fi\/wp-json\/wp\/v2\/types\/product"}],"wp:featuredmedia":[{"embeddable":true,"href":"https:\/\/mydrink.ee\/fi\/wp-json\/wp\/v2\/media\/695"}],"wp:attachment":[{"href":"https:\/\/mydrink.ee\/fi\/wp-json\/wp\/v2\/media?parent=696"}],"wp:term":[{"taxonomy":"product_brand","embeddable":true,"href":"https:\/\/mydrink.ee\/fi\/wp-json\/wp\/v2\/product_brand?post=696"},{"taxonomy":"product_cat","embeddable":true,"href":"https:\/\/mydrink.ee\/fi\/wp-json\/wp\/v2\/product_cat?post=696"},{"taxonomy":"product_tag","embeddable":true,"href":"https:\/\/mydrink.ee\/fi\/wp-json\/wp\/v2\/product_tag?post=696"}],"curies":[{"name":"wp","href":"https:\/\/api.w.org\/{rel}","templated":true}]}}