{"id":736,"date":"2012-07-13T10:48:44","date_gmt":"2012-07-13T07:48:44","guid":{"rendered":"https:\/\/mydrink.ee\/product\/el-descanso-carmenere-08-13-5-75cl\/"},"modified":"2012-07-13T10:48:44","modified_gmt":"2012-07-13T07:48:44","slug":"el-descanso-carmenere-08-13-5-75cl","status":"publish","type":"product","link":"https:\/\/mydrink.ee\/fi\/product\/el-descanso-carmenere-08-13-5-75cl\/","title":{"rendered":"EL DESCANSO CARMENERE \u00b408 13,5% 75CL"},"content":{"rendered":"<p>V\u00e4rvus: S\u00fcgavpunane<br \/>\nS\u00e4ilitamispotentsiaal: Parim tarvitada noorena, s\u00e4ilib heades tingimustes kuni 5 aastat.<br \/>\nMaseratsioon toimub osaliselt terastankides temperatuuril 26-30\u00b0C. Teine osa veinist laagerdub tammevaadis, mis annab veinile struktuurile juurde pehmust ja magusust.<\/p>","protected":false},"excerpt":{"rendered":"<p>Liik: Geograafilise t\u00e4hisega vein<br \/>\nKastis: 6<br \/>\nMaht: 75CL<br \/>\nAlkoholisisaldus: 13,5%<br \/>\nP\u00e4ritolumaa: T\u0161iili<br \/>\nPiirkond: Central Valley<br \/>\nViinamarjasort: Carm\u00e9n\u00e8re<br \/>\nAroom: V\u00fcrtsikas ja piprane, mis seguneb kohvi ning \u0161okolaadiga<br \/>\nMaitse: Keskmise t\u00e4idlusega punane vein, puuviljane, m\u00f5\u00f5duka tanniini ja j\u00e4relmaitses kerge tammevaniljesusega<br \/>\nToidusoovitus: Grillitud liharoad, punaveinikastmes valmistatud toidud, grillribid.<br \/>\nServeerimine: 16-17 C<\/p>","protected":false},"featured_media":735,"template":"","meta":{"_acf_changed":false,"_kadence_starter_templates_imported_post":false,"_kad_post_transparent":"","_kad_post_title":"","_kad_post_layout":"","_kad_post_sidebar_id":"","_kad_post_content_style":"","_kad_post_vertical_padding":"","_kad_post_feature":"","_kad_post_feature_position":"","_kad_post_header":false,"_kad_post_footer":false},"product_brand":[],"product_cat":[110,20,180,34,38],"product_tag":[],"class_list":{"0":"post-736","1":"product","2":"type-product","3":"status-publish","4":"has-post-thumbnail","6":"product_cat-pakkumised","7":"product_cat-punased-veinid","8":"product_cat-veinid","9":"product_cat-thsiili","10":"product_cat-soodus","12":"first","13":"outofstock","14":"taxable","15":"shipping-taxable","16":"purchasable","17":"product-type-simple","18":"entry","19":"content-bg","20":"loop-entry"},"acf":[],"_links":{"self":[{"href":"https:\/\/mydrink.ee\/fi\/wp-json\/wp\/v2\/product\/736","targetHints":{"allow":["GET"]}}],"collection":[{"href":"https:\/\/mydrink.ee\/fi\/wp-json\/wp\/v2\/product"}],"about":[{"href":"https:\/\/mydrink.ee\/fi\/wp-json\/wp\/v2\/types\/product"}],"wp:featuredmedia":[{"embeddable":true,"href":"https:\/\/mydrink.ee\/fi\/wp-json\/wp\/v2\/media\/735"}],"wp:attachment":[{"href":"https:\/\/mydrink.ee\/fi\/wp-json\/wp\/v2\/media?parent=736"}],"wp:term":[{"taxonomy":"product_brand","embeddable":true,"href":"https:\/\/mydrink.ee\/fi\/wp-json\/wp\/v2\/product_brand?post=736"},{"taxonomy":"product_cat","embeddable":true,"href":"https:\/\/mydrink.ee\/fi\/wp-json\/wp\/v2\/product_cat?post=736"},{"taxonomy":"product_tag","embeddable":true,"href":"https:\/\/mydrink.ee\/fi\/wp-json\/wp\/v2\/product_tag?post=736"}],"curies":[{"name":"wp","href":"https:\/\/api.w.org\/{rel}","templated":true}]}}