{"id":746,"date":"2012-07-13T10:48:45","date_gmt":"2012-07-13T07:48:45","guid":{"rendered":"https:\/\/mydrink.ee\/product\/collavini-schioppettino-turian-13-5-75cl\/"},"modified":"2012-07-13T10:48:45","modified_gmt":"2012-07-13T07:48:45","slug":"collavini-schioppettino-turian-13-5-75cl","status":"publish","type":"product","link":"https:\/\/mydrink.ee\/fi\/product\/collavini-schioppettino-turian-13-5-75cl\/","title":{"rendered":"COLLAVINI SCHIOPPETTINO TURIAN 13,5% 75CL"},"content":{"rendered":"<p>ISTIKUTE TIHEDUS: 4200 veini hektarilt<br \/>\nKORJE AEG: Oktoobri keskpaik<br \/>\nVEINIVALMISTAMISE TEHNOLOOGIA<br \/>\nK\u00e4\u00e4ritamine koos kestadega kestab umbes kolm n\u00e4dalat kontrollitud temperatuuril terastankides. Laagerdumine Allier tammevaatides ning edasine k\u00fcpsemine 6-8 kuud pudelis.<br \/>\nVEIN<br \/>\nT\u00e4idlane ning m\u00f5\u00f5dukalt alkohoolne, k\u00f5rge happesusega.<\/p>","protected":false},"excerpt":{"rendered":"<p>Liik:\tKaitstud p\u00e4ritolunimetusega vein<br \/>\nKastis: 6<br \/>\nMaht: 75CL<br \/>\nAlkoholisisaldus: 13,5%<br \/>\nP\u00e4ritolumaa: Itaalia<br \/>\nPiirkond: Friuli<br \/>\nViinamarjasort: Schioppettino (Ribolla Nera)<br \/>\nApellatsioon: Colli Orientali del Friuli<br \/>\nAroom: Aroomis vaarikaid, musts\u00f5start ning murakaid ja animaalsust.<br \/>\nMaitse: Maitses tunda puuviljasust, tumedaid k\u00fcpsenud marju, puidusust, sammalt ning vaniljet.<br \/>\nToidusoovitus: Jahilinnud (tuvid, pardid), pastaroad koos j\u00e4nese-, metskitse- v\u00f5i metssealihast lisanditega, pardirinnakuga v\u00f5i hanefileega, toidud, kus on kasutatud m\u00e4dar\u00f5igast.<br \/>\nServeerimine: Serveeri temperatuuril 16-18\u00b0C Riedel\u00b4i Bourgogne klaasist v\u00f5i sarnasest.<\/p>","protected":false},"featured_media":745,"template":"","meta":{"_acf_changed":false,"_kadence_starter_templates_imported_post":false,"_kad_post_transparent":"","_kad_post_title":"","_kad_post_layout":"","_kad_post_sidebar_id":"","_kad_post_content_style":"","_kad_post_vertical_padding":"","_kad_post_feature":"","_kad_post_feature_position":"","_kad_post_header":false,"_kad_post_footer":false},"product_brand":[],"product_cat":[20,180,30,38],"product_tag":[],"class_list":{"0":"post-746","1":"product","2":"type-product","3":"status-publish","4":"has-post-thumbnail","6":"product_cat-punased-veinid","7":"product_cat-veinid","8":"product_cat-itaalia","9":"product_cat-soodus","11":"first","12":"instock","13":"taxable","14":"shipping-taxable","15":"purchasable","16":"product-type-simple","17":"entry","18":"content-bg","19":"loop-entry"},"acf":[],"_links":{"self":[{"href":"https:\/\/mydrink.ee\/fi\/wp-json\/wp\/v2\/product\/746","targetHints":{"allow":["GET"]}}],"collection":[{"href":"https:\/\/mydrink.ee\/fi\/wp-json\/wp\/v2\/product"}],"about":[{"href":"https:\/\/mydrink.ee\/fi\/wp-json\/wp\/v2\/types\/product"}],"wp:featuredmedia":[{"embeddable":true,"href":"https:\/\/mydrink.ee\/fi\/wp-json\/wp\/v2\/media\/745"}],"wp:attachment":[{"href":"https:\/\/mydrink.ee\/fi\/wp-json\/wp\/v2\/media?parent=746"}],"wp:term":[{"taxonomy":"product_brand","embeddable":true,"href":"https:\/\/mydrink.ee\/fi\/wp-json\/wp\/v2\/product_brand?post=746"},{"taxonomy":"product_cat","embeddable":true,"href":"https:\/\/mydrink.ee\/fi\/wp-json\/wp\/v2\/product_cat?post=746"},{"taxonomy":"product_tag","embeddable":true,"href":"https:\/\/mydrink.ee\/fi\/wp-json\/wp\/v2\/product_tag?post=746"}],"curies":[{"name":"wp","href":"https:\/\/api.w.org\/{rel}","templated":true}]}}