{"id":750,"date":"2012-07-13T10:48:46","date_gmt":"2012-07-13T07:48:46","guid":{"rendered":"https:\/\/mydrink.ee\/product\/calatrasi-allora-primitivopuglia-07-13-5-75cl\/"},"modified":"2012-07-13T10:48:46","modified_gmt":"2012-07-13T07:48:46","slug":"calatrasi-allora-primitivopuglia-07-13-5-75cl","status":"publish","type":"product","link":"https:\/\/mydrink.ee\/fi\/product\/calatrasi-allora-primitivopuglia-07-13-5-75cl\/","title":{"rendered":"CALATRASI ALLORA PRIMITIVO SALENTO\u00b407 13,5% 75CL"},"content":{"rendered":"<p>Calatrasi Puglia veinitootmine asub Salento piirkonnas. Kohalikku Primitivo\u00b4t ning rahvusvahelist Syrah\u00b4i kasvatatakse 204 hektaril ning veini valmistamiseks kasutatakse modernset viljelustehnikat.<br \/>\nVeini valmistamise tehnoloogia: Primitivo marjad korjatakse k\u00e4sitsi p\u00e4rast t\u00e4ielikku k\u00fcpsemist. P\u00e4rast pressimist toimub jahedal kontrollitud temperatuuril fermentatsioon, mis kestab 7 kuni 10 p\u00e4eva. Fermentatsioon algab terast\u00f5rtes, kuid l\u00f5ppeb tammevaatides, kuhu vein j\u00e4\u00e4b k\u00fcpsema veel umbes kaheksaks kuuks.<br \/>\nVeini iseloomustus: Tumepunane v\u00e4rvus, purpurpunase l\u00e4ikega.<\/p>","protected":false},"excerpt":{"rendered":"<p>Liik: Geograafilise t\u00e4hisega vein<br \/>\nKastis: 6<br \/>\nMaht: 75CL<br \/>\nAlkoholisisaldus: 13,5%<br \/>\nP\u00e4ritolumaa: Itaalia<br \/>\nPiirkond: Puglia<br \/>\nViinamarjasort: Primitivo<br \/>\nAroom: Aroomis on tunda puuvilju, eelk\u00f5ige aprikoosi ja kuivatud viigimarju.<br \/>\nMaitse: Maitse rikkalik, t\u00e4idlane, tanniinid on pehmed ning p\u00fcsivad, tunda on kuivatatud ploome, kaneeli. Pehmed tanniinid j\u00e4relmaitses.<br \/>\nToidusoovitus: Suurep\u00e4rane kaaslane nii kohaliku, kui ka rahvusvahelise k\u00f6\u00f6giga. Hea kaaslane nautimiseks punaste lihadega, ulukilihaga, r\u00f6stitud lambalihaga ning erinevate k\u00fcpsete juustudega.<br \/>\nServeerimine: Serveeri temparatuuril 16-18\u00b0C.<\/p>","protected":false},"featured_media":749,"template":"","meta":{"_acf_changed":false,"_kadence_starter_templates_imported_post":false,"_kad_post_transparent":"","_kad_post_title":"","_kad_post_layout":"","_kad_post_sidebar_id":"","_kad_post_content_style":"","_kad_post_vertical_padding":"","_kad_post_feature":"","_kad_post_feature_position":"","_kad_post_header":false,"_kad_post_footer":false},"product_brand":[],"product_cat":[20,180,30],"product_tag":[],"class_list":{"0":"post-750","1":"product","2":"type-product","3":"status-publish","4":"has-post-thumbnail","6":"product_cat-punased-veinid","7":"product_cat-veinid","8":"product_cat-itaalia","10":"first","11":"outofstock","12":"taxable","13":"shipping-taxable","14":"purchasable","15":"product-type-simple","16":"entry","17":"content-bg","18":"loop-entry"},"acf":[],"_links":{"self":[{"href":"https:\/\/mydrink.ee\/fi\/wp-json\/wp\/v2\/product\/750","targetHints":{"allow":["GET"]}}],"collection":[{"href":"https:\/\/mydrink.ee\/fi\/wp-json\/wp\/v2\/product"}],"about":[{"href":"https:\/\/mydrink.ee\/fi\/wp-json\/wp\/v2\/types\/product"}],"wp:featuredmedia":[{"embeddable":true,"href":"https:\/\/mydrink.ee\/fi\/wp-json\/wp\/v2\/media\/749"}],"wp:attachment":[{"href":"https:\/\/mydrink.ee\/fi\/wp-json\/wp\/v2\/media?parent=750"}],"wp:term":[{"taxonomy":"product_brand","embeddable":true,"href":"https:\/\/mydrink.ee\/fi\/wp-json\/wp\/v2\/product_brand?post=750"},{"taxonomy":"product_cat","embeddable":true,"href":"https:\/\/mydrink.ee\/fi\/wp-json\/wp\/v2\/product_cat?post=750"},{"taxonomy":"product_tag","embeddable":true,"href":"https:\/\/mydrink.ee\/fi\/wp-json\/wp\/v2\/product_tag?post=750"}],"curies":[{"name":"wp","href":"https:\/\/api.w.org\/{rel}","templated":true}]}}