{"id":793,"date":"2012-07-13T10:48:52","date_gmt":"2012-07-13T07:48:52","guid":{"rendered":"https:\/\/mydrink.ee\/product\/yellow-tail-merlot-13-5-75cl\/"},"modified":"2012-07-13T10:48:52","modified_gmt":"2012-07-13T07:48:52","slug":"yellow-tail-merlot-13-5-75cl","status":"publish","type":"product","link":"https:\/\/mydrink.ee\/fi\/product\/yellow-tail-merlot-13-5-75cl\/","title":{"rendered":"YELLOW TAIL MERLOT 13.5%75CL"},"content":{"rendered":"<p>Merlot on valmistatud marjadest, mis p\u00e4rinevad k\u00f5rgeima kvaliteediga viinamarjaistandustest. Veini valmistamisel kasutatakse kestakontakti tammevaadiga. K\u00e4\u00e4ritamisel hoitakse temperatuuri k\u00f5rgel, et edastada maksimaalne v\u00e4rvi ja tanniini kooslus.<\/p>","protected":false},"excerpt":{"rendered":"<p>Liik:\tGeograafilise t\u00e4hisega vein<br \/>\nKastis: 6<br \/>\nMaht: 75CL<br \/>\nAlkoholisisaldus: 13,5%<br \/>\nP\u00e4ritolumaa: Austraalia<br \/>\nPiirkond: South-Eastern<br \/>\nViinamarjasort: Merlot<br \/>\nMaitse: Merlot klaasist \u00f5hkub k\u00fcpsenud ploomide aroomi. Pehmed tanniinid t\u00e4iendavad ideaalselt k\u00fcpsenud marjade maitset ja annavad edasi rikkalikku puuviljasust ja pehmust.<br \/>\nToidusoovitus: Merlot on loodud j\u00e4rgides lihtsat filosoofiat -suurep\u00e4rane vein k\u00f5igile nautimiseks, igal ajal ja igas kohas. Seep\u00e4rast me ei soovita, millega seda nautida. Kui aga ootate siiski ettepanekut, siis Merlot on suurep\u00e4rane kaaslane nautimiseks koos s\u00f5pradega<\/p>","protected":false},"featured_media":792,"template":"","meta":{"_acf_changed":false,"_kadence_starter_templates_imported_post":false,"_kad_post_transparent":"","_kad_post_title":"","_kad_post_layout":"","_kad_post_sidebar_id":"","_kad_post_content_style":"","_kad_post_vertical_padding":"","_kad_post_feature":"","_kad_post_feature_position":"","_kad_post_header":false,"_kad_post_footer":false},"product_brand":[],"product_cat":[20,28,180],"product_tag":[],"class_list":{"0":"post-793","1":"product","2":"type-product","3":"status-publish","4":"has-post-thumbnail","6":"product_cat-punased-veinid","7":"product_cat-austraalia","8":"product_cat-veinid","10":"first","11":"instock","12":"taxable","13":"shipping-taxable","14":"purchasable","15":"product-type-simple","16":"entry","17":"content-bg","18":"loop-entry"},"acf":[],"_links":{"self":[{"href":"https:\/\/mydrink.ee\/fi\/wp-json\/wp\/v2\/product\/793","targetHints":{"allow":["GET"]}}],"collection":[{"href":"https:\/\/mydrink.ee\/fi\/wp-json\/wp\/v2\/product"}],"about":[{"href":"https:\/\/mydrink.ee\/fi\/wp-json\/wp\/v2\/types\/product"}],"wp:featuredmedia":[{"embeddable":true,"href":"https:\/\/mydrink.ee\/fi\/wp-json\/wp\/v2\/media\/792"}],"wp:attachment":[{"href":"https:\/\/mydrink.ee\/fi\/wp-json\/wp\/v2\/media?parent=793"}],"wp:term":[{"taxonomy":"product_brand","embeddable":true,"href":"https:\/\/mydrink.ee\/fi\/wp-json\/wp\/v2\/product_brand?post=793"},{"taxonomy":"product_cat","embeddable":true,"href":"https:\/\/mydrink.ee\/fi\/wp-json\/wp\/v2\/product_cat?post=793"},{"taxonomy":"product_tag","embeddable":true,"href":"https:\/\/mydrink.ee\/fi\/wp-json\/wp\/v2\/product_tag?post=793"}],"curies":[{"name":"wp","href":"https:\/\/api.w.org\/{rel}","templated":true}]}}