{"id":823,"date":"2012-07-13T10:48:57","date_gmt":"2012-07-13T07:48:57","guid":{"rendered":"https:\/\/mydrink.ee\/product\/piper-heidsieck-cuvee-brut-12-75cl\/"},"modified":"2025-11-27T12:29:18","modified_gmt":"2025-11-27T10:29:18","slug":"piper-heidsieck-cuvee-brut-12-75cl","status":"publish","type":"product","link":"https:\/\/mydrink.ee\/fi\/product\/piper-heidsieck-cuvee-brut-12-75cl\/","title":{"rendered":"PIPER HEIDSIECK CUVEE BRUT 12% 75CL"},"content":{"rendered":"<p>PIPER-HEIDSIECK BRUT A.O.C. Champagne Punase etiketiga Piper-Heidsieck on maailma \u00fcks tuntumatest ja hinnatumatest \u0161ampanja kaubam\u00e4rkidest. Piper-Heidsieck \u0161ampanjad segatakse eri aastak\u00e4ikude veinidest, mis on valmistatud k\u00f5igist kolmest Champagne piirkonna viinamarjasordist. Veinide vahekord: Pinot Noir 55% Pinot Meunier 30% Chardonnay 15%. Enne m\u00fc\u00fcki k\u00fcpseb vein 2-3 aastat pudelis. Piper-Heidsieck \u0161ampanja on v\u00e4rvuselt helekollane, aroomilt puuviljaline ja v\u00e4rske. Maitselt kuiv, v\u00e4rske ja puuviljaline ning h\u00e4sti tasakaalustatud. Piper-Heidsieck on k\u00f5ikide pidulike s\u00fcndmuste lahutamatu kaaslane. Parim on serveerida \u0161ampanja jahutatult ja juurde sobivad ideaalselt v\u00e4rsked maasikad. Punase etiketiga Piper-Heidsieck on maailma \u00fcks tuntumatest ja hinnatumatest \u0161ampanja kaubam\u00e4rkidest. Seda tuntakse eriti just l\u00e4bi paljude filmit\u00e4htede nagu n\u00e4iteks Merilyn Monroe, kellele Piper-Heidsieck oli lemmik \u0161ampanja. Peiper-Heidsieck on Cannes\u00b4i filmifestivali suursponsor. Rahvusvaheline tunnustus: Piper-Heidsieck veinimeistrid on v\u00f5itnud kuus korda auhinna \u201eWinemaker of the Year\u201c, seda aastatel 1994, 1998-2002. Lisaks on v\u00f5idetud arvukalt muid k\u00f5rgelt hinnatud auhindu. Head nautimist!<\/p>","protected":false},"excerpt":{"rendered":"<p>Liik: \u0160ampanja<br \/>\n Kastis: 6<br \/>\n Maht: 75CL<br \/>\n Alkoholisisaldus: 12%<br \/>\n P\u00e4ritolumaa: Prantsusmaa<br \/>\n Veinide vahekord: Pinot Noir 55%, Pinot Meunier 30%, Chardonnay 15%.<br \/>\n V\u00e4rvus: V\u00e4ga kirgas ja samas \u00f5rn kuldne toon.<br \/>\n L\u00f5hn: Esimene emotsioon toob meelde kirka ja v\u00e4rske suvehommiku. Meenutades kevadlillesid, kuid eriti viirpuu aroomi. Sealt edasi j\u00f5uame puuviljaste \u00f5una ja pirni aroomideni, mis omakorda juhatavad sisse kergelt r\u00f6stitud sidruni aroomi.<br \/>\n Maitse: Esimesena m\u00e4rkab elulisust ja v\u00e4rskust. Tsitruse noodid viivad teatud k\u00fcpsuseni. T\u00e4idlus ja mineraalsed n\u00fcansid annavad joogile veelgi isikup\u00e4rasema iseloomu.<\/p>","protected":false},"featured_media":822,"template":"","meta":{"_acf_changed":false,"_kadence_starter_templates_imported_post":false,"_kad_post_transparent":"","_kad_post_title":"","_kad_post_layout":"","_kad_post_sidebar_id":"","_kad_post_content_style":"","_kad_post_vertical_padding":"","_kad_post_feature":"","_kad_post_feature_position":"","_kad_post_header":false,"_kad_post_footer":false},"product_brand":[],"product_cat":[122,24],"product_tag":[],"class_list":{"0":"post-823","1":"product","2":"type-product","3":"status-publish","4":"has-post-thumbnail","6":"product_cat-shampanjad","7":"product_cat-vahuveinid","9":"first","10":"instock","11":"taxable","12":"shipping-taxable","13":"purchasable","14":"product-type-simple","15":"entry","16":"content-bg","17":"loop-entry"},"acf":[],"_links":{"self":[{"href":"https:\/\/mydrink.ee\/fi\/wp-json\/wp\/v2\/product\/823","targetHints":{"allow":["GET"]}}],"collection":[{"href":"https:\/\/mydrink.ee\/fi\/wp-json\/wp\/v2\/product"}],"about":[{"href":"https:\/\/mydrink.ee\/fi\/wp-json\/wp\/v2\/types\/product"}],"wp:featuredmedia":[{"embeddable":true,"href":"https:\/\/mydrink.ee\/fi\/wp-json\/wp\/v2\/media\/822"}],"wp:attachment":[{"href":"https:\/\/mydrink.ee\/fi\/wp-json\/wp\/v2\/media?parent=823"}],"wp:term":[{"taxonomy":"product_brand","embeddable":true,"href":"https:\/\/mydrink.ee\/fi\/wp-json\/wp\/v2\/product_brand?post=823"},{"taxonomy":"product_cat","embeddable":true,"href":"https:\/\/mydrink.ee\/fi\/wp-json\/wp\/v2\/product_cat?post=823"},{"taxonomy":"product_tag","embeddable":true,"href":"https:\/\/mydrink.ee\/fi\/wp-json\/wp\/v2\/product_tag?post=823"}],"curies":[{"name":"wp","href":"https:\/\/api.w.org\/{rel}","templated":true}]}}