{"id":8433,"date":"2025-10-31T09:20:31","date_gmt":"2025-10-31T07:20:31","guid":{"rendered":"https:\/\/mydrink.ee\/?post_type=product&#038;p=8433"},"modified":"2025-12-03T16:47:54","modified_gmt":"2025-12-03T14:47:54","slug":"absolut-citron-40-70cl","status":"publish","type":"product","link":"https:\/\/mydrink.ee\/fi\/product\/absolut-citron-40-70cl\/","title":{"rendered":"Absolut Citron 40% vol 70CL"},"content":{"rendered":"<p>Iga viimne kui piisk ABSOLUT&#8217;i tuleb \u00fchest kohast \u2013 v\u00e4ikesest 10 000 elanikuga k\u00fclakesest \u00c5hus\u2019ist L\u00f5una-Rootsis. Tooraineks on \u00fcmbruskonna p\u00f5ldudel kasvav talinisu ja kohaliku puurkaevu vesi. Kogu tootmise koondamine \u00fchte kohta annab ettev\u00f5ttele t\u00e4ieliku kontrolli kogu tootmisprotsessi \u00fcle ja kindlustab ABSOLUT\u2019i k\u00f5rgetele n\u00f5udmistele vastava p\u00fcsiva kvaliteedi. <br \/>ABSOLUT\u2019i toodetakse pideva destilleerimise meetodil \u2013 see t\u00e4hendab, et enne pudeldamist l\u00e4bib vodka destillatsiooniprotsessi sadu kordi, mis kindlustab kristallselge v\u00e4ljan\u00e4gemise ja t\u00e4iuslikult puhta maitse.<\/p>\n\n<style>.wp-block-kadence-advancedheading.kt-adv-heading8433_6dc06d-78_0, .wp-block-kadence-advancedheading.kt-adv-heading8433_6dc06d-78_0[data-kb-block=\"kb-adv-heading8433_6dc06d-78_0\"]{font-style:normal;}.wp-block-kadence-advancedheading.kt-adv-heading8433_6dc06d-78_0 mark.kt-highlight, .wp-block-kadence-advancedheading.kt-adv-heading8433_6dc06d-78_0[data-kb-block=\"kb-adv-heading8433_6dc06d-78_0\"] mark.kt-highlight{font-style:normal;color:#f76a0c;-webkit-box-decoration-break:clone;box-decoration-break:clone;padding-top:0px;padding-right:0px;padding-bottom:0px;padding-left:0px;}<\/style>\n<h4 class=\"kt-adv-heading8433_6dc06d-78_0 wp-block-kadence-advancedheading has-theme-palette-9-color has-text-color\" data-kb-block=\"kb-adv-heading8433_6dc06d-78_0\">absolut<\/h4>\n\n\n<style>.wp-block-kadence-advancedheading.kt-adv-heading8433_60c3f4-03, .wp-block-kadence-advancedheading.kt-adv-heading8433_60c3f4-03[data-kb-block=\"kb-adv-heading8433_60c3f4-03\"]{font-style:normal;}.wp-block-kadence-advancedheading.kt-adv-heading8433_60c3f4-03 mark.kt-highlight, .wp-block-kadence-advancedheading.kt-adv-heading8433_60c3f4-03[data-kb-block=\"kb-adv-heading8433_60c3f4-03\"] mark.kt-highlight{font-style:normal;color:#f76a0c;-webkit-box-decoration-break:clone;box-decoration-break:clone;padding-top:0px;padding-right:0px;padding-bottom:0px;padding-left:0px;}<\/style>\n<p class=\"kt-adv-heading8433_60c3f4-03 wp-block-kadence-advancedheading\" data-kb-block=\"kb-adv-heading8433_60c3f4-03\"><\/p>","protected":false},"excerpt":{"rendered":"<p>Liik: Maitsestatud viin Kastis: 12 Maht: 70CL Alkoholisisaldus: 40% vol P\u00e4ritolumaa: Rootsi V\u00e4rvus: Kollakas Maitse: Sidrun, puuviljane, aromaatne. Serverimistemperatuur: 06-08C<\/p>","protected":false},"featured_media":8434,"template":"","meta":{"_acf_changed":false,"_kadence_starter_templates_imported_post":false,"_kad_post_transparent":"","_kad_post_title":"","_kad_post_layout":"","_kad_post_sidebar_id":"","_kad_post_content_style":"","_kad_post_vertical_padding":"","_kad_post_feature":"","_kad_post_feature_position":"","_kad_post_header":false,"_kad_post_footer":false},"product_brand":[],"product_cat":[46,254,110,26,87,50],"product_tag":[],"class_list":{"0":"post-8433","1":"product","2":"type-product","3":"status-publish","4":"has-post-thumbnail","6":"product_cat-vodka","7":"product_cat-kange-alkohol-pakkumised","8":"product_cat-pakkumised","9":"product_cat-kange-alkohol","10":"product_cat-frontpage","11":"product_cat-soodus-1","13":"first","14":"instock","15":"sale","16":"taxable","17":"shipping-taxable","18":"purchasable","19":"product-type-simple","20":"entry","21":"content-bg","22":"loop-entry"},"acf":[],"_links":{"self":[{"href":"https:\/\/mydrink.ee\/fi\/wp-json\/wp\/v2\/product\/8433","targetHints":{"allow":["GET"]}}],"collection":[{"href":"https:\/\/mydrink.ee\/fi\/wp-json\/wp\/v2\/product"}],"about":[{"href":"https:\/\/mydrink.ee\/fi\/wp-json\/wp\/v2\/types\/product"}],"wp:featuredmedia":[{"embeddable":true,"href":"https:\/\/mydrink.ee\/fi\/wp-json\/wp\/v2\/media\/8434"}],"wp:attachment":[{"href":"https:\/\/mydrink.ee\/fi\/wp-json\/wp\/v2\/media?parent=8433"}],"wp:term":[{"taxonomy":"product_brand","embeddable":true,"href":"https:\/\/mydrink.ee\/fi\/wp-json\/wp\/v2\/product_brand?post=8433"},{"taxonomy":"product_cat","embeddable":true,"href":"https:\/\/mydrink.ee\/fi\/wp-json\/wp\/v2\/product_cat?post=8433"},{"taxonomy":"product_tag","embeddable":true,"href":"https:\/\/mydrink.ee\/fi\/wp-json\/wp\/v2\/product_tag?post=8433"}],"curies":[{"name":"wp","href":"https:\/\/api.w.org\/{rel}","templated":true}]}}