{"id":8435,"date":"2025-10-31T09:24:44","date_gmt":"2025-10-31T07:24:44","guid":{"rendered":"https:\/\/mydrink.ee\/?post_type=product&#038;p=8435"},"modified":"2025-12-03T16:45:04","modified_gmt":"2025-12-03T14:45:04","slug":"absolut-pears-40-70cl","status":"publish","type":"product","link":"https:\/\/mydrink.ee\/fi\/product\/absolut-pears-40-70cl\/","title":{"rendered":"Absolut Pears 40% vol 70CL"},"content":{"rendered":"<p>Iga viimne kui piisk ABSOLUT&#8217;i tuleb \u00fchest kohast \u2013 v\u00e4ikesest 10 000 elanikuga k\u00fclakesest \u00c5hus\u2019ist L\u00f5una-Rootsis. Tooraineks on \u00fcmbruskonna p\u00f5ldudel kasvav talinisu ja kohaliku puurkaevu vesi. Kogu tootmise koondamine \u00fchte kohta annab ettev\u00f5ttele t\u00e4ieliku kontrolli kogu tootmisprotsessi \u00fcle ja kindlustab ABSOLUT\u2019i k\u00f5rgetele n\u00f5udmistele vastava p\u00fcsiva kvaliteedi. <br \/>ABSOLUT\u2019i toodetakse pideva destilleerimise meetodil \u2013 see t\u00e4hendab, et enne pudeldamist l\u00e4bib vodka destillatsiooniprotsessi sadu kordi, mis kindlustab kristallselge v\u00e4ljan\u00e4gemise ja t\u00e4iuslikult puhta maitse.<\/p>\n\n<style>.wp-block-kadence-advancedheading.kt-adv-heading8435_9e2d6f-65_0, .wp-block-kadence-advancedheading.kt-adv-heading8435_9e2d6f-65_0[data-kb-block=\"kb-adv-heading8435_9e2d6f-65_0\"]{font-style:normal;}.wp-block-kadence-advancedheading.kt-adv-heading8435_9e2d6f-65_0 mark.kt-highlight, .wp-block-kadence-advancedheading.kt-adv-heading8435_9e2d6f-65_0[data-kb-block=\"kb-adv-heading8435_9e2d6f-65_0\"] mark.kt-highlight{font-style:normal;color:#f76a0c;-webkit-box-decoration-break:clone;box-decoration-break:clone;padding-top:0px;padding-right:0px;padding-bottom:0px;padding-left:0px;}<\/style>\n<h4 class=\"kt-adv-heading8435_9e2d6f-65_0 wp-block-kadence-advancedheading has-theme-palette-9-color has-text-color\" data-kb-block=\"kb-adv-heading8435_9e2d6f-65_0\">absolut<\/h4>","protected":false},"excerpt":{"rendered":"<p>Liik: Maitsestatud viin<br \/>\nKastis: 12<br \/>\nMaht: 70CL<br \/>\nAlkoholisisaldus: 40% vol<br \/>\nP\u00e4ritolumaa: Rootsi<br \/>\nV\u00e4rvus: Rohekas<br \/>\nMaitse: Pirn, puuviljane, aromaatne.<br \/>\nServerimistemperatuur: 06-08C<\/p>","protected":false},"featured_media":8436,"template":"","meta":{"_acf_changed":false,"_kadence_starter_templates_imported_post":false,"_kad_post_transparent":"","_kad_post_title":"","_kad_post_layout":"","_kad_post_sidebar_id":"","_kad_post_content_style":"","_kad_post_vertical_padding":"","_kad_post_feature":"","_kad_post_feature_position":"","_kad_post_header":false,"_kad_post_footer":false},"product_brand":[],"product_cat":[46,254,110,26,87,50],"product_tag":[],"class_list":{"0":"post-8435","1":"product","2":"type-product","3":"status-publish","4":"has-post-thumbnail","6":"product_cat-vodka","7":"product_cat-kange-alkohol-pakkumised","8":"product_cat-pakkumised","9":"product_cat-kange-alkohol","10":"product_cat-frontpage","11":"product_cat-soodus-1","13":"first","14":"instock","15":"sale","16":"taxable","17":"shipping-taxable","18":"purchasable","19":"product-type-simple","20":"entry","21":"content-bg","22":"loop-entry"},"acf":[],"_links":{"self":[{"href":"https:\/\/mydrink.ee\/fi\/wp-json\/wp\/v2\/product\/8435","targetHints":{"allow":["GET"]}}],"collection":[{"href":"https:\/\/mydrink.ee\/fi\/wp-json\/wp\/v2\/product"}],"about":[{"href":"https:\/\/mydrink.ee\/fi\/wp-json\/wp\/v2\/types\/product"}],"wp:featuredmedia":[{"embeddable":true,"href":"https:\/\/mydrink.ee\/fi\/wp-json\/wp\/v2\/media\/8436"}],"wp:attachment":[{"href":"https:\/\/mydrink.ee\/fi\/wp-json\/wp\/v2\/media?parent=8435"}],"wp:term":[{"taxonomy":"product_brand","embeddable":true,"href":"https:\/\/mydrink.ee\/fi\/wp-json\/wp\/v2\/product_brand?post=8435"},{"taxonomy":"product_cat","embeddable":true,"href":"https:\/\/mydrink.ee\/fi\/wp-json\/wp\/v2\/product_cat?post=8435"},{"taxonomy":"product_tag","embeddable":true,"href":"https:\/\/mydrink.ee\/fi\/wp-json\/wp\/v2\/product_tag?post=8435"}],"curies":[{"name":"wp","href":"https:\/\/api.w.org\/{rel}","templated":true}]}}