{"id":8581,"date":"2025-11-24T17:57:02","date_gmt":"2025-11-24T15:57:02","guid":{"rendered":"https:\/\/mydrink.ee\/?post_type=product&#038;p=8581"},"modified":"2025-11-24T18:13:12","modified_gmt":"2025-11-24T16:13:12","slug":"moet-chandon-brut-imperial-125-vol-75cl","status":"publish","type":"product","link":"https:\/\/mydrink.ee\/fi\/product\/moet-chandon-brut-imperial-125-vol-75cl\/","title":{"rendered":"Mo\u00ebt &amp; Chandon Brut Imp\u00e9rial 12,5% vol 75CL"},"content":{"rendered":"<style>.wp-block-kadence-advancedheading.kt-adv-heading8581_59c235-08_0, .wp-block-kadence-advancedheading.kt-adv-heading8581_59c235-08_0[data-kb-block=\"kb-adv-heading8581_59c235-08_0\"]{font-style:normal;}.wp-block-kadence-advancedheading.kt-adv-heading8581_59c235-08_0 mark.kt-highlight, .wp-block-kadence-advancedheading.kt-adv-heading8581_59c235-08_0[data-kb-block=\"kb-adv-heading8581_59c235-08_0\"] mark.kt-highlight{font-style:normal;color:#f76a0c;-webkit-box-decoration-break:clone;box-decoration-break:clone;padding-top:0px;padding-right:0px;padding-bottom:0px;padding-left:0px;}<\/style>\n<p class=\"kt-adv-heading8581_59c235-08_0 wp-block-kadence-advancedheading\" data-kb-block=\"kb-adv-heading8581_59c235-08_0\">Mo\u00ebt &#038; Chandon \u0161ampanja on \u00fcle 250 aasta vana kaubam\u00e4rk. See on alati olnud glamuuri, luksuse ja tippmoe s\u00fcmbol. Jooki juuakse siiani k\u00f5ige kallimates klubides ning pakutakse luksuslikemais hotellides. Tasakaalustatud kooslus Chardonnay, Pinot Noir ja Pinot Meunier viinamarjasortidest; v\u00e4rvuselt kahvatu-kollane, kergelt roheka varjundiga. Aroom kergelt veinine, tunda sidruni l\u00f5hna.<\/p>","protected":false},"excerpt":{"rendered":"<p>Liik: Shampanja<br \/>\nKastis: 6<br \/>\nMaht: 75CL<br \/>\nAlkoholisisaldus: 12,5% vol<br \/>\nP\u00e4ritolumaa: Prantsusmaa Champagne AOC<br \/>\nVeinimarjad: Chardonnay, Pinot Noir ja Pinot Meunier<br \/>\nV\u00e4rvus: Kahvatu-kollane, kergelt roheka varjundiga<br \/>\nAroom: Kergelt veinine, tunda sidrunit<\/p>","protected":false},"featured_media":8582,"template":"","meta":{"_acf_changed":false,"_kadence_starter_templates_imported_post":false,"_kad_post_transparent":"","_kad_post_title":"","_kad_post_layout":"","_kad_post_sidebar_id":"","_kad_post_content_style":"","_kad_post_vertical_padding":"","_kad_post_feature":"","_kad_post_feature_position":"","_kad_post_header":false,"_kad_post_footer":false},"product_brand":[],"product_cat":[122,24],"product_tag":[],"class_list":{"0":"post-8581","1":"product","2":"type-product","3":"status-publish","4":"has-post-thumbnail","6":"product_cat-shampanjad","7":"product_cat-vahuveinid","9":"first","10":"instock","11":"taxable","12":"shipping-taxable","13":"purchasable","14":"product-type-simple","15":"entry","16":"content-bg","17":"loop-entry"},"acf":[],"_links":{"self":[{"href":"https:\/\/mydrink.ee\/fi\/wp-json\/wp\/v2\/product\/8581","targetHints":{"allow":["GET"]}}],"collection":[{"href":"https:\/\/mydrink.ee\/fi\/wp-json\/wp\/v2\/product"}],"about":[{"href":"https:\/\/mydrink.ee\/fi\/wp-json\/wp\/v2\/types\/product"}],"wp:featuredmedia":[{"embeddable":true,"href":"https:\/\/mydrink.ee\/fi\/wp-json\/wp\/v2\/media\/8582"}],"wp:attachment":[{"href":"https:\/\/mydrink.ee\/fi\/wp-json\/wp\/v2\/media?parent=8581"}],"wp:term":[{"taxonomy":"product_brand","embeddable":true,"href":"https:\/\/mydrink.ee\/fi\/wp-json\/wp\/v2\/product_brand?post=8581"},{"taxonomy":"product_cat","embeddable":true,"href":"https:\/\/mydrink.ee\/fi\/wp-json\/wp\/v2\/product_cat?post=8581"},{"taxonomy":"product_tag","embeddable":true,"href":"https:\/\/mydrink.ee\/fi\/wp-json\/wp\/v2\/product_tag?post=8581"}],"curies":[{"name":"wp","href":"https:\/\/api.w.org\/{rel}","templated":true}]}}