{"id":8800,"date":"2025-12-18T12:34:54","date_gmt":"2025-12-18T10:34:54","guid":{"rendered":"https:\/\/mydrink.ee\/?post_type=product&#038;p=8800"},"modified":"2026-01-08T19:55:09","modified_gmt":"2026-01-08T17:55:09","slug":"jagermeister-orange-33-vol-100cl","status":"publish","type":"product","link":"https:\/\/mydrink.ee\/fi\/product\/jagermeister-orange-33-vol-100cl\/","title":{"rendered":"J\u00c4GERMEISTER Orange 33% vol 100cl"},"content":{"rendered":"<p style=\"margin-bottom: 1.47em; line-height: 1.8; margin-top: -15px; color: #000000; font-family: open-sans, sans-serif; font-size: 14px; font-style: normal; font-variant-ligatures: normal; font-variant-caps: normal; font-weight: normal; letter-spacing: normal; orphans: 2; text-align: justify; text-indent: 0px; text-transform: none; white-space: normal; widows: 2; word-spacing: 0px; -webkit-text-stroke-width: 0px; background-color: #ffffff;\">\u00dcrdilik\u00f6\u00f6r. Maailm on t\u00e4is saladusi. M\u00f5nelt on v\u00f5imalik t\u00f5sta katteloor, kuid teised j\u00e4\u00e4vad igavesti saladusteks. J\u00e4germeisteri saladus on tema erilises koostises: 56 v\u00fcrtsi, taime ja vilja kogu maailmast loovad tema ainulaadse maitse ja harmoonilise l\u00f5hna. J\u00e4germeisteri retsepti on hoitud kiivalt saladuses ning seda valmistatakse muutmata kujul 1935. aastast alates. Tagamaks kvaliteet igas pudelis, kontrollitakse j\u00e4relk\u00fcpsemise ajal toodangut 383 korral. Seep\u00e4rast ei ole J\u00e4germeisteri maitse mitte juhus, vaid aastak\u00fcmnete pikkune kogemus. See kompositsioon on teinud hirvekujutisega pudeli tuntuks meie joogikultuuris ja populaarseks kogu maailmas. *Saadaval \u00a0erinevad hooajalised kinkekomplektid.<\/p>\n\n<style>.wp-block-kadence-advancedheading.kt-adv-heading3631_88aa91-0d_0, .wp-block-kadence-advancedheading.kt-adv-heading3631_88aa91-0d_0[data-kb-block=\"kb-adv-heading3631_88aa91-0d_0\"]{font-style:normal;}.wp-block-kadence-advancedheading.kt-adv-heading3631_88aa91-0d_0 mark.kt-highlight, .wp-block-kadence-advancedheading.kt-adv-heading3631_88aa91-0d_0[data-kb-block=\"kb-adv-heading3631_88aa91-0d_0\"] mark.kt-highlight{font-style:normal;color:#f76a0c;-webkit-box-decoration-break:clone;box-decoration-break:clone;padding-top:0px;padding-right:0px;padding-bottom:0px;padding-left:0px;}<\/style>\n<h4 class=\"kt-adv-heading3631_88aa91-0d_0 wp-block-kadence-advancedheading has-theme-palette-9-color has-text-color\" data-kb-block=\"kb-adv-heading3631_88aa91-0d_0\">herbal liqueur, j\u00e4germeister<\/h4>\n\n\n<style>.wp-block-kadence-advancedheading.kt-adv-heading8800_ddd080-cf_0, .wp-block-kadence-advancedheading.kt-adv-heading8800_ddd080-cf_0[data-kb-block=\"kb-adv-heading8800_ddd080-cf_0\"]{font-style:normal;}.wp-block-kadence-advancedheading.kt-adv-heading8800_ddd080-cf_0 mark.kt-highlight, .wp-block-kadence-advancedheading.kt-adv-heading8800_ddd080-cf_0[data-kb-block=\"kb-adv-heading8800_ddd080-cf_0\"] mark.kt-highlight{font-style:normal;color:#f76a0c;-webkit-box-decoration-break:clone;box-decoration-break:clone;padding-top:0px;padding-right:0px;padding-bottom:0px;padding-left:0px;}<\/style>\n<p class=\"kt-adv-heading8800_ddd080-cf_0 wp-block-kadence-advancedheading has-theme-palette-9-color has-text-color has-theme-palette-9-background-color has-background\" data-kb-block=\"kb-adv-heading8800_ddd080-cf_0\">j\u00e4germeister<\/p>\n\n\n<style>.wp-block-kadence-advancedheading.kt-adv-heading8800_e6f9bf-c2, .wp-block-kadence-advancedheading.kt-adv-heading8800_e6f9bf-c2[data-kb-block=\"kb-adv-heading8800_e6f9bf-c2\"]{font-style:normal;}.wp-block-kadence-advancedheading.kt-adv-heading8800_e6f9bf-c2 mark.kt-highlight, .wp-block-kadence-advancedheading.kt-adv-heading8800_e6f9bf-c2[data-kb-block=\"kb-adv-heading8800_e6f9bf-c2\"] mark.kt-highlight{font-style:normal;color:#f76a0c;-webkit-box-decoration-break:clone;box-decoration-break:clone;padding-top:0px;padding-right:0px;padding-bottom:0px;padding-left:0px;}<\/style>\n<p class=\"kt-adv-heading8800_e6f9bf-c2 wp-block-kadence-advancedheading\" data-kb-block=\"kb-adv-heading8800_e6f9bf-c2\"><\/p>","protected":false},"excerpt":{"rendered":"<p>Tooteliik: Lik\u00f6\u00f6r <br \/>Maht: 100cl<br \/>P\u00e4ritolumaa: Saksamaa <br \/>Alkoholisisaldus: 33% <br \/>V\u00e4rvus: S\u00fcgav kuldoran\u017e, kerge merevaiguse varjundiga.<br \/>Aroom: V\u00e4rskelt pressitud apelsini- ja mandariinikoore aroom, mida t\u00e4iendavad peened \u00fcrdi- ja v\u00fcrtsinoodid.<br \/>Maitse: Magus-v\u00e4rske tsitruseline algus, millele j\u00e4rgneb s\u00fcgavam apelsinikoore m\u00f5rkjus ja klassikaline J\u00e4germeisteri \u00fcrdine iseloom. J\u00e4relmaitse pehme, kergelt v\u00fcrtsikas ja meeldivalt tsitruseline.<br \/>Serveerimine: \u201318\u00b0C<\/p>","protected":false},"featured_media":8801,"template":"","meta":{"_acf_changed":false,"_kadence_starter_templates_imported_post":false,"_kad_post_transparent":"","_kad_post_title":"","_kad_post_layout":"","_kad_post_sidebar_id":"","_kad_post_content_style":"","_kad_post_vertical_padding":"","_kad_post_feature":"","_kad_post_feature_position":"","_kad_post_header":false,"_kad_post_footer":false},"product_brand":[],"product_cat":[43,254,110,26,87,50],"product_tag":[],"class_list":{"0":"post-8800","1":"product","2":"type-product","3":"status-publish","4":"has-post-thumbnail","6":"product_cat-likoor","7":"product_cat-kange-alkohol-pakkumised","8":"product_cat-pakkumised","9":"product_cat-kange-alkohol","10":"product_cat-frontpage","11":"product_cat-soodus-1","13":"first","14":"instock","15":"sale","16":"taxable","17":"shipping-taxable","18":"purchasable","19":"product-type-simple","20":"entry","21":"content-bg","22":"loop-entry"},"acf":[],"_links":{"self":[{"href":"https:\/\/mydrink.ee\/fi\/wp-json\/wp\/v2\/product\/8800","targetHints":{"allow":["GET"]}}],"collection":[{"href":"https:\/\/mydrink.ee\/fi\/wp-json\/wp\/v2\/product"}],"about":[{"href":"https:\/\/mydrink.ee\/fi\/wp-json\/wp\/v2\/types\/product"}],"wp:featuredmedia":[{"embeddable":true,"href":"https:\/\/mydrink.ee\/fi\/wp-json\/wp\/v2\/media\/8801"}],"wp:attachment":[{"href":"https:\/\/mydrink.ee\/fi\/wp-json\/wp\/v2\/media?parent=8800"}],"wp:term":[{"taxonomy":"product_brand","embeddable":true,"href":"https:\/\/mydrink.ee\/fi\/wp-json\/wp\/v2\/product_brand?post=8800"},{"taxonomy":"product_cat","embeddable":true,"href":"https:\/\/mydrink.ee\/fi\/wp-json\/wp\/v2\/product_cat?post=8800"},{"taxonomy":"product_tag","embeddable":true,"href":"https:\/\/mydrink.ee\/fi\/wp-json\/wp\/v2\/product_tag?post=8800"}],"curies":[{"name":"wp","href":"https:\/\/api.w.org\/{rel}","templated":true}]}}