{"id":938,"date":"2012-07-13T10:49:13","date_gmt":"2012-07-13T07:49:13","guid":{"rendered":"https:\/\/mydrink.ee\/product\/cinzano-bianco-15-100cl\/"},"modified":"2026-01-08T19:55:11","modified_gmt":"2026-01-08T17:55:11","slug":"cinzano-bianco-15-100cl","status":"publish","type":"product","link":"https:\/\/mydrink.ee\/fi\/product\/cinzano-bianco-15-100cl\/","title":{"rendered":"CINZANO BIANCO 15% 100CL"},"content":{"rendered":"<p>Temperamentne, julge, rikkalik, kuid samas nii \u00f5rn. Selline on t\u00f5eline itaallane, selline on Cinzano. Cinzano vermutite perekond pakub l\u00f5putult v\u00f5imalusi nautida erinevaid maitseid s\u00f5pradega, perekonnaringis v\u00f5i iseendaga. Cinzano vermutit valmistatakse Itaalia punaste ja valgete kvaliteetveinide baasil. Veinid maitsestatakse salajase maitsetaimede ning v\u00fcrtside seguga, mis annabki Cinzano vermutile selle p\u00e4ris \u00f5ige vermuti maitse. See \u00f5ige maitse avastati Giovanni Cinzano kaasabil juba aastal 1757 ning sellest ammusest ajast kuni t\u00e4nap\u00e4evani on Cinzano vermutid kvaliteedietaloniks terves maailmas.<br \/>\nValdavalt nauditakse vermuteid puhtalt j\u00e4\u00e4ga, kuid Cinzano ei kehtesta Sulle reegleid. Tunne ennast vabalt ja proovi julgelt Cinzanot segada soodavee, sidrunilimonaadi v\u00f5i m\u00f5ne mahlaga. V\u00f5ta aeg maha, lase fantaasial lennata ja tule seiklema vahemere maitsete maailma.<\/p>\n<p>AROOM JA MAITSE<br \/>\nK\u00f5ige tuntum maitse on Cinzano Bianco ja seda ka v\u00e4ga hea p\u00f5hjusega. Bianco on oma maitselt habras ja t\u00e4idlane, kuid \u00fchtaegu ka \u00f5rn. V\u00e4rskete \u00fcrtide, sidruni ja v\u00fcrtside aroom ning maitse on kargelt v\u00e4rskendav ja meeldivalt s\u00fcmpaatne.<br \/>\n\u00dcldmulje on s\u00f5bralik, pisut koketeeriv ja eriti stiilne.<\/p>\n<p>SERVEERIMISSOOVITUS<br \/>\nTavaliselt nauditakse Biancot puhtalt j\u00e4\u00e4ga, aga reegleid ei ole &#8211; avasta uusi maitseid ja sega Biancot m\u00f5ne pikendajaga. Proovi Cinzano Biancot n\u00e4iteks toonikuga v\u00f5i m\u00f5ne sidrunilimonaadiga. Eriti p\u00f5neva joogi v\u00f5id segada roosa greibi mahla ja j\u00e4\u00e4ga.<\/p>\n<p>KOKTEILISOOVITUS<br \/>\n\u2022 Cinzano Bianco j\u00e4\u00e4kuubikute ja maasikatega<br \/>\n\u2022 Bianco \u00f5unamahla ja n\u00e4puotsat\u00e4ie kaneeliga<br \/>\n\u2022 Bianco kurgiga ja piparm\u00fcndilehtedega<\/p>\n<p>Rohkelt p\u00f5nevaid kokteiliretsepte leiad internetist:<br \/>\nwww.cinzano.com<\/p>","protected":false},"excerpt":{"rendered":"<p>Liik: Kange alkohol, Vermut<br \/>\nKastis: 12<br \/>\nMaht: 100CL<br \/>\nAlkoholisisaldus: 15%<br \/>\nP\u00e4ritolumaa: Itaalia<\/p>","protected":false},"featured_media":937,"template":"","meta":{"_acf_changed":false,"_kadence_starter_templates_imported_post":false,"_kad_post_transparent":"","_kad_post_title":"","_kad_post_layout":"","_kad_post_sidebar_id":"","_kad_post_content_style":"","_kad_post_vertical_padding":"","_kad_post_feature":"","_kad_post_feature_position":"","_kad_post_header":false,"_kad_post_footer":false},"product_brand":[],"product_cat":[96],"product_tag":[],"class_list":{"0":"post-938","1":"product","2":"type-product","3":"status-publish","4":"has-post-thumbnail","6":"product_cat-vermut","8":"first","9":"instock","10":"taxable","11":"shipping-taxable","12":"purchasable","13":"product-type-simple","14":"entry","15":"content-bg","16":"loop-entry"},"acf":[],"_links":{"self":[{"href":"https:\/\/mydrink.ee\/fi\/wp-json\/wp\/v2\/product\/938","targetHints":{"allow":["GET"]}}],"collection":[{"href":"https:\/\/mydrink.ee\/fi\/wp-json\/wp\/v2\/product"}],"about":[{"href":"https:\/\/mydrink.ee\/fi\/wp-json\/wp\/v2\/types\/product"}],"wp:featuredmedia":[{"embeddable":true,"href":"https:\/\/mydrink.ee\/fi\/wp-json\/wp\/v2\/media\/937"}],"wp:attachment":[{"href":"https:\/\/mydrink.ee\/fi\/wp-json\/wp\/v2\/media?parent=938"}],"wp:term":[{"taxonomy":"product_brand","embeddable":true,"href":"https:\/\/mydrink.ee\/fi\/wp-json\/wp\/v2\/product_brand?post=938"},{"taxonomy":"product_cat","embeddable":true,"href":"https:\/\/mydrink.ee\/fi\/wp-json\/wp\/v2\/product_cat?post=938"},{"taxonomy":"product_tag","embeddable":true,"href":"https:\/\/mydrink.ee\/fi\/wp-json\/wp\/v2\/product_tag?post=938"}],"curies":[{"name":"wp","href":"https:\/\/api.w.org\/{rel}","templated":true}]}}