{"id":9444,"date":"2026-02-11T13:57:27","date_gmt":"2026-02-11T11:57:27","guid":{"rendered":"https:\/\/mydrink.ee\/?post_type=product&#038;p=9444"},"modified":"2026-02-12T10:03:36","modified_gmt":"2026-02-12T08:03:36","slug":"punch-club-passionfruit-mojito-125-vol-150cl-bib","status":"publish","type":"product","link":"https:\/\/mydrink.ee\/fi\/product\/punch-club-passionfruit-mojito-125-vol-150cl-bib\/","title":{"rendered":"Punch Club Passionfruit Mojito 12,5% vol 150cl BIB"},"content":{"rendered":"<style>.wp-block-kadence-advancedheading.kt-adv-heading9444_40290a-f5_0, .wp-block-kadence-advancedheading.kt-adv-heading9444_40290a-f5_0[data-kb-block=\"kb-adv-heading9444_40290a-f5_0\"]{font-style:normal;}.wp-block-kadence-advancedheading.kt-adv-heading9444_40290a-f5_0 mark.kt-highlight, .wp-block-kadence-advancedheading.kt-adv-heading9444_40290a-f5_0[data-kb-block=\"kb-adv-heading9444_40290a-f5_0\"] mark.kt-highlight{font-style:normal;color:#f76a0c;-webkit-box-decoration-break:clone;box-decoration-break:clone;padding-top:0px;padding-right:0px;padding-bottom:0px;padding-left:0px;}<\/style>\n<p class=\"kt-adv-heading9444_40290a-f5_0 wp-block-kadence-advancedheading\" data-kb-block=\"kb-adv-heading9444_40290a-f5_0\">A refreshing tropical twist on the classic rum cocktail, with a burst of passionfruit flavor. For the best experience, just add a splash of water, some ice, and your favorite garnish.<\/p>\n\n\n<style>.wp-block-kadence-advancedheading.kt-adv-heading9444_40290a-f5_2, .wp-block-kadence-advancedheading.kt-adv-heading9444_40290a-f5_2[data-kb-block=\"kb-adv-heading9444_40290a-f5_2\"]{font-style:normal;}.wp-block-kadence-advancedheading.kt-adv-heading9444_40290a-f5_2 mark.kt-highlight, .wp-block-kadence-advancedheading.kt-adv-heading9444_40290a-f5_2[data-kb-block=\"kb-adv-heading9444_40290a-f5_2\"] mark.kt-highlight{font-style:normal;color:#f76a0c;-webkit-box-decoration-break:clone;box-decoration-break:clone;padding-top:0px;padding-right:0px;padding-bottom:0px;padding-left:0px;}<\/style>\n<p class=\"kt-adv-heading9444_40290a-f5_2 wp-block-kadence-advancedheading\" data-kb-block=\"kb-adv-heading9444_40290a-f5_2\">Packaged in a sustainable 1.5L bag-in-box, it&#8217;s perfect for parties and gatherings where great cocktails and convenience go hand in hand.<\/p>\n\n\n<style>.wp-block-kadence-advancedheading.kt-adv-heading9444_40290a-f5_4, .wp-block-kadence-advancedheading.kt-adv-heading9444_40290a-f5_4[data-kb-block=\"kb-adv-heading9444_40290a-f5_4\"]{font-style:normal;}.wp-block-kadence-advancedheading.kt-adv-heading9444_40290a-f5_4 mark.kt-highlight, .wp-block-kadence-advancedheading.kt-adv-heading9444_40290a-f5_4[data-kb-block=\"kb-adv-heading9444_40290a-f5_4\"] mark.kt-highlight{font-style:normal;color:#f76a0c;-webkit-box-decoration-break:clone;box-decoration-break:clone;padding-top:0px;padding-right:0px;padding-bottom:0px;padding-left:0px;}<\/style>\n<p class=\"kt-adv-heading9444_40290a-f5_4 wp-block-kadence-advancedheading\" data-kb-block=\"kb-adv-heading9444_40290a-f5_4\">Product type: Other spirituous beverage. Ingredients: Water, Punch Club\u00ae blended rum, Passion fruit juice concentrate, Sugar, Citric Acid, Natural aroma and flavourings, carbon dioxide, Potassium Sorbate.<\/p>\n\n\n<style>.wp-block-kadence-advancedheading.kt-adv-heading9444_0c8e73-5c, .wp-block-kadence-advancedheading.kt-adv-heading9444_0c8e73-5c[data-kb-block=\"kb-adv-heading9444_0c8e73-5c\"]{font-style:normal;}.wp-block-kadence-advancedheading.kt-adv-heading9444_0c8e73-5c mark.kt-highlight, .wp-block-kadence-advancedheading.kt-adv-heading9444_0c8e73-5c[data-kb-block=\"kb-adv-heading9444_0c8e73-5c\"] mark.kt-highlight{font-style:normal;color:#f76a0c;-webkit-box-decoration-break:clone;box-decoration-break:clone;padding-top:0px;padding-right:0px;padding-bottom:0px;padding-left:0px;}<\/style>\n<p class=\"kt-adv-heading9444_0c8e73-5c wp-block-kadence-advancedheading\" data-kb-block=\"kb-adv-heading9444_0c8e73-5c\"><\/p>","protected":false},"excerpt":{"rendered":"<p>Liik: Kokteil <br \/>Kastis: 12 <br \/>Maht: 150cl <br \/>P\u00e4ritolumaa: Eesti <br \/>Alkoholisisaldus: 12,5% <br \/>Koostisosad: <span class=\"HwtZe\" lang=\"et\"><span class=\"jCAhz ChMk0b\"><span class=\"ryNqvb\">Punch Club\u00ae segatud rumm, passionivilja mahl, suhkur, sidrunhape, looduslikud l\u00f5hna- ja maitseained.<\/span><\/span><\/span><br \/>Maitse: V\u00e4rske troopiline l\u00e4henemine klassikalisele rummikokteilile, s\u00e4rtsaka passionivilja maitsega. <br \/>Serveerimine: Jahutatult, j\u00e4\u00e4ga<\/p>","protected":false},"featured_media":9457,"template":"","meta":{"_acf_changed":false,"_kadence_starter_templates_imported_post":false,"_kad_post_transparent":"","_kad_post_title":"","_kad_post_layout":"","_kad_post_sidebar_id":"","_kad_post_content_style":"","_kad_post_vertical_padding":"","_kad_post_feature":"","_kad_post_feature_position":"","_kad_post_header":false,"_kad_post_footer":false},"product_brand":[],"product_cat":[154,256,257,110,90,25,91,87],"product_tag":[],"class_list":{"0":"post-9444","1":"product","2":"type-product","3":"status-publish","4":"has-post-thumbnail","6":"product_cat-kokteil","7":"product_cat-lahja-alkohol","8":"product_cat-pakkumised-muu","9":"product_cat-pakkumised","10":"product_cat-long-drink","11":"product_cat-olu-siider-long-drink","12":"product_cat-ohooo","13":"product_cat-frontpage","15":"first","16":"instock","17":"sale","18":"taxable","19":"shipping-taxable","20":"purchasable","21":"product-type-simple","22":"entry","23":"content-bg","24":"loop-entry"},"acf":[],"_links":{"self":[{"href":"https:\/\/mydrink.ee\/fi\/wp-json\/wp\/v2\/product\/9444","targetHints":{"allow":["GET"]}}],"collection":[{"href":"https:\/\/mydrink.ee\/fi\/wp-json\/wp\/v2\/product"}],"about":[{"href":"https:\/\/mydrink.ee\/fi\/wp-json\/wp\/v2\/types\/product"}],"wp:featuredmedia":[{"embeddable":true,"href":"https:\/\/mydrink.ee\/fi\/wp-json\/wp\/v2\/media\/9457"}],"wp:attachment":[{"href":"https:\/\/mydrink.ee\/fi\/wp-json\/wp\/v2\/media?parent=9444"}],"wp:term":[{"taxonomy":"product_brand","embeddable":true,"href":"https:\/\/mydrink.ee\/fi\/wp-json\/wp\/v2\/product_brand?post=9444"},{"taxonomy":"product_cat","embeddable":true,"href":"https:\/\/mydrink.ee\/fi\/wp-json\/wp\/v2\/product_cat?post=9444"},{"taxonomy":"product_tag","embeddable":true,"href":"https:\/\/mydrink.ee\/fi\/wp-json\/wp\/v2\/product_tag?post=9444"}],"curies":[{"name":"wp","href":"https:\/\/api.w.org\/{rel}","templated":true}]}}