{"id":9470,"date":"2026-02-17T17:23:45","date_gmt":"2026-02-17T15:23:45","guid":{"rendered":"https:\/\/mydrink.ee\/?post_type=product&#038;p=9470"},"modified":"2026-04-14T13:52:01","modified_gmt":"2026-04-14T10:52:01","slug":"hartwall-original-strong-75-vol-44cl-x-24","status":"publish","type":"product","link":"https:\/\/mydrink.ee\/fi\/product\/hartwall-original-strong-75-vol-44cl-x-24\/","title":{"rendered":"Hartwall Original Strong 7,5% vol 44cl x 24"},"content":{"rendered":"<p>Kirjeldus<br \/>Hartwall Original Long Drink loodi spetsiaalselt 1952. aastal toimunud Helsingi Ol\u00fcmpiam\u00e4ngudeks. See algup\u00e4rane jook on segu ehtsast d\u017einnist ja kihisevast toonikust, mille koostis on j\u00e4\u00e4nud praktiliselt muutumatuks esimesest p\u00e4evast peale. T\u00e4nu t\u00f5elisele d\u017einnile millest toode valmistatud maksame k\u00fcll kallimat kange alkoholi aktsiisi, kuid see eest ei maksa me l\u00f5ivu kvaliteedi arvelt.<\/p>\n\n<style>.wp-block-kadence-advancedheading.kt-adv-heading9470_892103-ae, .wp-block-kadence-advancedheading.kt-adv-heading9470_892103-ae[data-kb-block=\"kb-adv-heading9470_892103-ae\"]{font-style:normal;}.wp-block-kadence-advancedheading.kt-adv-heading9470_892103-ae mark.kt-highlight, .wp-block-kadence-advancedheading.kt-adv-heading9470_892103-ae[data-kb-block=\"kb-adv-heading9470_892103-ae\"] mark.kt-highlight{font-style:normal;color:#f76a0c;-webkit-box-decoration-break:clone;box-decoration-break:clone;padding-top:0px;padding-right:0px;padding-bottom:0px;padding-left:0px;}<\/style>\n<p class=\"kt-adv-heading9470_892103-ae wp-block-kadence-advancedheading\" data-kb-block=\"kb-adv-heading9470_892103-ae\"><\/p>\n\n\n<style>.wp-block-kadence-advancedheading.kt-adv-heading9470_519d48-f3, .wp-block-kadence-advancedheading.kt-adv-heading9470_519d48-f3[data-kb-block=\"kb-adv-heading9470_519d48-f3\"]{font-style:normal;}.wp-block-kadence-advancedheading.kt-adv-heading9470_519d48-f3 mark.kt-highlight, .wp-block-kadence-advancedheading.kt-adv-heading9470_519d48-f3[data-kb-block=\"kb-adv-heading9470_519d48-f3\"] mark.kt-highlight{font-style:normal;color:#f76a0c;-webkit-box-decoration-break:clone;box-decoration-break:clone;padding-top:0px;padding-right:0px;padding-bottom:0px;padding-left:0px;}<\/style>\n<p class=\"kt-adv-heading9470_519d48-f3 wp-block-kadence-advancedheading\" data-kb-block=\"kb-adv-heading9470_519d48-f3\"><\/p>","protected":false},"excerpt":{"rendered":"<p>Liik: Longdrink <br \/>Kastis: 24 <br \/>Maht: 10,56L <br \/>Alkoholisisaldus: 7,5% vol <br \/>P\u00e4ritolumaa: Soome<\/p>","protected":false},"featured_media":9471,"template":"","meta":{"_acf_changed":false,"_kadence_starter_templates_imported_post":false,"_kad_post_transparent":"","_kad_post_title":"","_kad_post_layout":"","_kad_post_sidebar_id":"","_kad_post_content_style":"","_kad_post_vertical_padding":"","_kad_post_feature":"","_kad_post_feature_position":"","_kad_post_header":false,"_kad_post_footer":false},"product_brand":[],"product_cat":[90,256,232,110,25,91,87],"product_tag":[280],"class_list":{"0":"post-9470","1":"product","2":"type-product","3":"status-publish","4":"has-post-thumbnail","6":"product_cat-long-drink","7":"product_cat-lahja-alkohol","8":"product_cat-pandipakend","9":"product_cat-pakkumised","10":"product_cat-olu-siider-long-drink","11":"product_cat-ohooo","12":"product_cat-frontpage","13":"product_tag-htwld","15":"first","16":"instock","17":"sale","18":"taxable","19":"shipping-taxable","20":"purchasable","21":"product-type-simple","22":"entry","23":"content-bg","24":"loop-entry"},"acf":[],"_links":{"self":[{"href":"https:\/\/mydrink.ee\/fi\/wp-json\/wp\/v2\/product\/9470","targetHints":{"allow":["GET"]}}],"collection":[{"href":"https:\/\/mydrink.ee\/fi\/wp-json\/wp\/v2\/product"}],"about":[{"href":"https:\/\/mydrink.ee\/fi\/wp-json\/wp\/v2\/types\/product"}],"wp:featuredmedia":[{"embeddable":true,"href":"https:\/\/mydrink.ee\/fi\/wp-json\/wp\/v2\/media\/9471"}],"wp:attachment":[{"href":"https:\/\/mydrink.ee\/fi\/wp-json\/wp\/v2\/media?parent=9470"}],"wp:term":[{"taxonomy":"product_brand","embeddable":true,"href":"https:\/\/mydrink.ee\/fi\/wp-json\/wp\/v2\/product_brand?post=9470"},{"taxonomy":"product_cat","embeddable":true,"href":"https:\/\/mydrink.ee\/fi\/wp-json\/wp\/v2\/product_cat?post=9470"},{"taxonomy":"product_tag","embeddable":true,"href":"https:\/\/mydrink.ee\/fi\/wp-json\/wp\/v2\/product_tag?post=9470"}],"curies":[{"name":"wp","href":"https:\/\/api.w.org\/{rel}","templated":true}]}}