{"id":964,"date":"2012-07-13T10:49:16","date_gmt":"2012-07-13T07:49:16","guid":{"rendered":"https:\/\/mydrink.ee\/product\/the-famous-grouse-40-vol-100cl-pet\/"},"modified":"2026-01-08T19:59:08","modified_gmt":"2026-01-08T17:59:08","slug":"the-famous-grouse-40-vol-100cl-pet","status":"publish","type":"product","link":"https:\/\/mydrink.ee\/fi\/product\/the-famous-grouse-40-vol-100cl-pet\/","title":{"rendered":"The Famous Grouse 40% vol 100CL PET"},"content":{"rendered":"<p>PALAVALT ARMASTATUD<br \/>\nT\u00e4naseks on Matthew Gloag &#038; Son Limited \u00fcks tuntumaid, juhtivamaid kompaniisid \u0161oti viski turul. \u00dcks m\u00e4rkimisv\u00e4\u00e4rseid t\u00f5siasju on ka see, et 1984. aastal saadi luba Briti kuningakoja varustamiseks, mis t\u00e4hendab, et sellest ajast on The Famous Grouse \u0161otlastele \u201cNumber One\u201d. Famous Grouse on enimm\u00fc\u00fcdud viski \u0160otimaal ja Scandinaavias.<\/p>\n<p>Mis teeb The Famouse Grouse\u00b4ist hea viski?<br \/>\nEdu seisneb toote kvaliteedis. Toote loomisel on kasutatud ainult parimaid \u0161oti linnaseviskisid. The Famous Grouse on segatud sellisest linnaseviskidest nagu n\u00e4iteks Highland Park, Glen Rothes, Tamdhu, Bunnahabhain ja Macallan. Kogemused on n\u00e4idanud, et parima kvaliteediga viskid on hoolsa ja pikaajalise t\u00f6\u00f6 tulemus. Valiku tegemisele j\u00e4rgneb ainulaadne protsess, kus k\u00fcpsed viskid on j\u00e4etud kokku segunema, tuues igast v\u00e4lja parima ja luues v\u00f5rratu konistentsi, samuti ka l\u00f5pliku harmoonia ja eristatava maheduse \u2013 see ongi The Famous Grouse.<\/p>\n<p>THE FAMOUS GROUSE AJALUGU<br \/>\nThe Famous Grouse\u00b4i ajalugu ulatub kuus p\u00f5lvkonda tagasi aastasse 1800, mil Matthew Gloag rajas eduka v\u00fcrtspoe ja viski\u00e4ri Perth\u00b4i linnas. Perth paikneb Tay j\u00f5e kallastel \u0160otimaa idaosas. Matthew t\u00f5estas peagi, et ta on koolitatud kaupmees, kellel on hea nina veinide ja kangete alkohoolsete jookide peale. P\u00e4rast Matthew Gloagi l\u00e4ks \u00e4ri tema poja Williami k\u00e4tesse, keda assisteeris tema entusiastlik vennapoeg Matthew. 1896. aastal tutvustas ta oma uut toodet, seguviskit nimega \u201cThe Grouse Brand\u201d, ja tema t\u00fctar Phillippa visandas toote etiketile \u0160oti rahvuslinnu tedre, mis on saanud populaarseks kaubam\u00e4rgiks. Toode muutus nii populaarseks, et sellele anti uus nimi \u201cThe Famous Grouse\u201d ja koos sellega kasvas Matthew\u00b4\u00e4ri edu. Varases reklaami-kampaanias kasutati meeldej\u00e4\u00e4vaid ridu \u201cMellow as a night of love&#8230; one Grouse and you want no other\u201d (\u201cMahe nagu \u00f6ine armastus&#8230; \u00fcks Grouse ja muud sa ei tahagi\u201d).<\/p>","protected":false},"excerpt":{"rendered":"<p>Liik: Viski<br \/>T&uuml;&uuml;p: Segu<br \/>Kastis: 12<br \/>Maht: 100CL PET<br \/>Alkoholisisaldus: 40% vol<br \/>P&auml;ritolumaa: Suurbritannia<br \/>V&auml;rv: merevaigukollane<br \/>Aroom: Suits, v&uuml;rts, aprikoos<br \/>Maitse: Mahe, suits, p&auml;hkel, aprikoos<br \/>Serveeri: 6-8C<\/p>","protected":false},"featured_media":963,"template":"","meta":{"_acf_changed":false,"_kadence_starter_templates_imported_post":false,"_kad_post_transparent":"","_kad_post_title":"","_kad_post_layout":"","_kad_post_sidebar_id":"","_kad_post_content_style":"","_kad_post_vertical_padding":"","_kad_post_feature":"","_kad_post_feature_position":"","_kad_post_header":false,"_kad_post_footer":false},"product_brand":[],"product_cat":[45,26],"product_tag":[],"class_list":{"0":"post-964","1":"product","2":"type-product","3":"status-publish","4":"has-post-thumbnail","6":"product_cat-viski","7":"product_cat-kange-alkohol","9":"first","10":"instock","11":"taxable","12":"shipping-taxable","13":"purchasable","14":"product-type-simple","15":"entry","16":"content-bg","17":"loop-entry"},"acf":[],"_links":{"self":[{"href":"https:\/\/mydrink.ee\/fi\/wp-json\/wp\/v2\/product\/964","targetHints":{"allow":["GET"]}}],"collection":[{"href":"https:\/\/mydrink.ee\/fi\/wp-json\/wp\/v2\/product"}],"about":[{"href":"https:\/\/mydrink.ee\/fi\/wp-json\/wp\/v2\/types\/product"}],"wp:featuredmedia":[{"embeddable":true,"href":"https:\/\/mydrink.ee\/fi\/wp-json\/wp\/v2\/media\/963"}],"wp:attachment":[{"href":"https:\/\/mydrink.ee\/fi\/wp-json\/wp\/v2\/media?parent=964"}],"wp:term":[{"taxonomy":"product_brand","embeddable":true,"href":"https:\/\/mydrink.ee\/fi\/wp-json\/wp\/v2\/product_brand?post=964"},{"taxonomy":"product_cat","embeddable":true,"href":"https:\/\/mydrink.ee\/fi\/wp-json\/wp\/v2\/product_cat?post=964"},{"taxonomy":"product_tag","embeddable":true,"href":"https:\/\/mydrink.ee\/fi\/wp-json\/wp\/v2\/product_tag?post=964"}],"curies":[{"name":"wp","href":"https:\/\/api.w.org\/{rel}","templated":true}]}}