{"id":97,"date":"2012-07-13T10:47:47","date_gmt":"2012-07-13T07:47:47","guid":{"rendered":"https:\/\/mydrink.ee\/product\/calvados-coquerel-fine-40-70cl\/"},"modified":"2025-11-27T14:12:24","modified_gmt":"2025-11-27T12:12:24","slug":"calvados-coquerel-fine-40-70cl","status":"publish","type":"product","link":"https:\/\/mydrink.ee\/fi\/product\/calvados-coquerel-fine-40-70cl\/","title":{"rendered":"CALVADOS COQUEREL VS 40% vol 70CL"},"content":{"rendered":"<p>V\u00e4rvus: kuldne, merevaigu helgiga<br \/>\nMaitse:  noor, puuviljane \u2013 \u00f5un ja pirn, kuiva l\u00f5puga<br \/>\nServeerimine: aperatiivina \u2013 apelsini mahla v\u00f5i toonikuga, kokteilides, ehedalt<\/p>\n<p>Coquerel Fine on v\u00e4hemalt 2 aastat Limousin\u2019 tamme-vaadis laagerdunud kalvados. Oma nooruse t\u00f5ttu on Fine kalvadosis tugevalt s\u00e4ilinud \u00f5una maitse. <\/p>\n<p>Coquerel\u2019i kalvadosi m\u00f5is asub Milly\u2019s Domfront\u2019i l\u00e4hedal. See on piirkond kus traditsiooniliselt valmistatakse kalvadosi valdavalt pirnist, seevastu Coquerel on keskendunud \u00f5unale. Coquerel\u2019i ajalugu algab aastast 1937 kui Ren\u00e9 Gilbert asutas Coquerel\u2019i kalvadosi m\u00f5isa. Coquerel\u2019i tootmist on viiel korral autasustatud Grand Prix d\u2019Honneur\u2019ga, mis on Prantsusmaa presindendi auhind parimatele kalvadosi tootjatele.<br \/>\nCoquerel on suuruselt kolmas kalvadosi tootja Prantsusmaal. \u00dcle poole Coquerel\u2019i toodangust eksporditakse. Suurimad eksportturud on Hispaania, Saksamaa, Belgia, Jaapan, USA jt.<br \/>\nCalvados Coquerel on Eestis enimm\u00fc\u00fcdav kalvados, mille sortimenti kuulub lisaks Fine\u2019le veel V.S.O.P, X.O ja Pomme D\u2019Eve kvaliteedis tooted.<\/p>","protected":false},"excerpt":{"rendered":"<p>Liik: Kalvados<br \/>\nKastis: 6<br \/>\nMaht: 70CL<br \/>\nAlkoholisisaldus: 40% vol<br \/>\nP\u00e4ritolumaa: Prantsusmaa<\/p>","protected":false},"featured_media":8596,"template":"","meta":{"_acf_changed":false,"_kadence_starter_templates_imported_post":false,"_kad_post_transparent":"","_kad_post_title":"","_kad_post_layout":"","_kad_post_sidebar_id":"","_kad_post_content_style":"","_kad_post_vertical_padding":"","_kad_post_feature":"","_kad_post_feature_position":"","_kad_post_header":false,"_kad_post_footer":false},"product_brand":[],"product_cat":[41,26],"product_tag":[],"class_list":{"0":"post-97","1":"product","2":"type-product","3":"status-publish","4":"has-post-thumbnail","6":"product_cat-kalvados","7":"product_cat-kange-alkohol","9":"first","10":"instock","11":"taxable","12":"shipping-taxable","13":"purchasable","14":"product-type-simple","15":"entry","16":"content-bg","17":"loop-entry"},"acf":[],"_links":{"self":[{"href":"https:\/\/mydrink.ee\/fi\/wp-json\/wp\/v2\/product\/97","targetHints":{"allow":["GET"]}}],"collection":[{"href":"https:\/\/mydrink.ee\/fi\/wp-json\/wp\/v2\/product"}],"about":[{"href":"https:\/\/mydrink.ee\/fi\/wp-json\/wp\/v2\/types\/product"}],"wp:featuredmedia":[{"embeddable":true,"href":"https:\/\/mydrink.ee\/fi\/wp-json\/wp\/v2\/media\/8596"}],"wp:attachment":[{"href":"https:\/\/mydrink.ee\/fi\/wp-json\/wp\/v2\/media?parent=97"}],"wp:term":[{"taxonomy":"product_brand","embeddable":true,"href":"https:\/\/mydrink.ee\/fi\/wp-json\/wp\/v2\/product_brand?post=97"},{"taxonomy":"product_cat","embeddable":true,"href":"https:\/\/mydrink.ee\/fi\/wp-json\/wp\/v2\/product_cat?post=97"},{"taxonomy":"product_tag","embeddable":true,"href":"https:\/\/mydrink.ee\/fi\/wp-json\/wp\/v2\/product_tag?post=97"}],"curies":[{"name":"wp","href":"https:\/\/api.w.org\/{rel}","templated":true}]}}