{"id":9834,"date":"2026-04-09T15:47:25","date_gmt":"2026-04-09T12:47:25","guid":{"rendered":"https:\/\/mydrink.ee\/?post_type=product&#038;p=9834"},"modified":"2026-04-09T16:49:49","modified_gmt":"2026-04-09T13:49:49","slug":"ballet-carte-noire-brut-organic-115-vol-75cl-x-6","status":"publish","type":"product","link":"https:\/\/mydrink.ee\/fi\/product\/ballet-carte-noire-brut-organic-115-vol-75cl-x-6\/","title":{"rendered":"Ballet Carte Noire Brut Organic 11,5% vol 75cl x 6"},"content":{"rendered":"<style>.wp-block-kadence-advancedheading.kt-adv-heading9834_1ac284-ff, .wp-block-kadence-advancedheading.kt-adv-heading9834_1ac284-ff[data-kb-block=\"kb-adv-heading9834_1ac284-ff\"]{font-style:normal;}.wp-block-kadence-advancedheading.kt-adv-heading9834_1ac284-ff mark.kt-highlight, .wp-block-kadence-advancedheading.kt-adv-heading9834_1ac284-ff[data-kb-block=\"kb-adv-heading9834_1ac284-ff\"] mark.kt-highlight{font-style:normal;color:#f76a0c;-webkit-box-decoration-break:clone;box-decoration-break:clone;padding-top:0px;padding-right:0px;padding-bottom:0px;padding-left:0px;}<\/style>\n<p class=\"kt-adv-heading9834_1ac284-ff wp-block-kadence-advancedheading\" data-kb-block=\"kb-adv-heading9834_1ac284-ff\"><\/p>\n\n\n<style>.wp-block-kadence-advancedheading.kt-adv-heading9834_bcf7a6-5f, .wp-block-kadence-advancedheading.kt-adv-heading9834_bcf7a6-5f[data-kb-block=\"kb-adv-heading9834_bcf7a6-5f\"]{font-style:normal;}.wp-block-kadence-advancedheading.kt-adv-heading9834_bcf7a6-5f mark.kt-highlight, .wp-block-kadence-advancedheading.kt-adv-heading9834_bcf7a6-5f[data-kb-block=\"kb-adv-heading9834_bcf7a6-5f\"] mark.kt-highlight{font-style:normal;color:#f76a0c;-webkit-box-decoration-break:clone;box-decoration-break:clone;padding-top:0px;padding-right:0px;padding-bottom:0px;padding-left:0px;}<\/style>\n<p class=\"kt-adv-heading9834_bcf7a6-5f wp-block-kadence-advancedheading\" data-kb-block=\"kb-adv-heading9834_bcf7a6-5f\"><\/p>\n\n\n<style>.wp-block-kadence-advancedheading.kt-adv-heading9834_8abd52-29, .wp-block-kadence-advancedheading.kt-adv-heading9834_8abd52-29[data-kb-block=\"kb-adv-heading9834_8abd52-29\"]{font-style:normal;}.wp-block-kadence-advancedheading.kt-adv-heading9834_8abd52-29 mark.kt-highlight, .wp-block-kadence-advancedheading.kt-adv-heading9834_8abd52-29[data-kb-block=\"kb-adv-heading9834_8abd52-29\"] mark.kt-highlight{font-style:normal;color:#f76a0c;-webkit-box-decoration-break:clone;box-decoration-break:clone;padding-top:0px;padding-right:0px;padding-bottom:0px;padding-left:0px;}<\/style>\n<p class=\"kt-adv-heading9834_8abd52-29 wp-block-kadence-advancedheading\" data-kb-block=\"kb-adv-heading9834_8abd52-29\"><\/p>","protected":false},"excerpt":{"rendered":"<p>Liik: Orgaaniline vahuvein<br \/>Kastis: 6 <br \/>Maht: 4,5 L <br \/>Alkoholisisaldus: 11,5% vol<br \/>P\u00e4ritolumaa: Prantsusmaa<br \/>Viinamarjasort: <a class=\"flex flex-row items-center w-fit h-full justify-center text-nowrap gap-2 font-semibold text-base text-primary-dark rounded-none border border-transparent underline underline-offset-1 hover:text-primary-red active:text-secondary-brown p-0 leading-5 border-none focus:outline-offset-4\" href=\"https:\/\/www.alko.fi\/fi\/tuotteet\/kuohuviinit-ja-samppanjat?grapeId=grape_airen\"><span class=\"flex break-all leading-none\">Air\u00e9n<\/span><\/a> <br \/>V\u00e4rv: Helekollane<br \/>Maitse: V<span class=\"HwtZe\" lang=\"et\"><span class=\"jCAhz ChMk0b\"><span class=\"ryNqvb\">\u00e4ga kuiv, keskmise happesusega, k\u00fcps tsitrus, kollane \u00f5un, kergelt karusmarjane, kergelt v\u00fcrtsikas.<\/span><\/span><\/span><br \/>Serveerimine: 7-8 C<\/p>\n<p>\u00d6KO\u00a0FR-BIO-01<\/p>","protected":false},"featured_media":9835,"template":"","meta":{"_acf_changed":false,"_kadence_starter_templates_imported_post":false,"_kad_post_transparent":"","_kad_post_title":"","_kad_post_layout":"","_kad_post_sidebar_id":"","_kad_post_content_style":"","_kad_post_vertical_padding":"","_kad_post_feature":"","_kad_post_feature_position":"","_kad_post_header":false,"_kad_post_footer":false},"product_brand":[],"product_cat":[123,256,110,24,86,80,87],"product_tag":[],"class_list":{"0":"post-9834","1":"product","2":"type-product","3":"status-publish","4":"has-post-thumbnail","6":"product_cat-vahuveinid-1","7":"product_cat-lahja-alkohol","8":"product_cat-pakkumised","9":"product_cat-vahuveinid","10":"product_cat-soodus-1-vahuveinid","11":"product_cat-prantsuse-1-2","12":"product_cat-frontpage","14":"first","15":"instock","16":"sale","17":"taxable","18":"shipping-taxable","19":"purchasable","20":"product-type-simple","21":"entry","22":"content-bg","23":"loop-entry"},"acf":[],"_links":{"self":[{"href":"https:\/\/mydrink.ee\/fi\/wp-json\/wp\/v2\/product\/9834","targetHints":{"allow":["GET"]}}],"collection":[{"href":"https:\/\/mydrink.ee\/fi\/wp-json\/wp\/v2\/product"}],"about":[{"href":"https:\/\/mydrink.ee\/fi\/wp-json\/wp\/v2\/types\/product"}],"wp:featuredmedia":[{"embeddable":true,"href":"https:\/\/mydrink.ee\/fi\/wp-json\/wp\/v2\/media\/9835"}],"wp:attachment":[{"href":"https:\/\/mydrink.ee\/fi\/wp-json\/wp\/v2\/media?parent=9834"}],"wp:term":[{"taxonomy":"product_brand","embeddable":true,"href":"https:\/\/mydrink.ee\/fi\/wp-json\/wp\/v2\/product_brand?post=9834"},{"taxonomy":"product_cat","embeddable":true,"href":"https:\/\/mydrink.ee\/fi\/wp-json\/wp\/v2\/product_cat?post=9834"},{"taxonomy":"product_tag","embeddable":true,"href":"https:\/\/mydrink.ee\/fi\/wp-json\/wp\/v2\/product_tag?post=9834"}],"curies":[{"name":"wp","href":"https:\/\/api.w.org\/{rel}","templated":true}]}}