{"id":9846,"date":"2026-04-13T22:27:18","date_gmt":"2026-04-13T19:27:18","guid":{"rendered":"https:\/\/mydrink.ee\/?post_type=product&#038;p=9846"},"modified":"2026-04-14T11:02:01","modified_gmt":"2026-04-14T08:02:01","slug":"maxime-trijol-borderies-vintage-1976-40-vol-box-70cl","status":"publish","type":"product","link":"https:\/\/mydrink.ee\/fi\/product\/maxime-trijol-borderies-vintage-1976-40-vol-box-70cl\/","title":{"rendered":"Maxime Trijol Borderies Vintage 1976 40% vol BOX 70CL"},"content":{"rendered":"<p>TASTING COMMENTS<br \/>\nMaxime Trijol Borderies 1976 is a rich vintage and bears witness to the beautiful complexity of the Cognac terroir through its subtle notes: violet, notes of &#8220;fresh hazelnut&#8221; or even roasted hazelnut are melted with the notes of wood.<\/p>","protected":false},"excerpt":{"rendered":"<p>Liik: Kange alkohol, Konjak<br \/>\nKastis: 12<br \/>\nMaht: 70CL<br \/>\nAlkoholisisaldus: 40% vol<br \/>\nP\u00e4ritolumaa: Prantsusmaa<br \/>\nV\u00e4rvus: Vana kuld, \u00f5rna vaskja helgiga.<br \/>\nAroom: Parf\u00fc\u00fcmne, florraalne elegants, peen, kihiline, mitte agressiivne. Violet, kergelt r\u00f6stitud sarapuup\u00e4hkel, \u00f5rn tamm, kerge rancio\u2019t.<br \/>\nMaitse: Elegantne siidine tekstuur, pehme ja \u00fcmar algus. Maitses korduvad p\u00e4hkel, violet\/iiris, pehme tamm, hiljem kerge v\u00fcrtsikus. Pikk j\u00e4relmaitse, domineerib p\u00e4hkline kuivus. L\u00f5pp veidi kuivem ja veidi rafineeritum.<\/p>","protected":false},"featured_media":9847,"template":"","meta":{"_acf_changed":false,"_kadence_starter_templates_imported_post":false,"_kad_post_transparent":"","_kad_post_title":"","_kad_post_layout":"","_kad_post_sidebar_id":"","_kad_post_content_style":"","_kad_post_vertical_padding":"","_kad_post_feature":"","_kad_post_feature_position":"","_kad_post_header":false,"_kad_post_footer":false},"product_brand":[],"product_cat":[42,112,26,22],"product_tag":[],"class_list":{"0":"post-9846","1":"product","2":"type-product","3":"status-publish","4":"has-post-thumbnail","6":"product_cat-konjak","7":"product_cat-konjak-1","8":"product_cat-kange-alkohol","9":"product_cat-kingiideed","11":"first","12":"instock","13":"taxable","14":"shipping-taxable","15":"purchasable","16":"product-type-simple","17":"entry","18":"content-bg","19":"loop-entry"},"acf":[],"_links":{"self":[{"href":"https:\/\/mydrink.ee\/fi\/wp-json\/wp\/v2\/product\/9846","targetHints":{"allow":["GET"]}}],"collection":[{"href":"https:\/\/mydrink.ee\/fi\/wp-json\/wp\/v2\/product"}],"about":[{"href":"https:\/\/mydrink.ee\/fi\/wp-json\/wp\/v2\/types\/product"}],"wp:featuredmedia":[{"embeddable":true,"href":"https:\/\/mydrink.ee\/fi\/wp-json\/wp\/v2\/media\/9847"}],"wp:attachment":[{"href":"https:\/\/mydrink.ee\/fi\/wp-json\/wp\/v2\/media?parent=9846"}],"wp:term":[{"taxonomy":"product_brand","embeddable":true,"href":"https:\/\/mydrink.ee\/fi\/wp-json\/wp\/v2\/product_brand?post=9846"},{"taxonomy":"product_cat","embeddable":true,"href":"https:\/\/mydrink.ee\/fi\/wp-json\/wp\/v2\/product_cat?post=9846"},{"taxonomy":"product_tag","embeddable":true,"href":"https:\/\/mydrink.ee\/fi\/wp-json\/wp\/v2\/product_tag?post=9846"}],"curies":[{"name":"wp","href":"https:\/\/api.w.org\/{rel}","templated":true}]}}