{"id":9918,"date":"2026-04-28T11:18:50","date_gmt":"2026-04-28T08:18:50","guid":{"rendered":"https:\/\/mydrink.ee\/?post_type=product&#038;p=9918"},"modified":"2026-04-28T11:42:36","modified_gmt":"2026-04-28T08:42:36","slug":"tanker-johvikmaitseline-siider-54-vol-50cl-x-24","status":"publish","type":"product","link":"https:\/\/mydrink.ee\/fi\/product\/tanker-johvikmaitseline-siider-54-vol-50cl-x-24\/","title":{"rendered":"Tanker J\u00f5hvikmaitseline Siider 5,4% vol 50cl x 24"},"content":{"rendered":"<style>.wp-block-kadence-advancedheading.kt-adv-heading9918_e89b16-9c, .wp-block-kadence-advancedheading.kt-adv-heading9918_e89b16-9c[data-kb-block=\"kb-adv-heading9918_e89b16-9c\"]{font-style:normal;}.wp-block-kadence-advancedheading.kt-adv-heading9918_e89b16-9c mark.kt-highlight, .wp-block-kadence-advancedheading.kt-adv-heading9918_e89b16-9c[data-kb-block=\"kb-adv-heading9918_e89b16-9c\"] mark.kt-highlight{font-style:normal;color:#f76a0c;-webkit-box-decoration-break:clone;box-decoration-break:clone;padding-top:0px;padding-right:0px;padding-bottom:0px;padding-left:0px;}.wp-block-kadence-advancedheading.kt-adv-heading9918_e89b16-9c img.kb-inline-image, .wp-block-kadence-advancedheading.kt-adv-heading9918_e89b16-9c[data-kb-block=\"kb-adv-heading9918_e89b16-9c\"] img.kb-inline-image{width:150px;vertical-align:baseline;}<\/style>\n<p class=\"kt-adv-heading9918_e89b16-9c wp-block-kadence-advancedheading\" data-kb-block=\"kb-adv-heading9918_e89b16-9c\"><\/p>\n\n\n<style>.wp-block-kadence-advancedheading.kt-adv-heading9918_b58c6c-dd, .wp-block-kadence-advancedheading.kt-adv-heading9918_b58c6c-dd[data-kb-block=\"kb-adv-heading9918_b58c6c-dd\"]{font-style:normal;}.wp-block-kadence-advancedheading.kt-adv-heading9918_b58c6c-dd mark.kt-highlight, .wp-block-kadence-advancedheading.kt-adv-heading9918_b58c6c-dd[data-kb-block=\"kb-adv-heading9918_b58c6c-dd\"] mark.kt-highlight{font-style:normal;color:#f76a0c;-webkit-box-decoration-break:clone;box-decoration-break:clone;padding-top:0px;padding-right:0px;padding-bottom:0px;padding-left:0px;}.wp-block-kadence-advancedheading.kt-adv-heading9918_b58c6c-dd img.kb-inline-image, .wp-block-kadence-advancedheading.kt-adv-heading9918_b58c6c-dd[data-kb-block=\"kb-adv-heading9918_b58c6c-dd\"] img.kb-inline-image{width:150px;vertical-align:baseline;}<\/style>\n<p class=\"kt-adv-heading9918_b58c6c-dd wp-block-kadence-advancedheading\" data-kb-block=\"kb-adv-heading9918_b58c6c-dd\"><\/p>\n\n\n<style>.wp-block-kadence-advancedheading.kt-adv-heading9918_799191-32, .wp-block-kadence-advancedheading.kt-adv-heading9918_799191-32[data-kb-block=\"kb-adv-heading9918_799191-32\"]{font-style:normal;}.wp-block-kadence-advancedheading.kt-adv-heading9918_799191-32 mark.kt-highlight, .wp-block-kadence-advancedheading.kt-adv-heading9918_799191-32[data-kb-block=\"kb-adv-heading9918_799191-32\"] mark.kt-highlight{font-style:normal;color:#f76a0c;-webkit-box-decoration-break:clone;box-decoration-break:clone;padding-top:0px;padding-right:0px;padding-bottom:0px;padding-left:0px;}.wp-block-kadence-advancedheading.kt-adv-heading9918_799191-32 img.kb-inline-image, .wp-block-kadence-advancedheading.kt-adv-heading9918_799191-32[data-kb-block=\"kb-adv-heading9918_799191-32\"] img.kb-inline-image{width:150px;vertical-align:baseline;}<\/style>\n<p class=\"kt-adv-heading9918_799191-32 wp-block-kadence-advancedheading\" data-kb-block=\"kb-adv-heading9918_799191-32\"><\/p>\n\n\n<style>.wp-block-kadence-advancedheading.kt-adv-heading9918_edadb1-d0, .wp-block-kadence-advancedheading.kt-adv-heading9918_edadb1-d0[data-kb-block=\"kb-adv-heading9918_edadb1-d0\"]{font-style:normal;}.wp-block-kadence-advancedheading.kt-adv-heading9918_edadb1-d0 mark.kt-highlight, .wp-block-kadence-advancedheading.kt-adv-heading9918_edadb1-d0[data-kb-block=\"kb-adv-heading9918_edadb1-d0\"] mark.kt-highlight{font-style:normal;color:#f76a0c;-webkit-box-decoration-break:clone;box-decoration-break:clone;padding-top:0px;padding-right:0px;padding-bottom:0px;padding-left:0px;}.wp-block-kadence-advancedheading.kt-adv-heading9918_edadb1-d0 img.kb-inline-image, .wp-block-kadence-advancedheading.kt-adv-heading9918_edadb1-d0[data-kb-block=\"kb-adv-heading9918_edadb1-d0\"] img.kb-inline-image{width:150px;vertical-align:baseline;}<\/style>\n<p class=\"kt-adv-heading9918_edadb1-d0 wp-block-kadence-advancedheading\" data-kb-block=\"kb-adv-heading9918_edadb1-d0\"><\/p>\n","protected":false},"excerpt":{"rendered":"<p>Liik: Siider <br \/>Kastis: 24 <br \/>Maht: 12L <br \/>Alkoholisisaldus: 5,4% vol <br \/>P\u00e4ritolumaa: Leedu <br \/>Tootja: Tanker Brewery <br \/>T\u00fc\u00fcp: Poolkuiv \u00f5unasiider <br \/>Aroom: P\u00f5imuvad marjased ja kergelt hapukad noodid, mis \u00e4ratavad meeled juba esimesel s\u00f5\u00f5mul.<br \/>Maitse: \u00d5rn magusus ja v\u00e4rske j\u00f5hvikahape loovad tasakaalustatud ja elava koosluse. Kerge mull ja puhas l\u00f5pp teevad sellest meeldivalt janukustutava joogi.<br \/>V\u00e4rv: Punane<br \/>Maitse:Serveerimine: 6-7C\u00a0<\/p>","protected":false},"featured_media":9919,"template":"","meta":{"_acf_changed":false,"_kad_post_transparent":"","_kad_post_title":"","_kad_post_layout":"","_kad_post_sidebar_id":"","_kad_post_content_style":"","_kad_post_vertical_padding":"","_kad_post_feature":"","_kad_post_feature_position":"","_kad_post_header":false,"_kad_post_footer":false},"product_brand":[],"product_cat":[89,256,25,232],"product_tag":[],"class_list":{"0":"post-9918","1":"product","2":"type-product","3":"status-publish","4":"has-post-thumbnail","6":"product_cat-siider","7":"product_cat-lahja-alkohol","8":"product_cat-olu-siider-long-drink","9":"product_cat-pandipakend","11":"first","12":"instock","13":"sale","14":"taxable","15":"shipping-taxable","16":"purchasable","17":"product-type-simple","18":"entry","19":"content-bg","20":"loop-entry"},"acf":[],"_links":{"self":[{"href":"https:\/\/mydrink.ee\/fi\/wp-json\/wp\/v2\/product\/9918","targetHints":{"allow":["GET"]}}],"collection":[{"href":"https:\/\/mydrink.ee\/fi\/wp-json\/wp\/v2\/product"}],"about":[{"href":"https:\/\/mydrink.ee\/fi\/wp-json\/wp\/v2\/types\/product"}],"wp:featuredmedia":[{"embeddable":true,"href":"https:\/\/mydrink.ee\/fi\/wp-json\/wp\/v2\/media\/9919"}],"wp:attachment":[{"href":"https:\/\/mydrink.ee\/fi\/wp-json\/wp\/v2\/media?parent=9918"}],"wp:term":[{"taxonomy":"product_brand","embeddable":true,"href":"https:\/\/mydrink.ee\/fi\/wp-json\/wp\/v2\/product_brand?post=9918"},{"taxonomy":"product_cat","embeddable":true,"href":"https:\/\/mydrink.ee\/fi\/wp-json\/wp\/v2\/product_cat?post=9918"},{"taxonomy":"product_tag","embeddable":true,"href":"https:\/\/mydrink.ee\/fi\/wp-json\/wp\/v2\/product_tag?post=9918"}],"curies":[{"name":"wp","href":"https:\/\/api.w.org\/{rel}","templated":true}]}}