{"id":9932,"date":"2026-05-05T10:27:00","date_gmt":"2026-05-05T07:27:00","guid":{"rendered":"https:\/\/mydrink.ee\/?post_type=product&#038;p=9932"},"modified":"2026-05-05T11:12:47","modified_gmt":"2026-05-05T08:12:47","slug":"why-not-spritz-8-vol-75cl-x-6","status":"publish","type":"product","link":"https:\/\/mydrink.ee\/fi\/product\/why-not-spritz-8-vol-75cl-x-6\/","title":{"rendered":"Why Not Spritz 8% vol 75cl x 6"},"content":{"rendered":"<style>.wp-block-kadence-advancedheading.kt-adv-heading9932_1ab8b0-e2_0, .wp-block-kadence-advancedheading.kt-adv-heading9932_1ab8b0-e2_0[data-kb-block=\"kb-adv-heading9932_1ab8b0-e2_0\"]{font-style:normal;}.wp-block-kadence-advancedheading.kt-adv-heading9932_1ab8b0-e2_0 mark.kt-highlight, .wp-block-kadence-advancedheading.kt-adv-heading9932_1ab8b0-e2_0[data-kb-block=\"kb-adv-heading9932_1ab8b0-e2_0\"] mark.kt-highlight{font-style:normal;color:#f76a0c;-webkit-box-decoration-break:clone;box-decoration-break:clone;padding-top:0px;padding-right:0px;padding-bottom:0px;padding-left:0px;}.wp-block-kadence-advancedheading.kt-adv-heading9932_1ab8b0-e2_0 img.kb-inline-image, .wp-block-kadence-advancedheading.kt-adv-heading9932_1ab8b0-e2_0[data-kb-block=\"kb-adv-heading9932_1ab8b0-e2_0\"] img.kb-inline-image{width:150px;vertical-align:baseline;}<\/style>\n<p class=\"kt-adv-heading9932_1ab8b0-e2_0 wp-block-kadence-advancedheading\" data-kb-block=\"kb-adv-heading9932_1ab8b0-e2_0\">KIRJELDUS\nInspiratsiooni saanud kuulsast aperitiivist, mida venetslased armastavad ja mis t\u00e4na on saadaval parimates Itaalia baarides. T\u00e4iuslik segu baasveinist, suhkrust, viinamarjavirdest ja looduslikest aroomidest. Traditsiooniline Veneetsia retsept on vallutanud kogu Euroopa.<\/p>\n\n\n<style>.wp-block-kadence-advancedheading.kt-adv-heading9932_1ab8b0-e2_1, .wp-block-kadence-advancedheading.kt-adv-heading9932_1ab8b0-e2_1[data-kb-block=\"kb-adv-heading9932_1ab8b0-e2_1\"]{font-style:normal;}.wp-block-kadence-advancedheading.kt-adv-heading9932_1ab8b0-e2_1 mark.kt-highlight, .wp-block-kadence-advancedheading.kt-adv-heading9932_1ab8b0-e2_1[data-kb-block=\"kb-adv-heading9932_1ab8b0-e2_1\"] mark.kt-highlight{font-style:normal;color:#f76a0c;-webkit-box-decoration-break:clone;box-decoration-break:clone;padding-top:0px;padding-right:0px;padding-bottom:0px;padding-left:0px;}.wp-block-kadence-advancedheading.kt-adv-heading9932_1ab8b0-e2_1 img.kb-inline-image, .wp-block-kadence-advancedheading.kt-adv-heading9932_1ab8b0-e2_1[data-kb-block=\"kb-adv-heading9932_1ab8b0-e2_1\"] img.kb-inline-image{width:150px;vertical-align:baseline;}<\/style>\n<p class=\"kt-adv-heading9932_1ab8b0-e2_1 wp-block-kadence-advancedheading\" data-kb-block=\"kb-adv-heading9932_1ab8b0-e2_1\">Magus \u2013 80\/85 g\/l<\/p>\n","protected":false},"excerpt":{"rendered":"<p>Liik: Kokteil<br \/>Kastis: 6 <br \/>Maht: 4,5 L <br \/>Alkoholisisaldus: 8% vol<br \/>P\u00e4ritolumaa: Itaalia<br \/>V\u00e4rv: Punakas-oran\u017e<br \/>Aroom: Meeldiv tsitrusel\u00f5hn, eriti apelsin, \u00fcrdise varjundiga ning troopiliste puuviljade noodid.<br \/>Maitse: Tasakaalustatud segu, mis sobib igale maitsele \u2013 magusa apelsini pehmus on harmoonilises koosk\u00f5las tsitruse m\u00f5rkjuse ja aromaatsete \u00fcrtidega.<br \/>Sobivus: Elav igap\u00e4evane kaaslane, mitte ainult aperitiiviks, vaid ka kodusteks koosviibimisteks. Naudi \u00f5htus\u00f6\u00f6gi eel v\u00f5i lihtsalt heas seltskonnas.<br \/>Serveerimine: 5-6 C<\/p>","protected":false},"featured_media":9936,"template":"","meta":{"_acf_changed":false,"_kad_post_transparent":"","_kad_post_title":"","_kad_post_layout":"","_kad_post_sidebar_id":"","_kad_post_content_style":"","_kad_post_vertical_padding":"","_kad_post_feature":"","_kad_post_feature_position":"","_kad_post_header":false,"_kad_post_footer":false},"product_brand":[],"product_cat":[154,256,257,110,91,87,25],"product_tag":[],"class_list":{"0":"post-9932","1":"product","2":"type-product","3":"status-publish","4":"has-post-thumbnail","6":"product_cat-kokteil","7":"product_cat-lahja-alkohol","8":"product_cat-pakkumised-muu","9":"product_cat-pakkumised","10":"product_cat-ohooo","11":"product_cat-frontpage","12":"product_cat-olu-siider-long-drink","14":"first","15":"instock","16":"sale","17":"taxable","18":"shipping-taxable","19":"purchasable","20":"product-type-simple","21":"entry","22":"content-bg","23":"loop-entry"},"acf":[],"_links":{"self":[{"href":"https:\/\/mydrink.ee\/fi\/wp-json\/wp\/v2\/product\/9932","targetHints":{"allow":["GET"]}}],"collection":[{"href":"https:\/\/mydrink.ee\/fi\/wp-json\/wp\/v2\/product"}],"about":[{"href":"https:\/\/mydrink.ee\/fi\/wp-json\/wp\/v2\/types\/product"}],"wp:featuredmedia":[{"embeddable":true,"href":"https:\/\/mydrink.ee\/fi\/wp-json\/wp\/v2\/media\/9936"}],"wp:attachment":[{"href":"https:\/\/mydrink.ee\/fi\/wp-json\/wp\/v2\/media?parent=9932"}],"wp:term":[{"taxonomy":"product_brand","embeddable":true,"href":"https:\/\/mydrink.ee\/fi\/wp-json\/wp\/v2\/product_brand?post=9932"},{"taxonomy":"product_cat","embeddable":true,"href":"https:\/\/mydrink.ee\/fi\/wp-json\/wp\/v2\/product_cat?post=9932"},{"taxonomy":"product_tag","embeddable":true,"href":"https:\/\/mydrink.ee\/fi\/wp-json\/wp\/v2\/product_tag?post=9932"}],"curies":[{"name":"wp","href":"https:\/\/api.w.org\/{rel}","templated":true}]}}